{"id":1078,"date":"2019-04-24T13:46:10","date_gmt":"2019-04-24T13:46:10","guid":{"rendered":"https:\/\/benoit-barbagli.com\/friends\/"},"modified":"2024-02-03T09:44:04","modified_gmt":"2024-02-03T09:44:04","slug":"friends","status":"publish","type":"page","link":"https:\/\/benoit-barbagli.com\/en\/friends\/","title":{"rendered":"Friends"},"content":{"rendered":"<p>[et_pb_section fb_built=&#8221;1&#8243; _builder_version=&#8221;4.16&#8243; global_colors_info=&#8221;{}&#8221;][et_pb_row column_structure=&#8221;1_3,1_3,1_3&#8243; _builder_version=&#8221;4.16&#8243; background_size=&#8221;initial&#8221; background_position=&#8221;top_left&#8221; background_repeat=&#8221;repeat&#8221; global_colors_info=&#8221;{}&#8221;][et_pb_column type=&#8221;1_3&#8243; _builder_version=&#8221;4.16&#8243; custom_padding=&#8221;|||&#8221; global_colors_info=&#8221;{}&#8221; custom_padding__hover=&#8221;|||&#8221;][\/et_pb_column][et_pb_column type=&#8221;1_3&#8243; _builder_version=&#8221;4.16&#8243; custom_padding=&#8221;|||&#8221; global_colors_info=&#8221;{}&#8221; custom_padding__hover=&#8221;|||&#8221;][et_pb_text _builder_version=&#8221;4.22.2&#8243; background_size=&#8221;initial&#8221; background_position=&#8221;top_left&#8221; background_repeat=&#8221;repeat&#8221; hover_enabled=&#8221;0&#8243; global_colors_info=&#8221;{}&#8221; sticky_enabled=&#8221;0&#8243;]<\/p>\n<p>The <em>canon<\/em> of Kantian pure <em>reason<\/em> tells us that we can know ourselves only as determined, but we can think of ourselves as free.<\/p>\n<p>To create is to work on being a voice that starts from oneself, sculpts and projects oneself.<\/p>\n<p>It&#8217;s also, and perhaps even more so, knowing that we&#8217;re built like an echo. An echo of nature, of life, of society, but above all an echo of our friends. These are the friends I recognize myself as echoing.&#8221;<\/p>\n<p><span><\/span><\/p>\n<p style=\"text-align: center;\"><span><\/span><\/p>\n<p style=\"text-align: center;\">My artist friends:<\/p>\n<p style=\"text-align: center;\"><a href=\"http:\/\/toesie.fr\/\">Tristan Blumel<\/a><\/p>\n<p style=\"text-align: center;\"><a href=\"https:\/\/www.instagram.com\/aimeefleury\/\">Aimee Fleury<\/a><\/p>\n<p style=\"text-align: center;\"><a href=\"https:\/\/www.mona-barbagli.com\/\">Mona Barbagli<\/a><\/p>\n<p style=\"text-align: center;\"><a href=\"http:\/\/lauratinard.com\/\">Laura Tinard<\/a><\/p>\n<p style=\"text-align: center;\"><span class=\"s1\"><a href=\"https:\/\/www.camillefranchguerra.com\/\">Camille Franch Guerra<\/a><\/span><\/p>\n<p class=\"p1\" style=\"text-align: center;\"><span class=\"s1\"><a href=\"https:\/\/www.instagram.com\/evan.bourgeau.ok\/\">Evan Bourgeau <\/a><\/span><\/p>\n<p class=\"p1\" style=\"text-align: center;\"><a href=\"http:\/\/florent-testa.com\/\"><span class=\"s1\">Florent Testa<\/span><\/a><\/p>\n<p style=\"text-align: center;\"><a href=\"https:\/\/eva-vautier.com\/art\/tom-barbagli\/\">Tom Barbagli<\/a><\/p>\n<p style=\"text-align: center;\"><a href=\"http:\/\/www.mathildefernandez.com\/\" target=\"_blank\" rel=\"noreferrer noopener\">Mathilde Fernandez<\/a><\/p>\n<p style=\"text-align: center;\"><a href=\"http:\/\/www.davidperreard.fr\/Index.html\" target=\"_blank\" rel=\"noreferrer noopener\">David Perr\u00e9ard<\/a><\/p>\n<p style=\"text-align: center;\"><a href=\"http:\/\/www.documentsdartistes.org\/cesar\">Baptist Cesar<\/a><\/p>\n<p style=\"text-align: center;\"><a href=\"https:\/\/www.maximeduveau.com\/\">Maxime Duveau<\/a><\/p>\n<p style=\"text-align: center;\"><a href=\"https:\/\/cargocollective.com\/magalihalter\">Magalie Halter<\/a><\/p>\n<p style=\"text-align: center;\"><a href=\"http:\/\/simonnicolas.fr\/\" target=\"_blank\" rel=\"noreferrer noopener\">Simon Nicholas<\/a><\/p>\n<p style=\"text-align: center;\"><a href=\"http:\/\/www.mathieualary.com\/\" target=\"_blank\" rel=\"noreferrer noopener\">Mathieu Alary<\/a><\/p>\n<p style=\"text-align: center;\"><a href=\"https:\/\/rafaelalopez.net\/\">Rafaela Lopez<\/a><\/p>\n<p style=\"text-align: center;\"><a href=\"http:\/\/cargocollective.com\/mariellechabal\" target=\"_blank\" rel=\"noreferrer noopener\">Marielle Chabal<\/a><\/p>\n<p style=\"text-align: center;\"><a href=\"http:\/\/cargocollective.com\/guepardesimpuissantes\" target=\"_blank\" rel=\"noreferrer noopener\">Alice Guitard<\/a><\/p>\n<p style=\"text-align: center;\"><a href=\"http:\/\/juliebuffardmoret.com\/\" target=\"_blank\" rel=\"noreferrer noopener\">Julie Buffard-Moret<\/a><\/p>\n<p style=\"text-align: center;\"><a href=\"http:\/\/iommysanchez.tumblr.com\/\" target=\"_blank\" rel=\"noreferrer noopener\">Iommy Sanchez<\/a><\/p>\n<p style=\"text-align: center;\"><a href=\"http:\/\/www.remiamiot.com\/\" target=\"_blank\" rel=\"noreferrer noopener\">Remi Amiot<\/a><\/p>\n<p style=\"text-align: center;\"><a href=\"http:\/\/www.gillianbrett.fr\/\" target=\"_blank\" rel=\"noreferrer noopener\">Gillian Brett<\/a><\/p>\n<p style=\"text-align: center;\"><a href=\"http:\/\/julietteliautaud.com\/\" target=\"_blank\" rel=\"noreferrer noopener\">Juliette Liautaud<\/a><\/p>\n<p style=\"text-align: center;\"><a href=\"http:\/\/cargocollective.com\/nephelibarbas\/\" target=\"_blank\" rel=\"noreferrer noopener\">Nepheli Barbas<\/a><\/p>\n<p style=\"text-align: center;\"><a href=\"http:\/\/www.mirial.fr\/\" target=\"_blank\" rel=\"noreferrer noopener\">Anthony Mirial<\/a><\/p>\n<p style=\"text-align: center;\"><a href=\"http:\/\/www.felixbourgeau.fr\/\" target=\"_blank\" rel=\"noreferrer noopener\">Felix Bourgeau<\/a><\/p>\n<p style=\"text-align: center;\"><a href=\"http:\/\/remivoche.com\/\" target=\"_blank\" rel=\"noreferrer noopener\">Remi Voche<\/a><\/p>\n<p style=\"text-align: center;\"><a href=\"http:\/\/www.g-r-a-m-m-e.fr\/\" target=\"_blank\" rel=\"noreferrer noopener\">GRAM<\/a><\/p>\n<p style=\"text-align: center;\"><a href=\"http:\/\/www.maiaizzo.com\/\" target=\"_blank\" rel=\"noreferrer noopener\">Maia Izzo<\/a><\/p>\n<p style=\"text-align: center;\"><a href=\"http:\/\/chloesassi.tumblr.com\/\" target=\"_blank\" rel=\"noreferrer noopener\">Chloe Sassi<\/a><\/p>\n<p style=\"text-align: center;\"><a href=\"http:\/\/www.annelaure-wuillai.com\/\">Anne-laure-wuillai<\/a><\/p>\n<p style=\"text-align: center;\"><a href=\"http:\/\/www.aureliencornutgentille.com\/\" target=\"_blank\" rel=\"noreferrer noopener\">Aurelien Cornutgentille<\/a><\/p>\n<p style=\"text-align: center;\"><a href=\"https:\/\/eva-vautier.com\/art\/omar-rodriguez-sanmartin\/\">Omar Rodriguez Sanmartin<\/a><\/p>\n<p style=\"text-align: center;\"><a href=\"http:\/\/www.rebeccafrancois.org\/\">Rebecca Francois<\/a><\/p>\n<p style=\"text-align: center;\">[\/et_pb_text][\/et_pb_column][et_pb_column type=&#8221;1_3&#8243; _builder_version=&#8221;4.16&#8243; custom_padding=&#8221;|||&#8221; global_colors_info=&#8221;{}&#8221; custom_padding__hover=&#8221;|||&#8221;][\/et_pb_column][\/et_pb_row][\/et_pb_section]<\/p>\n","protected":false},"excerpt":{"rendered":"<p>The canon of Kantian pure reason tells us that we can know ourselves only as determined, but we can think of ourselves as free. To create is to work on being a voice that starts from oneself, sculpts and projects oneself. It&#8217;s also, and perhaps even more so, knowing that we&#8217;re built like an echo. [&hellip;]<\/p>\n","protected":false},"author":1,"featured_media":75230,"parent":91191,"menu_order":0,"comment_status":"closed","ping_status":"closed","template":"","meta":{"_et_pb_use_builder":"on","_et_pb_old_content":"","_et_gb_content_width":"","footnotes":""},"class_list":["post-1078","page","type-page","status-publish","has-post-thumbnail","hentry"],"yoast_head":"<!-- This site is optimized with the Yoast SEO plugin v27.4 - https:\/\/yoast.com\/product\/yoast-seo-wordpress\/ -->\n<title>Friends - benoit-barbagli.com<\/title>\n<meta name=\"description\" content=\"Benoit Barbagli vit et travaille \u00e0 ParisIng\u00e9nieur en technologie conceptuelle, \u00e9labore un r\u00e9seau de transmission de pens\u00e9es \u00e0 distance sans interface interm\u00e9diaire. Une technologie qui agit comme un lubrifiant sur les mots et les choses, entre les gestes et les \u00e9motions, pour les assouplir et les connecter. Il utilise pour y parvenir l\u2019amour et la vie.\" \/>\n<meta name=\"robots\" content=\"index, follow, max-snippet:-1, max-image-preview:large, max-video-preview:-1\" \/>\n<link rel=\"canonical\" href=\"https:\/\/benoit-barbagli.com\/en\/friends\/\" \/>\n<meta property=\"og:locale\" content=\"en_US\" \/>\n<meta property=\"og:type\" content=\"article\" \/>\n<meta property=\"og:title\" content=\"Friends - benoit-barbagli.com\" \/>\n<meta property=\"og:description\" content=\"Benoit Barbagli vit et travaille \u00e0 ParisIng\u00e9nieur en technologie conceptuelle, \u00e9labore un r\u00e9seau de transmission de pens\u00e9es \u00e0 distance sans interface interm\u00e9diaire. Une technologie qui agit comme un lubrifiant sur les mots et les choses, entre les gestes et les \u00e9motions, pour les assouplir et les connecter. Il utilise pour y parvenir l\u2019amour et la vie.\" \/>\n<meta property=\"og:url\" content=\"https:\/\/benoit-barbagli.com\/en\/friends\/\" \/>\n<meta property=\"og:site_name\" content=\"benoit-barbagli.com\" \/>\n<meta property=\"article:modified_time\" content=\"2024-02-03T09:44:04+00:00\" \/>\n<meta property=\"og:image\" content=\"https:\/\/benoit-barbagli.com\/wp-content\/uploads\/https:\/\/www.torinoggi.it\/2022\/04\/09\/leggi-notizia\/argomenti\/eventi-11\/articolo\/palazzo-saluzzo-paesana-riapre-dopo-due-anni-con-la-personale-nouvelle-vague-di-benoit-barbagli.html\" \/>\n\t<meta property=\"og:image:width\" content=\"1\" \/>\n\t<meta property=\"og:image:height\" content=\"1\" \/>\n\t<meta property=\"og:image:type\" content=\"image\/jpeg\" \/>\n<meta name=\"twitter:card\" content=\"summary_large_image\" \/>\n<meta name=\"twitter:label1\" content=\"Est. reading time\" \/>\n\t<meta name=\"twitter:data1\" content=\"1 minute\" \/>\n<script type=\"application\/ld+json\" class=\"yoast-schema-graph\">{\"@context\":\"https:\\\/\\\/schema.org\",\"@graph\":[{\"@type\":\"WebPage\",\"@id\":\"https:\\\/\\\/benoit-barbagli.com\\\/en\\\/friends\\\/\",\"url\":\"https:\\\/\\\/benoit-barbagli.com\\\/en\\\/friends\\\/\",\"name\":\"Friends - benoit-barbagli.com\",\"isPartOf\":{\"@id\":\"https:\\\/\\\/benoit-barbagli.com\\\/en\\\/#website\"},\"primaryImageOfPage\":{\"@id\":\"https:\\\/\\\/benoit-barbagli.com\\\/en\\\/friends\\\/#primaryimage\"},\"image\":{\"@id\":\"https:\\\/\\\/benoit-barbagli.com\\\/en\\\/friends\\\/#primaryimage\"},\"thumbnailUrl\":\"https:\\\/\\\/benoit-barbagli.com\\\/wp-content\\\/uploads\\\/https:\\\/\\\/www.torinoggi.it\\\/2022\\\/04\\\/09\\\/leggi-notizia\\\/argomenti\\\/eventi-11\\\/articolo\\\/palazzo-saluzzo-paesana-riapre-dopo-due-anni-con-la-personale-nouvelle-vague-di-benoit-barbagli.html\",\"datePublished\":\"2019-04-24T13:46:10+00:00\",\"dateModified\":\"2024-02-03T09:44:04+00:00\",\"description\":\"Benoit Barbagli vit et travaille \u00e0 ParisIng\u00e9nieur en technologie conceptuelle, \u00e9labore un r\u00e9seau de transmission de pens\u00e9es \u00e0 distance sans interface interm\u00e9diaire. Une technologie qui agit comme un lubrifiant sur les mots et les choses, entre les gestes et les \u00e9motions, pour les assouplir et les connecter. Il utilise pour y parvenir l\u2019amour et la vie.\",\"breadcrumb\":{\"@id\":\"https:\\\/\\\/benoit-barbagli.com\\\/en\\\/friends\\\/#breadcrumb\"},\"inLanguage\":\"en-US\",\"potentialAction\":[{\"@type\":\"ReadAction\",\"target\":[\"https:\\\/\\\/benoit-barbagli.com\\\/en\\\/friends\\\/\"]}]},{\"@type\":\"ImageObject\",\"inLanguage\":\"en-US\",\"@id\":\"https:\\\/\\\/benoit-barbagli.com\\\/en\\\/friends\\\/#primaryimage\",\"url\":\"https:\\\/\\\/benoit-barbagli.com\\\/wp-content\\\/uploads\\\/https:\\\/\\\/www.torinoggi.it\\\/2022\\\/04\\\/09\\\/leggi-notizia\\\/argomenti\\\/eventi-11\\\/articolo\\\/palazzo-saluzzo-paesana-riapre-dopo-due-anni-con-la-personale-nouvelle-vague-di-benoit-barbagli.html\",\"contentUrl\":\"https:\\\/\\\/benoit-barbagli.com\\\/wp-content\\\/uploads\\\/https:\\\/\\\/www.torinoggi.it\\\/2022\\\/04\\\/09\\\/leggi-notizia\\\/argomenti\\\/eventi-11\\\/articolo\\\/palazzo-saluzzo-paesana-riapre-dopo-due-anni-con-la-personale-nouvelle-vague-di-benoit-barbagli.html\"},{\"@type\":\"BreadcrumbList\",\"@id\":\"https:\\\/\\\/benoit-barbagli.com\\\/en\\\/friends\\\/#breadcrumb\",\"itemListElement\":[{\"@type\":\"ListItem\",\"position\":1,\"name\":\"Accueil\",\"item\":\"https:\\\/\\\/benoit-barbagli.com\\\/en\\\/\"},{\"@type\":\"ListItem\",\"position\":2,\"name\":\"Home\",\"item\":\"https:\\\/\\\/benoit-barbagli.com\\\/en\\\/\"},{\"@type\":\"ListItem\",\"position\":3,\"name\":\"Friends\"}]},{\"@type\":\"WebSite\",\"@id\":\"https:\\\/\\\/benoit-barbagli.com\\\/en\\\/#website\",\"url\":\"https:\\\/\\\/benoit-barbagli.com\\\/en\\\/\",\"name\":\"benoit-barbagli.com\",\"description\":\"Sous le chaos, la vie\",\"publisher\":{\"@id\":\"https:\\\/\\\/benoit-barbagli.com\\\/en\\\/#\\\/schema\\\/person\\\/78c8df9be07e5f4f79d983f84aafeefd\"},\"potentialAction\":[{\"@type\":\"SearchAction\",\"target\":{\"@type\":\"EntryPoint\",\"urlTemplate\":\"https:\\\/\\\/benoit-barbagli.com\\\/en\\\/?s={search_term_string}\"},\"query-input\":{\"@type\":\"PropertyValueSpecification\",\"valueRequired\":true,\"valueName\":\"search_term_string\"}}],\"inLanguage\":\"en-US\"},{\"@type\":[\"Person\",\"Organization\"],\"@id\":\"https:\\\/\\\/benoit-barbagli.com\\\/en\\\/#\\\/schema\\\/person\\\/78c8df9be07e5f4f79d983f84aafeefd\",\"name\":\"benoitbarbagli\",\"image\":{\"@type\":\"ImageObject\",\"inLanguage\":\"en-US\",\"@id\":\"https:\\\/\\\/benoit-barbagli.com\\\/wp-content\\\/uploads\\\/2025\\\/04\\\/Sisyphe-V-V3-final-scaled.jpg\",\"url\":\"https:\\\/\\\/benoit-barbagli.com\\\/wp-content\\\/uploads\\\/2025\\\/04\\\/Sisyphe-V-V3-final-scaled.jpg\",\"contentUrl\":\"https:\\\/\\\/benoit-barbagli.com\\\/wp-content\\\/uploads\\\/2025\\\/04\\\/Sisyphe-V-V3-final-scaled.jpg\",\"width\":1713,\"height\":2560,\"caption\":\"benoitbarbagli\"},\"logo\":{\"@id\":\"https:\\\/\\\/benoit-barbagli.com\\\/wp-content\\\/uploads\\\/2025\\\/04\\\/Sisyphe-V-V3-final-scaled.jpg\"}}]}<\/script>\n<!-- \/ Yoast SEO plugin. -->","yoast_head_json":{"title":"Friends - benoit-barbagli.com","description":"Benoit Barbagli vit et travaille \u00e0 ParisIng\u00e9nieur en technologie conceptuelle, \u00e9labore un r\u00e9seau de transmission de pens\u00e9es \u00e0 distance sans interface interm\u00e9diaire. Une technologie qui agit comme un lubrifiant sur les mots et les choses, entre les gestes et les \u00e9motions, pour les assouplir et les connecter. Il utilise pour y parvenir l\u2019amour et la vie.","robots":{"index":"index","follow":"follow","max-snippet":"max-snippet:-1","max-image-preview":"max-image-preview:large","max-video-preview":"max-video-preview:-1"},"canonical":"https:\/\/benoit-barbagli.com\/en\/friends\/","og_locale":"en_US","og_type":"article","og_title":"Friends - benoit-barbagli.com","og_description":"Benoit Barbagli vit et travaille \u00e0 ParisIng\u00e9nieur en technologie conceptuelle, \u00e9labore un r\u00e9seau de transmission de pens\u00e9es \u00e0 distance sans interface interm\u00e9diaire. Une technologie qui agit comme un lubrifiant sur les mots et les choses, entre les gestes et les \u00e9motions, pour les assouplir et les connecter. Il utilise pour y parvenir l\u2019amour et la vie.","og_url":"https:\/\/benoit-barbagli.com\/en\/friends\/","og_site_name":"benoit-barbagli.com","article_modified_time":"2024-02-03T09:44:04+00:00","og_image":[{"url":"https:\/\/benoit-barbagli.com\/wp-content\/uploads\/https:\/\/www.torinoggi.it\/2022\/04\/09\/leggi-notizia\/argomenti\/eventi-11\/articolo\/palazzo-saluzzo-paesana-riapre-dopo-due-anni-con-la-personale-nouvelle-vague-di-benoit-barbagli.html","width":1,"height":1,"type":"image\/jpeg"}],"twitter_card":"summary_large_image","twitter_misc":{"Est. reading time":"1 minute"},"schema":{"@context":"https:\/\/schema.org","@graph":[{"@type":"WebPage","@id":"https:\/\/benoit-barbagli.com\/en\/friends\/","url":"https:\/\/benoit-barbagli.com\/en\/friends\/","name":"Friends - benoit-barbagli.com","isPartOf":{"@id":"https:\/\/benoit-barbagli.com\/en\/#website"},"primaryImageOfPage":{"@id":"https:\/\/benoit-barbagli.com\/en\/friends\/#primaryimage"},"image":{"@id":"https:\/\/benoit-barbagli.com\/en\/friends\/#primaryimage"},"thumbnailUrl":"https:\/\/benoit-barbagli.com\/wp-content\/uploads\/https:\/\/www.torinoggi.it\/2022\/04\/09\/leggi-notizia\/argomenti\/eventi-11\/articolo\/palazzo-saluzzo-paesana-riapre-dopo-due-anni-con-la-personale-nouvelle-vague-di-benoit-barbagli.html","datePublished":"2019-04-24T13:46:10+00:00","dateModified":"2024-02-03T09:44:04+00:00","description":"Benoit Barbagli vit et travaille \u00e0 ParisIng\u00e9nieur en technologie conceptuelle, \u00e9labore un r\u00e9seau de transmission de pens\u00e9es \u00e0 distance sans interface interm\u00e9diaire. Une technologie qui agit comme un lubrifiant sur les mots et les choses, entre les gestes et les \u00e9motions, pour les assouplir et les connecter. Il utilise pour y parvenir l\u2019amour et la vie.","breadcrumb":{"@id":"https:\/\/benoit-barbagli.com\/en\/friends\/#breadcrumb"},"inLanguage":"en-US","potentialAction":[{"@type":"ReadAction","target":["https:\/\/benoit-barbagli.com\/en\/friends\/"]}]},{"@type":"ImageObject","inLanguage":"en-US","@id":"https:\/\/benoit-barbagli.com\/en\/friends\/#primaryimage","url":"https:\/\/benoit-barbagli.com\/wp-content\/uploads\/https:\/\/www.torinoggi.it\/2022\/04\/09\/leggi-notizia\/argomenti\/eventi-11\/articolo\/palazzo-saluzzo-paesana-riapre-dopo-due-anni-con-la-personale-nouvelle-vague-di-benoit-barbagli.html","contentUrl":"https:\/\/benoit-barbagli.com\/wp-content\/uploads\/https:\/\/www.torinoggi.it\/2022\/04\/09\/leggi-notizia\/argomenti\/eventi-11\/articolo\/palazzo-saluzzo-paesana-riapre-dopo-due-anni-con-la-personale-nouvelle-vague-di-benoit-barbagli.html"},{"@type":"BreadcrumbList","@id":"https:\/\/benoit-barbagli.com\/en\/friends\/#breadcrumb","itemListElement":[{"@type":"ListItem","position":1,"name":"Accueil","item":"https:\/\/benoit-barbagli.com\/en\/"},{"@type":"ListItem","position":2,"name":"Home","item":"https:\/\/benoit-barbagli.com\/en\/"},{"@type":"ListItem","position":3,"name":"Friends"}]},{"@type":"WebSite","@id":"https:\/\/benoit-barbagli.com\/en\/#website","url":"https:\/\/benoit-barbagli.com\/en\/","name":"benoit-barbagli.com","description":"Sous le chaos, la vie","publisher":{"@id":"https:\/\/benoit-barbagli.com\/en\/#\/schema\/person\/78c8df9be07e5f4f79d983f84aafeefd"},"potentialAction":[{"@type":"SearchAction","target":{"@type":"EntryPoint","urlTemplate":"https:\/\/benoit-barbagli.com\/en\/?s={search_term_string}"},"query-input":{"@type":"PropertyValueSpecification","valueRequired":true,"valueName":"search_term_string"}}],"inLanguage":"en-US"},{"@type":["Person","Organization"],"@id":"https:\/\/benoit-barbagli.com\/en\/#\/schema\/person\/78c8df9be07e5f4f79d983f84aafeefd","name":"benoitbarbagli","image":{"@type":"ImageObject","inLanguage":"en-US","@id":"https:\/\/benoit-barbagli.com\/wp-content\/uploads\/2025\/04\/Sisyphe-V-V3-final-scaled.jpg","url":"https:\/\/benoit-barbagli.com\/wp-content\/uploads\/2025\/04\/Sisyphe-V-V3-final-scaled.jpg","contentUrl":"https:\/\/benoit-barbagli.com\/wp-content\/uploads\/2025\/04\/Sisyphe-V-V3-final-scaled.jpg","width":1713,"height":2560,"caption":"benoitbarbagli"},"logo":{"@id":"https:\/\/benoit-barbagli.com\/wp-content\/uploads\/2025\/04\/Sisyphe-V-V3-final-scaled.jpg"}}]}},"_links":{"self":[{"href":"https:\/\/benoit-barbagli.com\/en\/wp-json\/wp\/v2\/pages\/1078","targetHints":{"allow":["GET"]}}],"collection":[{"href":"https:\/\/benoit-barbagli.com\/en\/wp-json\/wp\/v2\/pages"}],"about":[{"href":"https:\/\/benoit-barbagli.com\/en\/wp-json\/wp\/v2\/types\/page"}],"author":[{"embeddable":true,"href":"https:\/\/benoit-barbagli.com\/en\/wp-json\/wp\/v2\/users\/1"}],"replies":[{"embeddable":true,"href":"https:\/\/benoit-barbagli.com\/en\/wp-json\/wp\/v2\/comments?post=1078"}],"version-history":[{"count":3,"href":"https:\/\/benoit-barbagli.com\/en\/wp-json\/wp\/v2\/pages\/1078\/revisions"}],"predecessor-version":[{"id":91070,"href":"https:\/\/benoit-barbagli.com\/en\/wp-json\/wp\/v2\/pages\/1078\/revisions\/91070"}],"up":[{"embeddable":true,"href":"https:\/\/benoit-barbagli.com\/en\/wp-json\/wp\/v2\/pages\/91191"}],"wp:featuredmedia":[{"embeddable":true,"href":"https:\/\/benoit-barbagli.com\/en\/wp-json\/wp\/v2\/media\/75230"}],"wp:attachment":[{"href":"https:\/\/benoit-barbagli.com\/en\/wp-json\/wp\/v2\/media?parent=1078"}],"curies":[{"name":"wp","href":"https:\/\/api.w.org\/{rel}","templated":true}]}}