{"id":73406,"date":"2021-03-18T15:11:13","date_gmt":"2021-03-18T15:11:13","guid":{"rendered":"https:\/\/benoit-barbagli.com\/stores\/"},"modified":"2024-02-03T09:41:59","modified_gmt":"2024-02-03T09:41:59","slug":"stores","status":"publish","type":"page","link":"https:\/\/benoit-barbagli.com\/en\/stores\/","title":{"rendered":"Blinds and Galleries"},"content":{"rendered":"<p>[et_pb_section fb_built=&#8221;1&#8243; admin_label=&#8221;section&#8221; _builder_version=&#8221;4.16&#8243; global_colors_info=&#8221;{}&#8221; theme_builder_area=&#8221;post_content&#8221;][et_pb_row admin_label=&#8221;row&#8221; _builder_version=&#8221;4.16&#8243; background_size=&#8221;initial&#8221; background_position=&#8221;top_left&#8221; background_repeat=&#8221;repeat&#8221; global_colors_info=&#8221;{}&#8221; column_structure=&#8221;1_5,3_5,1_5&#8243; theme_builder_area=&#8221;post_content&#8221;][et_pb_column type=&#8221;1_5&#8243; _builder_version=&#8221;4.16&#8243; custom_padding=&#8221;|||&#8221; global_colors_info=&#8221;{}&#8221; custom_padding__hover=&#8221;|||&#8221; theme_builder_area=&#8221;post_content&#8221;][\/et_pb_column][et_pb_column type=&#8221;3_5&#8243; _builder_version=&#8221;4.16&#8243; custom_padding=&#8221;|||&#8221; global_colors_info=&#8221;{}&#8221; custom_padding__hover=&#8221;|||&#8221; theme_builder_area=&#8221;post_content&#8221;][et_pb_text admin_label=&#8221;Text&#8221; _builder_version=&#8221;4.23&#8243; background_size=&#8221;initial&#8221; background_position=&#8221;top_left&#8221; background_repeat=&#8221;repeat&#8221; hover_enabled=&#8221;0&#8243; global_colors_info=&#8221;{}&#8221; theme_builder_area=&#8221;post_content&#8221; sticky_enabled=&#8221;0&#8243;]<\/p>\n<p style=\"text-align: left;\"><span>Thank you for visiting my online store. For those who wish to explore further, my works are also accessible on the following platforms and in the following galleries:<\/span><\/p>\n<p style=\"text-align: left;\"><span><\/span><\/p>\n<p style=\"text-align: center;\"><a href=\"http:\/\/studio.benoit-barbagli.com\/\"><span>Sine Fine Studio<\/span><\/a><\/p>\n<p style=\"text-align: left;\"><span><a href=\"http:\/\/studio.benoit-barbagli.com\/\"><img loading=\"lazy\" decoding=\"async\" src=\"https:\/\/benoit-barbagli.com\/wp-content\/uploads\/2023\/10\/benoitb_a_minimalist_logo_for_the_company_Sine_Fine._The_desig_65fd9dcc-4bca-4863-aaa7-7022858debab-300x300.png\" width=\"180\" height=\"180\" alt=\"\" class=\"wp-image-89404 alignnone size-medium\" style=\"display: block; margin-left: auto; margin-right: auto;\"><\/a><\/span><\/p>\n<p>&nbsp;<\/p>\n<p style=\"text-align: center;\"><a href=\"https:\/\/eva-vautier.com\/produit\/artistes\/benoit-barbagli\/\">Eva Vautier Gallery<\/a><\/p>\n<p style=\"text-align: center;\"><a href=\"https:\/\/eva-vautier.com\/produit\/artistes\/benoit-barbagli\/\"><img loading=\"lazy\" decoding=\"async\" class=\"aligncenter wp-image-73114\" src=\"https:\/\/benoit-barbagli.com\/wp-content\/uploads\/2021\/03\/Logo-Galerie-Eva-Vautier-2.jpg\" alt=\"\" width=\"442\" height=\"34\"><\/a><\/p>\n<p>&nbsp;<\/p>\n<p>&nbsp;<\/p>\n<p style=\"text-align: center;\"><a href=\"https:\/\/www.artsper.com\/fr\/artistes-contemporains\/france\/44840\/benoit-barbagli\">Artsper<\/a><\/p>\n<p style=\"text-align: center;\"><a href=\"https:\/\/www.artsper.com\/fr\/artistes-contemporains\/france\/44840\/benoit-barbagli\"><img loading=\"lazy\" decoding=\"async\" class=\"size-full wp-image-73118 alignnone\" src=\"https:\/\/benoit-barbagli.com\/wp-content\/uploads\/2021\/03\/Capture-de%CC%81cran-2021-03-18-a%CC%80-16.05.54.png\" alt=\"\" width=\"304\" height=\"98\"><\/a><\/p>\n<p style=\"text-align: center;\"><a href=\"https:\/\/www.artsy.net\/artist\/benoit-barbagli\/works-for-sale\">Artsty<\/a><\/p>\n<p style=\"text-align: center;\"><a href=\"https:\/\/www.artsy.net\/artist\/benoit-barbagli\/works-for-sale\"><img loading=\"lazy\" decoding=\"async\" class=\"aligncenter size-full wp-image-73116\" src=\"https:\/\/benoit-barbagli.com\/wp-content\/uploads\/2021\/03\/Capture-de%CC%81cran-2021-03-18-a%CC%80-16.06.21.png\" alt=\"\" width=\"112\" height=\"104\"><\/a><\/p>\n<p style=\"text-align: center;\">Saatchi:<\/p>\n<p style=\"text-align: center;\"><a href=\"https:\/\/www.saatchiart.com\/benoit-barbagli\"><img loading=\"lazy\" decoding=\"async\" class=\"alignnone wp-image-77581\" src=\"https:\/\/benoit-barbagli.com\/wp-content\/uploads\/2022\/12\/download-1.png\" alt=\"\" width=\"118\" height=\"118\" srcset=\"https:\/\/benoit-barbagli.com\/wp-content\/uploads\/2022\/12\/download-1.png 225w, https:\/\/benoit-barbagli.com\/wp-content\/uploads\/2022\/12\/download-1-150x150.png 150w, https:\/\/benoit-barbagli.com\/wp-content\/uploads\/2022\/12\/download-1-100x100.png 100w\" sizes=\"auto, (max-width: 118px) 100vw, 118px\" \/><\/a><\/p>\n<p>&nbsp;<\/p>\n<p>[\/et_pb_text][\/et_pb_column][et_pb_column type=&#8221;1_5&#8243; _builder_version=&#8221;4.16&#8243; custom_padding=&#8221;|||&#8221; global_colors_info=&#8221;{}&#8221; custom_padding__hover=&#8221;|||&#8221; theme_builder_area=&#8221;post_content&#8221;][\/et_pb_column][\/et_pb_row][\/et_pb_section]<\/p>\n","protected":false},"excerpt":{"rendered":"<p>Thank you for visiting my online store. For those who wish to explore further, my works are also accessible on the following platforms and in the following galleries: Sine Fine Studio &nbsp; Eva Vautier Gallery &nbsp; &nbsp; Artsper Artsty Saatchi: &nbsp;<\/p>\n","protected":false},"author":1,"featured_media":76829,"parent":73378,"menu_order":0,"comment_status":"closed","ping_status":"closed","template":"","meta":{"_et_pb_use_builder":"on","_et_pb_old_content":"","_et_gb_content_width":"","footnotes":""},"class_list":["post-73406","page","type-page","status-publish","has-post-thumbnail","hentry"],"yoast_head":"<!-- This site is optimized with the Yoast SEO plugin v27.3 - https:\/\/yoast.com\/product\/yoast-seo-wordpress\/ -->\n<title>Blinds and Galleries - benoit-barbagli.com<\/title>\n<meta name=\"description\" content=\"Benoit Barbagli vit et travaille \u00e0 ParisIng\u00e9nieur en technologie conceptuelle, \u00e9labore un r\u00e9seau de transmission de pens\u00e9es \u00e0 distance sans interface interm\u00e9diaire. Une technologie qui agit comme un lubrifiant sur les mots et les choses, entre les gestes et les \u00e9motions, pour les assouplir et les connecter. Il utilise pour y parvenir l\u2019amour et la vie.\" \/>\n<meta name=\"robots\" content=\"index, follow, max-snippet:-1, max-image-preview:large, max-video-preview:-1\" \/>\n<link rel=\"canonical\" href=\"https:\/\/benoit-barbagli.com\/en\/stores\/\" \/>\n<meta property=\"og:locale\" content=\"en_US\" \/>\n<meta property=\"og:type\" content=\"article\" \/>\n<meta property=\"og:title\" content=\"Blinds and Galleries - benoit-barbagli.com\" \/>\n<meta property=\"og:description\" content=\"Benoit Barbagli vit et travaille \u00e0 ParisIng\u00e9nieur en technologie conceptuelle, \u00e9labore un r\u00e9seau de transmission de pens\u00e9es \u00e0 distance sans interface interm\u00e9diaire. Une technologie qui agit comme un lubrifiant sur les mots et les choses, entre les gestes et les \u00e9motions, pour les assouplir et les connecter. Il utilise pour y parvenir l\u2019amour et la vie.\" \/>\n<meta property=\"og:url\" content=\"https:\/\/benoit-barbagli.com\/en\/stores\/\" \/>\n<meta property=\"og:site_name\" content=\"benoit-barbagli.com\" \/>\n<meta property=\"article:modified_time\" content=\"2024-02-03T09:41:59+00:00\" \/>\n<meta property=\"og:image\" content=\"https:\/\/benoit-barbagli.com\/wp-content\/uploads\/https:\/\/www.torinoggi.it\/2022\/04\/09\/leggi-notizia\/argomenti\/eventi-11\/articolo\/palazzo-saluzzo-paesana-riapre-dopo-due-anni-con-la-personale-nouvelle-vague-di-benoit-barbagli.html\" \/>\n\t<meta property=\"og:image:width\" content=\"1\" \/>\n\t<meta property=\"og:image:height\" content=\"1\" \/>\n\t<meta property=\"og:image:type\" content=\"image\/jpeg\" \/>\n<meta name=\"twitter:card\" content=\"summary_large_image\" \/>\n<meta name=\"twitter:label1\" content=\"Est. reading time\" \/>\n\t<meta name=\"twitter:data1\" content=\"1 minute\" \/>\n<script type=\"application\/ld+json\" class=\"yoast-schema-graph\">{\"@context\":\"https:\\\/\\\/schema.org\",\"@graph\":[{\"@type\":\"WebPage\",\"@id\":\"https:\\\/\\\/benoit-barbagli.com\\\/en\\\/stores\\\/\",\"url\":\"https:\\\/\\\/benoit-barbagli.com\\\/en\\\/stores\\\/\",\"name\":\"Blinds and Galleries - benoit-barbagli.com\",\"isPartOf\":{\"@id\":\"https:\\\/\\\/benoit-barbagli.com\\\/en\\\/#website\"},\"primaryImageOfPage\":{\"@id\":\"https:\\\/\\\/benoit-barbagli.com\\\/en\\\/stores\\\/#primaryimage\"},\"image\":{\"@id\":\"https:\\\/\\\/benoit-barbagli.com\\\/en\\\/stores\\\/#primaryimage\"},\"thumbnailUrl\":\"https:\\\/\\\/benoit-barbagli.com\\\/wp-content\\\/uploads\\\/https:\\\/\\\/www.torinoggi.it\\\/2022\\\/04\\\/09\\\/leggi-notizia\\\/argomenti\\\/eventi-11\\\/articolo\\\/palazzo-saluzzo-paesana-riapre-dopo-due-anni-con-la-personale-nouvelle-vague-di-benoit-barbagli.html\",\"datePublished\":\"2021-03-18T15:11:13+00:00\",\"dateModified\":\"2024-02-03T09:41:59+00:00\",\"description\":\"Benoit Barbagli vit et travaille \u00e0 ParisIng\u00e9nieur en technologie conceptuelle, \u00e9labore un r\u00e9seau de transmission de pens\u00e9es \u00e0 distance sans interface interm\u00e9diaire. Une technologie qui agit comme un lubrifiant sur les mots et les choses, entre les gestes et les \u00e9motions, pour les assouplir et les connecter. Il utilise pour y parvenir l\u2019amour et la vie.\",\"breadcrumb\":{\"@id\":\"https:\\\/\\\/benoit-barbagli.com\\\/en\\\/stores\\\/#breadcrumb\"},\"inLanguage\":\"en-US\",\"potentialAction\":[{\"@type\":\"ReadAction\",\"target\":[\"https:\\\/\\\/benoit-barbagli.com\\\/en\\\/stores\\\/\"]}]},{\"@type\":\"ImageObject\",\"inLanguage\":\"en-US\",\"@id\":\"https:\\\/\\\/benoit-barbagli.com\\\/en\\\/stores\\\/#primaryimage\",\"url\":\"https:\\\/\\\/benoit-barbagli.com\\\/wp-content\\\/uploads\\\/https:\\\/\\\/www.torinoggi.it\\\/2022\\\/04\\\/09\\\/leggi-notizia\\\/argomenti\\\/eventi-11\\\/articolo\\\/palazzo-saluzzo-paesana-riapre-dopo-due-anni-con-la-personale-nouvelle-vague-di-benoit-barbagli.html\",\"contentUrl\":\"https:\\\/\\\/benoit-barbagli.com\\\/wp-content\\\/uploads\\\/https:\\\/\\\/www.torinoggi.it\\\/2022\\\/04\\\/09\\\/leggi-notizia\\\/argomenti\\\/eventi-11\\\/articolo\\\/palazzo-saluzzo-paesana-riapre-dopo-due-anni-con-la-personale-nouvelle-vague-di-benoit-barbagli.html\"},{\"@type\":\"BreadcrumbList\",\"@id\":\"https:\\\/\\\/benoit-barbagli.com\\\/en\\\/stores\\\/#breadcrumb\",\"itemListElement\":[{\"@type\":\"ListItem\",\"position\":1,\"name\":\"Accueil\",\"item\":\"https:\\\/\\\/benoit-barbagli.com\\\/en\\\/\"},{\"@type\":\"ListItem\",\"position\":2,\"name\":\"Home\",\"item\":\"https:\\\/\\\/benoit-barbagli.com\\\/en\\\/\"},{\"@type\":\"ListItem\",\"position\":3,\"name\":\"store\",\"item\":\"https:\\\/\\\/benoit-barbagli.com\\\/en\\\/shop\\\/\"},{\"@type\":\"ListItem\",\"position\":4,\"name\":\"Blinds and Galleries\"}]},{\"@type\":\"WebSite\",\"@id\":\"https:\\\/\\\/benoit-barbagli.com\\\/en\\\/#website\",\"url\":\"https:\\\/\\\/benoit-barbagli.com\\\/en\\\/\",\"name\":\"benoit-barbagli.com\",\"description\":\"Sous le chaos, la vie\",\"publisher\":{\"@id\":\"https:\\\/\\\/benoit-barbagli.com\\\/en\\\/#\\\/schema\\\/person\\\/78c8df9be07e5f4f79d983f84aafeefd\"},\"potentialAction\":[{\"@type\":\"SearchAction\",\"target\":{\"@type\":\"EntryPoint\",\"urlTemplate\":\"https:\\\/\\\/benoit-barbagli.com\\\/en\\\/?s={search_term_string}\"},\"query-input\":{\"@type\":\"PropertyValueSpecification\",\"valueRequired\":true,\"valueName\":\"search_term_string\"}}],\"inLanguage\":\"en-US\"},{\"@type\":[\"Person\",\"Organization\"],\"@id\":\"https:\\\/\\\/benoit-barbagli.com\\\/en\\\/#\\\/schema\\\/person\\\/78c8df9be07e5f4f79d983f84aafeefd\",\"name\":\"benoitbarbagli\",\"image\":{\"@type\":\"ImageObject\",\"inLanguage\":\"en-US\",\"@id\":\"https:\\\/\\\/benoit-barbagli.com\\\/wp-content\\\/uploads\\\/2025\\\/04\\\/Sisyphe-V-V3-final-scaled.jpg\",\"url\":\"https:\\\/\\\/benoit-barbagli.com\\\/wp-content\\\/uploads\\\/2025\\\/04\\\/Sisyphe-V-V3-final-scaled.jpg\",\"contentUrl\":\"https:\\\/\\\/benoit-barbagli.com\\\/wp-content\\\/uploads\\\/2025\\\/04\\\/Sisyphe-V-V3-final-scaled.jpg\",\"width\":1713,\"height\":2560,\"caption\":\"benoitbarbagli\"},\"logo\":{\"@id\":\"https:\\\/\\\/benoit-barbagli.com\\\/wp-content\\\/uploads\\\/2025\\\/04\\\/Sisyphe-V-V3-final-scaled.jpg\"}}]}<\/script>\n<!-- \/ Yoast SEO plugin. -->","yoast_head_json":{"title":"Blinds and Galleries - benoit-barbagli.com","description":"Benoit Barbagli vit et travaille \u00e0 ParisIng\u00e9nieur en technologie conceptuelle, \u00e9labore un r\u00e9seau de transmission de pens\u00e9es \u00e0 distance sans interface interm\u00e9diaire. Une technologie qui agit comme un lubrifiant sur les mots et les choses, entre les gestes et les \u00e9motions, pour les assouplir et les connecter. Il utilise pour y parvenir l\u2019amour et la vie.","robots":{"index":"index","follow":"follow","max-snippet":"max-snippet:-1","max-image-preview":"max-image-preview:large","max-video-preview":"max-video-preview:-1"},"canonical":"https:\/\/benoit-barbagli.com\/en\/stores\/","og_locale":"en_US","og_type":"article","og_title":"Blinds and Galleries - benoit-barbagli.com","og_description":"Benoit Barbagli vit et travaille \u00e0 ParisIng\u00e9nieur en technologie conceptuelle, \u00e9labore un r\u00e9seau de transmission de pens\u00e9es \u00e0 distance sans interface interm\u00e9diaire. Une technologie qui agit comme un lubrifiant sur les mots et les choses, entre les gestes et les \u00e9motions, pour les assouplir et les connecter. Il utilise pour y parvenir l\u2019amour et la vie.","og_url":"https:\/\/benoit-barbagli.com\/en\/stores\/","og_site_name":"benoit-barbagli.com","article_modified_time":"2024-02-03T09:41:59+00:00","og_image":[{"url":"https:\/\/benoit-barbagli.com\/wp-content\/uploads\/https:\/\/www.torinoggi.it\/2022\/04\/09\/leggi-notizia\/argomenti\/eventi-11\/articolo\/palazzo-saluzzo-paesana-riapre-dopo-due-anni-con-la-personale-nouvelle-vague-di-benoit-barbagli.html","width":1,"height":1,"type":"image\/jpeg"}],"twitter_card":"summary_large_image","twitter_misc":{"Est. reading time":"1 minute"},"schema":{"@context":"https:\/\/schema.org","@graph":[{"@type":"WebPage","@id":"https:\/\/benoit-barbagli.com\/en\/stores\/","url":"https:\/\/benoit-barbagli.com\/en\/stores\/","name":"Blinds and Galleries - benoit-barbagli.com","isPartOf":{"@id":"https:\/\/benoit-barbagli.com\/en\/#website"},"primaryImageOfPage":{"@id":"https:\/\/benoit-barbagli.com\/en\/stores\/#primaryimage"},"image":{"@id":"https:\/\/benoit-barbagli.com\/en\/stores\/#primaryimage"},"thumbnailUrl":"https:\/\/benoit-barbagli.com\/wp-content\/uploads\/https:\/\/www.torinoggi.it\/2022\/04\/09\/leggi-notizia\/argomenti\/eventi-11\/articolo\/palazzo-saluzzo-paesana-riapre-dopo-due-anni-con-la-personale-nouvelle-vague-di-benoit-barbagli.html","datePublished":"2021-03-18T15:11:13+00:00","dateModified":"2024-02-03T09:41:59+00:00","description":"Benoit Barbagli vit et travaille \u00e0 ParisIng\u00e9nieur en technologie conceptuelle, \u00e9labore un r\u00e9seau de transmission de pens\u00e9es \u00e0 distance sans interface interm\u00e9diaire. Une technologie qui agit comme un lubrifiant sur les mots et les choses, entre les gestes et les \u00e9motions, pour les assouplir et les connecter. Il utilise pour y parvenir l\u2019amour et la vie.","breadcrumb":{"@id":"https:\/\/benoit-barbagli.com\/en\/stores\/#breadcrumb"},"inLanguage":"en-US","potentialAction":[{"@type":"ReadAction","target":["https:\/\/benoit-barbagli.com\/en\/stores\/"]}]},{"@type":"ImageObject","inLanguage":"en-US","@id":"https:\/\/benoit-barbagli.com\/en\/stores\/#primaryimage","url":"https:\/\/benoit-barbagli.com\/wp-content\/uploads\/https:\/\/www.torinoggi.it\/2022\/04\/09\/leggi-notizia\/argomenti\/eventi-11\/articolo\/palazzo-saluzzo-paesana-riapre-dopo-due-anni-con-la-personale-nouvelle-vague-di-benoit-barbagli.html","contentUrl":"https:\/\/benoit-barbagli.com\/wp-content\/uploads\/https:\/\/www.torinoggi.it\/2022\/04\/09\/leggi-notizia\/argomenti\/eventi-11\/articolo\/palazzo-saluzzo-paesana-riapre-dopo-due-anni-con-la-personale-nouvelle-vague-di-benoit-barbagli.html"},{"@type":"BreadcrumbList","@id":"https:\/\/benoit-barbagli.com\/en\/stores\/#breadcrumb","itemListElement":[{"@type":"ListItem","position":1,"name":"Accueil","item":"https:\/\/benoit-barbagli.com\/en\/"},{"@type":"ListItem","position":2,"name":"Home","item":"https:\/\/benoit-barbagli.com\/en\/"},{"@type":"ListItem","position":3,"name":"store","item":"https:\/\/benoit-barbagli.com\/en\/shop\/"},{"@type":"ListItem","position":4,"name":"Blinds and Galleries"}]},{"@type":"WebSite","@id":"https:\/\/benoit-barbagli.com\/en\/#website","url":"https:\/\/benoit-barbagli.com\/en\/","name":"benoit-barbagli.com","description":"Sous le chaos, la vie","publisher":{"@id":"https:\/\/benoit-barbagli.com\/en\/#\/schema\/person\/78c8df9be07e5f4f79d983f84aafeefd"},"potentialAction":[{"@type":"SearchAction","target":{"@type":"EntryPoint","urlTemplate":"https:\/\/benoit-barbagli.com\/en\/?s={search_term_string}"},"query-input":{"@type":"PropertyValueSpecification","valueRequired":true,"valueName":"search_term_string"}}],"inLanguage":"en-US"},{"@type":["Person","Organization"],"@id":"https:\/\/benoit-barbagli.com\/en\/#\/schema\/person\/78c8df9be07e5f4f79d983f84aafeefd","name":"benoitbarbagli","image":{"@type":"ImageObject","inLanguage":"en-US","@id":"https:\/\/benoit-barbagli.com\/wp-content\/uploads\/2025\/04\/Sisyphe-V-V3-final-scaled.jpg","url":"https:\/\/benoit-barbagli.com\/wp-content\/uploads\/2025\/04\/Sisyphe-V-V3-final-scaled.jpg","contentUrl":"https:\/\/benoit-barbagli.com\/wp-content\/uploads\/2025\/04\/Sisyphe-V-V3-final-scaled.jpg","width":1713,"height":2560,"caption":"benoitbarbagli"},"logo":{"@id":"https:\/\/benoit-barbagli.com\/wp-content\/uploads\/2025\/04\/Sisyphe-V-V3-final-scaled.jpg"}}]}},"_links":{"self":[{"href":"https:\/\/benoit-barbagli.com\/en\/wp-json\/wp\/v2\/pages\/73406","targetHints":{"allow":["GET"]}}],"collection":[{"href":"https:\/\/benoit-barbagli.com\/en\/wp-json\/wp\/v2\/pages"}],"about":[{"href":"https:\/\/benoit-barbagli.com\/en\/wp-json\/wp\/v2\/types\/page"}],"author":[{"embeddable":true,"href":"https:\/\/benoit-barbagli.com\/en\/wp-json\/wp\/v2\/users\/1"}],"replies":[{"embeddable":true,"href":"https:\/\/benoit-barbagli.com\/en\/wp-json\/wp\/v2\/comments?post=73406"}],"version-history":[{"count":3,"href":"https:\/\/benoit-barbagli.com\/en\/wp-json\/wp\/v2\/pages\/73406\/revisions"}],"predecessor-version":[{"id":91107,"href":"https:\/\/benoit-barbagli.com\/en\/wp-json\/wp\/v2\/pages\/73406\/revisions\/91107"}],"up":[{"embeddable":true,"href":"https:\/\/benoit-barbagli.com\/en\/wp-json\/wp\/v2\/pages\/73378"}],"wp:featuredmedia":[{"embeddable":true,"href":"https:\/\/benoit-barbagli.com\/en\/wp-json\/wp\/v2\/media\/76829"}],"wp:attachment":[{"href":"https:\/\/benoit-barbagli.com\/en\/wp-json\/wp\/v2\/media?parent=73406"}],"curies":[{"name":"wp","href":"https:\/\/api.w.org\/{rel}","templated":true}]}}