{"id":76405,"date":"2022-04-23T10:32:30","date_gmt":"2022-04-23T10:32:30","guid":{"rendered":"https:\/\/benoit-barbagli.com\/naturalrevolution\/"},"modified":"2022-04-23T10:32:37","modified_gmt":"2022-04-23T10:32:37","slug":"naturalrevolution","status":"publish","type":"page","link":"https:\/\/benoit-barbagli.com\/en\/texts\/naturalrevolution\/","title":{"rendered":"naturalrevolution"},"content":{"rendered":"<p>[vc_row row_type=&#8221;row&#8221; use_row_as_full_screen_section=&#8221;no&#8221; type=&#8221;full_width&#8221; text_align=&#8221;left&#8221; background_animation=&#8221;none&#8221; css_animation=&#8221;&#8221;][vc_column][vc_column_text]<\/p>\n<h3 style=\"text-align: justify;\"><\/h3>\n<h3 class=\"p1\" style=\"text-align: justify;\"><span class=\"s2\">The<\/span> <span class=\"s1\">day the<\/span> <span class=\"s1\">money will disappear<\/span><\/h3>\n<p>[\/vc_column_text][vc_single_image image=&#8221;1332&#8243; img_size=&#8221;medium&#8221; add_caption=&#8221;yes&#8221; qode_css_animation=&#8221;&#8221;][vc_column_text]<\/p>\n<p class=\"p3\" style=\"text-align: justify;\"><span class=\"s1\">Prelude<\/span><\/p>\n<p class=\"p5\" style=\"text-align: justify;\"><span class=\"s1\">The day the<\/span> money will disappear <span class=\"s3\">,<\/span> <span class=\"s1\">this sentence emerged during<\/span> <span class=\"s3\">a<\/span> <span class=\"s1\">collective discussion, near<\/span> <span class=\"s3\">a<\/span> <span class=\"s1\">refuge, in the center of nature covered with snow, night falling, wrapped in blankets, warming around<\/span> <span class=\"s3\">a<\/span> <span class=\"s1\">fire ,<\/span> <\/p>\n<p class=\"p5\" style=\"text-align: justify;\">The next day, we were going to make the <span class=\"s1\">money<\/span> <span class=\"s1\">disappear<\/span> <span class=\"s3\">.<\/span><\/p>\n<p class=\"p5\" style=\"text-align: justify;\"><span class=\"s1\">The next day, going deeper into the high mountains, our steps reached a frozen lake: under the snow, the ice, under the ice, the<\/span> <span class=\"s3\">water<\/span> <span class=\"s1\">.<\/span><\/p>\n<p class=\"p5\" style=\"text-align: justify;\"><span class=\"s1\">Positioning itself at the<\/span> <span class=\"s3\">forefront<\/span> <span class=\"s1\">, exploring, securing the ground, questioning us both metaphorically and literally, on the question of the suppression of capital which structures our societies and our human relationships.<\/span><\/p>\n<p class=\"p5\" style=\"text-align: justify;\"><span class=\"s1\">Like a ritual act, a symbolic expiation which<\/span> is embodied in <span class=\"s3\">a<\/span> <span class=\"s1\">system at the end of its course, in the depths of nature, we are joyfully preparing for the day when<\/span> <span class=\"s3\">money<\/span> <span class=\"s1\">will disappear.<\/span><\/p>\n<p class=\"p5\" style=\"text-align: justify;\"><span class=\"s1\">This walk in nature was not the first, the<\/span> <span class=\"s3\">Azimuth<\/span> <span class=\"s1\">exhibition<\/span> last year had already set us <span class=\"s3\">on<\/span> the <span class=\"s1\">road through another mountain valley.<\/span> <\/p>\n<p class=\"p5\" style=\"text-align: justify;\"><span class=\"s1\">Once again with snowshoes on, 15 kg<\/span> <span class=\"s3\">of<\/span><span class=\"s1\">Nordic gold in our bags, we were off again. This time, the<\/span><span class=\"s3\">&#8216;<\/span> <span class=\"s1\">expedition is motivated by: Under the ice,<\/span> <span class=\"s3\">water<\/span> <span class=\"s1\">, an exhibition in production at the Caisse d<\/span> <span class=\"s3\">&#8216;<\/span><span class=\"s1\">Savings of Nice Mass\u00e9na. An exposure in a bank? Strange you say&#8230; <\/span><\/p>\n<p class=\"p5\" style=\"text-align: justify;\">Certainly, and <span class=\"s3\">that<\/span> <span class=\"s1\">is why Palam<\/span> found himself faced with <span class=\"s3\">a<\/span> <span class=\"s1\">difficult choice when<\/span><span class=\"s1\">he was offered to exhibit there. There is some<\/span><span class=\"s3\">on<\/span> <span class=\"s1\">the one hand the recognition as a group of<\/span> <span class=\"s3\">a<\/span> <span class=\"s1\">part of the<\/span> <span class=\"s1\">local cultural institution, the<\/span> <span class=\"s3\">access<\/span> to <span class=\"s3\">a<\/span> <span class=\"s1\">production budget, a central visibility in the life around, and a means of reaching a different public than the one that the<\/span> <span class=\"s3\">&#8216;<\/span><span class=\"s1\">we meet most of the time in the current circles of contemporary art. And D<\/span><span class=\"s3\">on<\/span> <span class=\"s1\">the other hand, a difficult place, not adapted to the<\/span> exhibition <span class=\"s3\">,<\/span> <span class=\"s1\">marked by the symbolic charge of<\/span> <span class=\"s3\">a<\/span> <span class=\"s1\">bank and the values that<\/span> <span class=\"s3\">exhibiting<\/span> <span class=\"s1\">inside<\/span> <span class=\"s1\">entails<\/span> <span class=\"s3\">.<\/span><\/p>\n<p class=\"p5\" style=\"text-align: justify;\">But <span class=\"s3\">,<\/span> <span class=\"s1\">we were told,<\/span> <span class=\"s3\">there<\/span> <span class=\"s1\">is no<\/span><span class=\"s1\">neutral space. An institution, a museum, a gallery<\/span><span class=\"s4\"> <\/span><span class=\"s1\">: same fight ?<\/span><\/p>\n<p class=\"p5\" style=\"text-align: justify;\"><span class=\"s1\">Should<\/span> art <span class=\"s3\">ignore<\/span> <span class=\"s1\">the conditions of display or, on the contrary, attach<\/span> importance to <span class=\"s3\">\/<\/span> <span class=\"s1\">the fact of questioning them?<\/span><\/p>\n<p class=\"p5\" style=\"text-align: justify;\"><span class=\"s1\">We have therefore chosen to<\/span> <span class=\"s1\">accept, with the concern of<\/span> <span class=\"s3\">deeply<\/span> <span class=\"s3\">questioning<\/span> <span class=\"s1\">this framework in which the exhibition is born.<\/span><\/p>\n<p class=\"p5\" style=\"text-align: justify;\"><span class=\"s1\">Palam has shown several times in the past its sensitivity to the ecological cause, far from being a pageantry, it is linked to<\/span> <span class=\"s3\">the<\/span><span class=\"s1\">Collective DNA. And precisely to avoid<\/span><span class=\"s3\">&#8216;<\/span> <span class=\"s1\">it is not relegated to an accessory role, we had to question in its ordinary operation, what<\/span> <span class=\"s3\">a<\/span> <span class=\"s1\">bank really maintains with ecology.<\/span><\/p>\n<p class=\"p5\" style=\"text-align: justify;\"><span class=\"s1\">Is subsidizing artists who talk about ecology enough to make oneself an ecological institution? Especially when, moreover, it subsidizes fossil fuels for much more? <\/span><\/p>\n<p class=\"p5\" style=\"text-align: justify;\"><span class=\"s1\">We had carte blanche for this exhibition. It is true we can only thank the bank for this allowed freedom. Without her, the protest could not have taken place.<\/span><\/p>\n<p class=\"p5\" style=\"text-align: justify;\"><span class=\"s1\">We had, in this context, the<\/span> <span class=\"s1\">absurd idea that<\/span> <span class=\"s3\">there<\/span> is <span class=\"s3\">a<\/span> <span class=\"s1\">link between banks and capitalism, a cause and effect relationship between capitalism<\/span> <span class=\"s3\">and<\/span><span class=\"s1\">ecological-social emergency. We choose to use the capital of the bank as plastic material and its destruction, as literal as it is symbolic, as a means of<\/span><span class=\"s1\">artistic expression<\/span> <span class=\"s3\">.<\/span><\/p>\n<p class=\"p5\" style=\"text-align: justify;\"><span class=\"s1\">At the first Palam meeting of the expo, two questions quickly emerged:<\/span><\/p>\n<p class=\"p5\" style=\"text-align: justify;\"><span class=\"s1\">We didn&#8217;t want to &#8220;decorate<\/span> <span class=\"s3\">a<\/span> <span class=\"s1\">room<\/span> <span class=\"s3\">&#8220;<\/span><span class=\"s1\">waiting\u201d and questioning ecology within these walls seemed impossible to us. As a result, a simple question arises: &#8220;how<\/span><span class=\"s3\">&#8216;<\/span><span class=\"s1\">run away from the place? &#8220;.<\/span><\/p>\n<p class=\"p5\" style=\"text-align: justify;\"><span class=\"s1\">Through our previous projects, we have distinguished ourselves with nature walks. \u201crepetition\u201d This time s<\/span><span class=\"s3\">&#8216;<\/span> <span class=\"s1\">imposes the<\/span> <span class=\"s3\">idea<\/span> <span class=\"s1\">of getting the visitor himself out of the bank and even out of the city.<\/span><\/p>\n<p class=\"p5\" style=\"text-align: justify;\"><span class=\"s1\">Our second thought: What<\/span> <span class=\"s3\">would<\/span> <span class=\"s1\">be the most ecological way to<\/span> <span class=\"s1\">use the budget<\/span> <span class=\"s3\">?<\/span> <\/p>\n<p class=\"p5\" style=\"text-align: justify;\"><span class=\"s1\">\u201cDegrowth\u201d in mind\u2026 allusions to the \u201c<\/span> <span class=\"s3\">carbon<\/span> footprint <span class=\"s3\">\u201d<\/span> <span class=\"s1\">\u2026 \u201cthe circulation of<\/span><span class=\"s1\">money, all that\u2026\u201d. We concluded that the<\/span><span class=\"s3\">&#8216;<\/span> <span class=\"s1\">act of destruction<\/span> <span class=\"s3\">&#8216;<\/span><span class=\"s1\">silver was perhaps the most powerful ecologically. Have we finally brought the debate to a conclusion?<\/span><\/p>\n<p class=\"p5\" style=\"text-align: justify;\"><span class=\"s1\">It seemed like we were heading down a critical path. I<\/span><span class=\"s3\">Self<\/span> <span class=\"s1\">-censorship makes us mince words.<\/span> <\/p>\n<p class=\"p5\" style=\"text-align: justify;\"><span class=\"s1\">Degrowth,<\/span> <span class=\"s3\">anti<\/span> &#8211; <span class=\"s3\">capitalism<\/span> <span class=\"s1\">within<\/span><span class=\"s1\">a bank: Wait? Easy ? Necessary ? We will strive to be relevant.<\/span><\/p>\n<p class=\"p5\" style=\"text-align: justify;\"><span class=\"s3\">One<\/span> <span class=\"s1\">in<\/span> <span class=\"s3\">the<\/span> <span class=\"s1\">_<\/span><span class=\"s1\">other, the brainstorm was launched, not everything can be revealed here. What you can take away from this<\/span><span class=\"s3\">&#8216;<\/span><span class=\"s1\">is that at the beginning of January we took a walk in the heart of the Mercantour to hide a secret there. I<\/span><span class=\"s3\">&#8216;<\/span> <span class=\"s1\">exhibition Under the ice, the<\/span> <span class=\"s3\">&#8216;<\/span><span class=\"s1\">water relays clues, like a treasure hunt. Bringing the visitor out of the<\/span><span class=\"s3\">&#8216;<\/span> <span class=\"s1\">partitioning space of the bank, and urban saturation.<\/span><\/p>\n<p class=\"p5\" style=\"text-align: justify;\">Far from looking <span class=\"s3\">for<\/span> <span class=\"s1\">a simple object, the quest is to<\/span> <span class=\"s1\">understand its nature, to understand the meaning of this act, the induced questions that are just as poetic as they are political.<\/span> <\/p>\n<p class=\"p5\" style=\"text-align: justify;\"><span class=\"s1\">In the refuge it was cold, the dormitory was not heated, 2 meters of snow on the roof protected us somewhat from the freezing night, 6 blankets for some, a Northface duvet resistant to -40 for the others, the night was difficult, you can imagine. <\/span><\/p>\n<p class=\"p5\" style=\"text-align: justify;\"><span class=\"s1\">L<\/span> <span class=\"s3\">&#8216;<\/span><span class=\"s1\">art is like a societal experience, aimed at clearing away, opening up the paths that humanity will be able to take. At the<\/span><span class=\"s3\">&#8216;<\/span> <span class=\"s1\">avant-garde, our group gropes, assures, explores the terrain of an encounter between nature, collective, and post-capitalist society.<\/span><\/p>\n<p class=\"p5\" style=\"text-align: justify;\"><span class=\"s1\">We&#8217;ll leave you here for<\/span> <span class=\"s3\">now<\/span> <span class=\"s1\">, but we&#8217;ll come back soon with the rest of the text, and<\/span> <span class=\"s3\">perhaps<\/span> <span class=\"s1\">other clues.<\/span><\/p>\n<p>[\/vc_column_text][vc_empty_space][vc_single_image image=&#8221;1316&#8243; img_size=&#8221;large&#8221; qode_css_animation=&#8221;&#8221;][\/vc_column][\/vc_row]<\/p>\n","protected":false},"excerpt":{"rendered":"<p>[vc_row row_type=&#8221;row&#8221; use_row_as_full_screen_section=&#8221;no&#8221; type=&#8221;full_width&#8221; text_align=&#8221;left&#8221; background_animation=&#8221;none&#8221; css_animation=&#8221;&#8221;][vc_column][vc_column_text] The day the money will disappear [\/vc_column_text][vc_single_image image=&#8221;1332&#8243; img_size=&#8221;medium&#8221; add_caption=&#8221;yes&#8221; qode_css_animation=&#8221;&#8221;][vc_column_text] Prelude The day the money will disappear , this sentence emerged during a collective discussion, near a refuge, in the center of nature covered with snow, night falling, wrapped in blankets, warming around a fire , The [&hellip;]<\/p>\n","protected":false},"author":1,"featured_media":76829,"parent":76683,"menu_order":0,"comment_status":"closed","ping_status":"closed","template":"","meta":{"_et_pb_use_builder":"","_et_pb_old_content":"","_et_gb_content_width":"","footnotes":""},"class_list":["post-76405","page","type-page","status-publish","has-post-thumbnail","hentry"],"yoast_head":"<!-- This site is optimized with the Yoast SEO plugin v27.3 - https:\/\/yoast.com\/product\/yoast-seo-wordpress\/ -->\n<title>naturalrevolution - benoit-barbagli.com<\/title>\n<meta name=\"description\" content=\"Benoit Barbagli vit et travaille \u00e0 ParisIng\u00e9nieur en technologie conceptuelle, \u00e9labore un r\u00e9seau de transmission de pens\u00e9es \u00e0 distance sans interface interm\u00e9diaire. Une technologie qui agit comme un lubrifiant sur les mots et les choses, entre les gestes et les \u00e9motions, pour les assouplir et les connecter. Il utilise pour y parvenir l\u2019amour et la vie.\" \/>\n<meta name=\"robots\" content=\"index, follow, max-snippet:-1, max-image-preview:large, max-video-preview:-1\" \/>\n<link rel=\"canonical\" href=\"https:\/\/benoit-barbagli.com\/en\/texts\/naturalrevolution\/\" \/>\n<meta property=\"og:locale\" content=\"en_US\" \/>\n<meta property=\"og:type\" content=\"article\" \/>\n<meta property=\"og:title\" content=\"naturalrevolution - benoit-barbagli.com\" \/>\n<meta property=\"og:description\" content=\"Benoit Barbagli vit et travaille \u00e0 ParisIng\u00e9nieur en technologie conceptuelle, \u00e9labore un r\u00e9seau de transmission de pens\u00e9es \u00e0 distance sans interface interm\u00e9diaire. Une technologie qui agit comme un lubrifiant sur les mots et les choses, entre les gestes et les \u00e9motions, pour les assouplir et les connecter. Il utilise pour y parvenir l\u2019amour et la vie.\" \/>\n<meta property=\"og:url\" content=\"https:\/\/benoit-barbagli.com\/en\/texts\/naturalrevolution\/\" \/>\n<meta property=\"og:site_name\" content=\"benoit-barbagli.com\" \/>\n<meta property=\"article:modified_time\" content=\"2022-04-23T10:32:37+00:00\" \/>\n<meta property=\"og:image\" content=\"https:\/\/benoit-barbagli.com\/wp-content\/uploads\/https:\/\/www.torinoggi.it\/2022\/04\/09\/leggi-notizia\/argomenti\/eventi-11\/articolo\/palazzo-saluzzo-paesana-riapre-dopo-due-anni-con-la-personale-nouvelle-vague-di-benoit-barbagli.html\" \/>\n\t<meta property=\"og:image:width\" content=\"1\" \/>\n\t<meta property=\"og:image:height\" content=\"1\" \/>\n\t<meta property=\"og:image:type\" content=\"image\/jpeg\" \/>\n<meta name=\"twitter:card\" content=\"summary_large_image\" \/>\n<meta name=\"twitter:label1\" content=\"Est. reading time\" \/>\n\t<meta name=\"twitter:data1\" content=\"5 minutes\" \/>\n<script type=\"application\/ld+json\" class=\"yoast-schema-graph\">{\"@context\":\"https:\\\/\\\/schema.org\",\"@graph\":[{\"@type\":\"WebPage\",\"@id\":\"https:\\\/\\\/benoit-barbagli.com\\\/en\\\/texts\\\/naturalrevolution\\\/\",\"url\":\"https:\\\/\\\/benoit-barbagli.com\\\/en\\\/texts\\\/naturalrevolution\\\/\",\"name\":\"naturalrevolution - benoit-barbagli.com\",\"isPartOf\":{\"@id\":\"https:\\\/\\\/benoit-barbagli.com\\\/en\\\/#website\"},\"primaryImageOfPage\":{\"@id\":\"https:\\\/\\\/benoit-barbagli.com\\\/en\\\/texts\\\/naturalrevolution\\\/#primaryimage\"},\"image\":{\"@id\":\"https:\\\/\\\/benoit-barbagli.com\\\/en\\\/texts\\\/naturalrevolution\\\/#primaryimage\"},\"thumbnailUrl\":\"https:\\\/\\\/benoit-barbagli.com\\\/wp-content\\\/uploads\\\/https:\\\/\\\/www.torinoggi.it\\\/2022\\\/04\\\/09\\\/leggi-notizia\\\/argomenti\\\/eventi-11\\\/articolo\\\/palazzo-saluzzo-paesana-riapre-dopo-due-anni-con-la-personale-nouvelle-vague-di-benoit-barbagli.html\",\"datePublished\":\"2022-04-23T10:32:30+00:00\",\"dateModified\":\"2022-04-23T10:32:37+00:00\",\"description\":\"Benoit Barbagli vit et travaille \u00e0 ParisIng\u00e9nieur en technologie conceptuelle, \u00e9labore un r\u00e9seau de transmission de pens\u00e9es \u00e0 distance sans interface interm\u00e9diaire. Une technologie qui agit comme un lubrifiant sur les mots et les choses, entre les gestes et les \u00e9motions, pour les assouplir et les connecter. Il utilise pour y parvenir l\u2019amour et la vie.\",\"breadcrumb\":{\"@id\":\"https:\\\/\\\/benoit-barbagli.com\\\/en\\\/texts\\\/naturalrevolution\\\/#breadcrumb\"},\"inLanguage\":\"en-US\",\"potentialAction\":[{\"@type\":\"ReadAction\",\"target\":[\"https:\\\/\\\/benoit-barbagli.com\\\/en\\\/texts\\\/naturalrevolution\\\/\"]}]},{\"@type\":\"ImageObject\",\"inLanguage\":\"en-US\",\"@id\":\"https:\\\/\\\/benoit-barbagli.com\\\/en\\\/texts\\\/naturalrevolution\\\/#primaryimage\",\"url\":\"https:\\\/\\\/benoit-barbagli.com\\\/wp-content\\\/uploads\\\/https:\\\/\\\/www.torinoggi.it\\\/2022\\\/04\\\/09\\\/leggi-notizia\\\/argomenti\\\/eventi-11\\\/articolo\\\/palazzo-saluzzo-paesana-riapre-dopo-due-anni-con-la-personale-nouvelle-vague-di-benoit-barbagli.html\",\"contentUrl\":\"https:\\\/\\\/benoit-barbagli.com\\\/wp-content\\\/uploads\\\/https:\\\/\\\/www.torinoggi.it\\\/2022\\\/04\\\/09\\\/leggi-notizia\\\/argomenti\\\/eventi-11\\\/articolo\\\/palazzo-saluzzo-paesana-riapre-dopo-due-anni-con-la-personale-nouvelle-vague-di-benoit-barbagli.html\"},{\"@type\":\"BreadcrumbList\",\"@id\":\"https:\\\/\\\/benoit-barbagli.com\\\/en\\\/texts\\\/naturalrevolution\\\/#breadcrumb\",\"itemListElement\":[{\"@type\":\"ListItem\",\"position\":1,\"name\":\"Accueil\",\"item\":\"https:\\\/\\\/benoit-barbagli.com\\\/en\\\/\"},{\"@type\":\"ListItem\",\"position\":2,\"name\":\"texts\",\"item\":\"https:\\\/\\\/benoit-barbagli.com\\\/en\\\/texts\\\/\"},{\"@type\":\"ListItem\",\"position\":3,\"name\":\"naturalrevolution\"}]},{\"@type\":\"WebSite\",\"@id\":\"https:\\\/\\\/benoit-barbagli.com\\\/en\\\/#website\",\"url\":\"https:\\\/\\\/benoit-barbagli.com\\\/en\\\/\",\"name\":\"benoit-barbagli.com\",\"description\":\"Sous le chaos, la vie\",\"publisher\":{\"@id\":\"https:\\\/\\\/benoit-barbagli.com\\\/en\\\/#\\\/schema\\\/person\\\/78c8df9be07e5f4f79d983f84aafeefd\"},\"potentialAction\":[{\"@type\":\"SearchAction\",\"target\":{\"@type\":\"EntryPoint\",\"urlTemplate\":\"https:\\\/\\\/benoit-barbagli.com\\\/en\\\/?s={search_term_string}\"},\"query-input\":{\"@type\":\"PropertyValueSpecification\",\"valueRequired\":true,\"valueName\":\"search_term_string\"}}],\"inLanguage\":\"en-US\"},{\"@type\":[\"Person\",\"Organization\"],\"@id\":\"https:\\\/\\\/benoit-barbagli.com\\\/en\\\/#\\\/schema\\\/person\\\/78c8df9be07e5f4f79d983f84aafeefd\",\"name\":\"benoitbarbagli\",\"image\":{\"@type\":\"ImageObject\",\"inLanguage\":\"en-US\",\"@id\":\"https:\\\/\\\/benoit-barbagli.com\\\/wp-content\\\/uploads\\\/2025\\\/04\\\/Sisyphe-V-V3-final-scaled.jpg\",\"url\":\"https:\\\/\\\/benoit-barbagli.com\\\/wp-content\\\/uploads\\\/2025\\\/04\\\/Sisyphe-V-V3-final-scaled.jpg\",\"contentUrl\":\"https:\\\/\\\/benoit-barbagli.com\\\/wp-content\\\/uploads\\\/2025\\\/04\\\/Sisyphe-V-V3-final-scaled.jpg\",\"width\":1713,\"height\":2560,\"caption\":\"benoitbarbagli\"},\"logo\":{\"@id\":\"https:\\\/\\\/benoit-barbagli.com\\\/wp-content\\\/uploads\\\/2025\\\/04\\\/Sisyphe-V-V3-final-scaled.jpg\"}}]}<\/script>\n<!-- \/ Yoast SEO plugin. -->","yoast_head_json":{"title":"naturalrevolution - benoit-barbagli.com","description":"Benoit Barbagli vit et travaille \u00e0 ParisIng\u00e9nieur en technologie conceptuelle, \u00e9labore un r\u00e9seau de transmission de pens\u00e9es \u00e0 distance sans interface interm\u00e9diaire. Une technologie qui agit comme un lubrifiant sur les mots et les choses, entre les gestes et les \u00e9motions, pour les assouplir et les connecter. Il utilise pour y parvenir l\u2019amour et la vie.","robots":{"index":"index","follow":"follow","max-snippet":"max-snippet:-1","max-image-preview":"max-image-preview:large","max-video-preview":"max-video-preview:-1"},"canonical":"https:\/\/benoit-barbagli.com\/en\/texts\/naturalrevolution\/","og_locale":"en_US","og_type":"article","og_title":"naturalrevolution - benoit-barbagli.com","og_description":"Benoit Barbagli vit et travaille \u00e0 ParisIng\u00e9nieur en technologie conceptuelle, \u00e9labore un r\u00e9seau de transmission de pens\u00e9es \u00e0 distance sans interface interm\u00e9diaire. Une technologie qui agit comme un lubrifiant sur les mots et les choses, entre les gestes et les \u00e9motions, pour les assouplir et les connecter. Il utilise pour y parvenir l\u2019amour et la vie.","og_url":"https:\/\/benoit-barbagli.com\/en\/texts\/naturalrevolution\/","og_site_name":"benoit-barbagli.com","article_modified_time":"2022-04-23T10:32:37+00:00","og_image":[{"url":"https:\/\/benoit-barbagli.com\/wp-content\/uploads\/https:\/\/www.torinoggi.it\/2022\/04\/09\/leggi-notizia\/argomenti\/eventi-11\/articolo\/palazzo-saluzzo-paesana-riapre-dopo-due-anni-con-la-personale-nouvelle-vague-di-benoit-barbagli.html","width":1,"height":1,"type":"image\/jpeg"}],"twitter_card":"summary_large_image","twitter_misc":{"Est. reading time":"5 minutes"},"schema":{"@context":"https:\/\/schema.org","@graph":[{"@type":"WebPage","@id":"https:\/\/benoit-barbagli.com\/en\/texts\/naturalrevolution\/","url":"https:\/\/benoit-barbagli.com\/en\/texts\/naturalrevolution\/","name":"naturalrevolution - benoit-barbagli.com","isPartOf":{"@id":"https:\/\/benoit-barbagli.com\/en\/#website"},"primaryImageOfPage":{"@id":"https:\/\/benoit-barbagli.com\/en\/texts\/naturalrevolution\/#primaryimage"},"image":{"@id":"https:\/\/benoit-barbagli.com\/en\/texts\/naturalrevolution\/#primaryimage"},"thumbnailUrl":"https:\/\/benoit-barbagli.com\/wp-content\/uploads\/https:\/\/www.torinoggi.it\/2022\/04\/09\/leggi-notizia\/argomenti\/eventi-11\/articolo\/palazzo-saluzzo-paesana-riapre-dopo-due-anni-con-la-personale-nouvelle-vague-di-benoit-barbagli.html","datePublished":"2022-04-23T10:32:30+00:00","dateModified":"2022-04-23T10:32:37+00:00","description":"Benoit Barbagli vit et travaille \u00e0 ParisIng\u00e9nieur en technologie conceptuelle, \u00e9labore un r\u00e9seau de transmission de pens\u00e9es \u00e0 distance sans interface interm\u00e9diaire. Une technologie qui agit comme un lubrifiant sur les mots et les choses, entre les gestes et les \u00e9motions, pour les assouplir et les connecter. Il utilise pour y parvenir l\u2019amour et la vie.","breadcrumb":{"@id":"https:\/\/benoit-barbagli.com\/en\/texts\/naturalrevolution\/#breadcrumb"},"inLanguage":"en-US","potentialAction":[{"@type":"ReadAction","target":["https:\/\/benoit-barbagli.com\/en\/texts\/naturalrevolution\/"]}]},{"@type":"ImageObject","inLanguage":"en-US","@id":"https:\/\/benoit-barbagli.com\/en\/texts\/naturalrevolution\/#primaryimage","url":"https:\/\/benoit-barbagli.com\/wp-content\/uploads\/https:\/\/www.torinoggi.it\/2022\/04\/09\/leggi-notizia\/argomenti\/eventi-11\/articolo\/palazzo-saluzzo-paesana-riapre-dopo-due-anni-con-la-personale-nouvelle-vague-di-benoit-barbagli.html","contentUrl":"https:\/\/benoit-barbagli.com\/wp-content\/uploads\/https:\/\/www.torinoggi.it\/2022\/04\/09\/leggi-notizia\/argomenti\/eventi-11\/articolo\/palazzo-saluzzo-paesana-riapre-dopo-due-anni-con-la-personale-nouvelle-vague-di-benoit-barbagli.html"},{"@type":"BreadcrumbList","@id":"https:\/\/benoit-barbagli.com\/en\/texts\/naturalrevolution\/#breadcrumb","itemListElement":[{"@type":"ListItem","position":1,"name":"Accueil","item":"https:\/\/benoit-barbagli.com\/en\/"},{"@type":"ListItem","position":2,"name":"texts","item":"https:\/\/benoit-barbagli.com\/en\/texts\/"},{"@type":"ListItem","position":3,"name":"naturalrevolution"}]},{"@type":"WebSite","@id":"https:\/\/benoit-barbagli.com\/en\/#website","url":"https:\/\/benoit-barbagli.com\/en\/","name":"benoit-barbagli.com","description":"Sous le chaos, la vie","publisher":{"@id":"https:\/\/benoit-barbagli.com\/en\/#\/schema\/person\/78c8df9be07e5f4f79d983f84aafeefd"},"potentialAction":[{"@type":"SearchAction","target":{"@type":"EntryPoint","urlTemplate":"https:\/\/benoit-barbagli.com\/en\/?s={search_term_string}"},"query-input":{"@type":"PropertyValueSpecification","valueRequired":true,"valueName":"search_term_string"}}],"inLanguage":"en-US"},{"@type":["Person","Organization"],"@id":"https:\/\/benoit-barbagli.com\/en\/#\/schema\/person\/78c8df9be07e5f4f79d983f84aafeefd","name":"benoitbarbagli","image":{"@type":"ImageObject","inLanguage":"en-US","@id":"https:\/\/benoit-barbagli.com\/wp-content\/uploads\/2025\/04\/Sisyphe-V-V3-final-scaled.jpg","url":"https:\/\/benoit-barbagli.com\/wp-content\/uploads\/2025\/04\/Sisyphe-V-V3-final-scaled.jpg","contentUrl":"https:\/\/benoit-barbagli.com\/wp-content\/uploads\/2025\/04\/Sisyphe-V-V3-final-scaled.jpg","width":1713,"height":2560,"caption":"benoitbarbagli"},"logo":{"@id":"https:\/\/benoit-barbagli.com\/wp-content\/uploads\/2025\/04\/Sisyphe-V-V3-final-scaled.jpg"}}]}},"_links":{"self":[{"href":"https:\/\/benoit-barbagli.com\/en\/wp-json\/wp\/v2\/pages\/76405","targetHints":{"allow":["GET"]}}],"collection":[{"href":"https:\/\/benoit-barbagli.com\/en\/wp-json\/wp\/v2\/pages"}],"about":[{"href":"https:\/\/benoit-barbagli.com\/en\/wp-json\/wp\/v2\/types\/page"}],"author":[{"embeddable":true,"href":"https:\/\/benoit-barbagli.com\/en\/wp-json\/wp\/v2\/users\/1"}],"replies":[{"embeddable":true,"href":"https:\/\/benoit-barbagli.com\/en\/wp-json\/wp\/v2\/comments?post=76405"}],"version-history":[{"count":0,"href":"https:\/\/benoit-barbagli.com\/en\/wp-json\/wp\/v2\/pages\/76405\/revisions"}],"up":[{"embeddable":true,"href":"https:\/\/benoit-barbagli.com\/en\/wp-json\/wp\/v2\/pages\/76683"}],"wp:featuredmedia":[{"embeddable":true,"href":"https:\/\/benoit-barbagli.com\/en\/wp-json\/wp\/v2\/media\/76829"}],"wp:attachment":[{"href":"https:\/\/benoit-barbagli.com\/en\/wp-json\/wp\/v2\/media?parent=76405"}],"curies":[{"name":"wp","href":"https:\/\/api.w.org\/{rel}","templated":true}]}}