{"id":91193,"date":"2024-02-03T09:44:04","date_gmt":"2024-02-03T09:44:04","guid":{"rendered":"https:\/\/benoit-barbagli.com\/archive\/video-programming-for-the-exhibition-all-around-water\/"},"modified":"2024-02-03T09:44:04","modified_gmt":"2024-02-03T09:44:04","slug":"video-programming-for-the-exhibition-all-around-water","status":"publish","type":"page","link":"https:\/\/benoit-barbagli.com\/en\/archive\/video-programming-for-the-exhibition-all-around-water\/","title":{"rendered":"Video programming for the exhibition All around, water"},"content":{"rendered":"<p style=\"text-align: center;\"><a href=\"http:\/\/benoit-barbagli.com\/wp-content\/uploads\/2022\/12\/Capture-decran-2022-12-01-a-11.18.39.png\"><img loading=\"lazy\" decoding=\"async\" class=\"alignnone wp-image-77302 \" src=\"http:\/\/benoit-barbagli.com\/wp-content\/uploads\/2022\/12\/Capture-decran-2022-12-01-a-11.18.39-1024x499.png\" alt=\"\" width=\"823\" height=\"401\"><\/a><\/p>\n<p>&nbsp;<\/p>\n<p>&nbsp;<\/p>\n<p style=\"text-align: center;\"><span style=\"font-size: 14pt;\">Exhibition video programming <em><br \/>\n  <strong>All around, water <\/strong><br \/>\n<\/em>at <a href=\"http:\/\/eva-vautier.com\">galerie<\/a><a href=\"http:\/\/eva-vautier.com\">eva<\/a><a href=\"http:\/\/eva-vautier.com\"> vautier<\/a><strong> ( 2 rue vernier Nice )<\/strong><\/span><\/p>\n<p>&nbsp;<\/p>\n<div class=\"page\" title=\"Page 1\">\n<div class=\"section\">\n<div class=\"layoutArea\">\n<div class=\"column\">\n<p style=\"text-align: center;\"><strong><span style=\"font-family: helveticaneuelight; font-size: 14pt;\">Beno\u00eet Barbagli<\/span><\/strong><\/p>\n<p style=\"text-align: center;\"><span style=\"font-family: helveticaneuelight; font-size: 14pt;\"><em>Immersion<\/em>, 2022 Running time 08:42<\/span><\/p>\n<p>&nbsp;<\/p>\n<p style=\"text-align: center;\"><strong><span style=\"font-family: helveticaneuelight; font-size: 14pt;\">Evan Bourgeau<\/span><\/strong><\/p>\n<p style=\"text-align: center;\"><span style=\"font-family: helveticaneuelight; font-size: 14pt;\"><em>Similar to what we feel<\/em>, 2022<\/span><br \/>\n<span style=\"font-family: helveticaneuelight; font-size: 14pt;\">Reactivation video, performance and photography Polaroid 2020 Time: 01:06<\/span><\/p>\n<p>&nbsp;<\/p>\n<p style=\"text-align: center;\"><strong><span style=\"font-family: helveticaneuelight; font-size: 14pt;\">Mona Barbagli<\/span><\/strong><\/p>\n<p style=\"text-align: center;\"><span style=\"font-family: helveticaneuelight; font-size: 14pt;\"><em>Proposed key action: Dreaming while watching the reflections in the water<\/em>, 2022 Time: 1:14<\/span><br \/>\n<span style=\"font-family: helveticaneuelight; font-size: 14pt;\"><em>Essential action proposal: Feeling strong and small<\/em> at the same time, 2022 Time: 0:56<\/span><\/p>\n<p>&nbsp;<\/p>\n<p style=\"text-align: center;\"><strong><span style=\"font-family: helveticaneuelight; font-size: 14pt;\">Tristan Blumel<\/span><\/strong><\/p>\n<p style=\"text-align: center;\"><span style=\"font-family: helveticaneuelight; font-size: 14pt;\"><em>Superficiality and depth<\/em>, 2022 video poem, extract from Avant Musique Duration: 0:31<\/span><\/p>\n<p>&nbsp;<\/p>\n<p style=\"text-align: center;\"><strong><span style=\"font-family: helveticaneuelight; font-size: 14pt;\">Aim\u00e9e Fleury and Justine Leroy<\/span><\/strong><\/p>\n<p style=\"text-align: center;\"><span style=\"font-family: helveticaneuelight; font-size: 14pt;\"><em>Hygienically Yours<\/em>, 2020 Time: 02:47<\/span><\/p>\n<p>&nbsp;<\/p>\n<p style=\"text-align: center;\"><strong><span style=\"font-family: helveticaneuelight; font-size: 14pt;\">Camille Franch-Guerra<\/span><\/strong><\/p>\n<p style=\"text-align: center;\"><span style=\"font-family: helveticaneuelight; font-size: 14pt;\"><em>Conciliabule \u00e0 la mer and l&#8217;apart\u00e9 de la mer \u00e0 Stromboli<\/em>, 2022 Talk Series<\/span><br \/>\n<span style=\"font-family: helveticaneuelight; font-size: 14pt;\">Running time: 05:08<\/span><\/p>\n<p>&nbsp;<\/p>\n<p style=\"text-align: center;\"><strong><span style=\"font-family: helveticaneuelight; font-size: 14pt;\">Beno\u00eet Barbagli<\/span><\/strong><\/p>\n<p style=\"text-align: center;\"><span style=\"font-family: helveticaneuelight; font-size: 14pt;\"><em>Under the chaos of life<\/em>, 2021 Running time: 03:41<\/span><\/p>\n<p>&nbsp;<\/p>\n<p style=\"text-align: center;\"><span style=\"font-size: 18pt;\"><strong><span style=\"font-family: helveticaneuelight;\">Screening at 4pm:<\/span><\/strong><\/span><\/p>\n<p style=\"text-align: center;\"><span style=\"font-family: helveticaneuelight; font-size: 14pt;\"><em>Palam<\/em> (Directed and edited by Evan Bourgeau)<\/span><\/p>\n<p style=\"text-align: center;\"><span style=\"font-family: helveticaneuelight; font-size: 14pt;\"><em>Envers l&#8217;or<\/em>, 2021 Video documentary Length: 36:00<\/span><\/p>\n<\/div>\n<\/div>\n<\/div>\n<\/div>\n<p>&nbsp;<\/p>\n<p>&nbsp;<\/p>\n<p>&nbsp;<\/p>\n<p style=\"text-align: center;\"><span style=\"text-decoration: underline;\"><span style=\"font-family: helveticaneuelight; font-size: 14pt;\"><a href=\"http:\/\/benoit-barbagli.com\/exposition\/tout-autour-l-eau\/\">More information on the exhibition  <\/a><\/span><\/span><\/p>\n<div class=\"page\" title=\"Page 1\">\n<div class=\"section\">\n<div class=\"layoutArea\">\n<p>&nbsp;<\/p>\n<\/div>\n<p style=\"text-align: center;\">In partnership with the OVNI festival:<\/p>\n<\/div>\n<\/div>\n<p><a href=\"https:\/\/www.ovni-festival.fr\/\"><img loading=\"lazy\" decoding=\"async\" class=\"size-medium wp-image-77398 aligncenter\" src=\"http:\/\/benoit-barbagli.com\/wp-content\/uploads\/2022\/12\/Capture-decran-2022-12-02-a-09.43.28-300x102.png\" alt=\"\" width=\"300\" height=\"102\"><\/a><\/p>\n<p>&nbsp;<\/p>\n<p>&nbsp;<\/p>\n<p>&nbsp;<\/p>\n<p><a href=\"http:\/\/eva-vautier.com\"><img loading=\"lazy\" decoding=\"async\" class=\"alignnone size-medium wp-image-73114 aligncenter\" src=\"http:\/\/benoit-barbagli.com\/wp-content\/uploads\/2021\/03\/Logo-Galerie-Eva-Vautier-2-300x35.jpg\" alt=\"\" width=\"300\" height=\"35\"><\/a><\/p>\n<p style=\"text-align: center;\">2 rue Vernier 06000 Nice<\/p>\n<p style=\"text-align: center;\">\n","protected":false},"excerpt":{"rendered":"<p>&nbsp; &nbsp; Exhibition video programming All around, water at galerieeva vautier ( 2 rue vernier Nice ) &nbsp; Beno\u00eet Barbagli Immersion, 2022 Running time 08:42 &nbsp; Evan Bourgeau Similar to what we feel, 2022 Reactivation video, performance and photography Polaroid 2020 Time: 01:06 &nbsp; Mona Barbagli Proposed key action: Dreaming while watching the reflections in [&hellip;]<\/p>\n","protected":false},"author":1,"featured_media":0,"parent":91175,"menu_order":0,"comment_status":"closed","ping_status":"closed","template":"","meta":{"_et_pb_use_builder":"off","_et_pb_old_content":"","_et_gb_content_width":"","footnotes":""},"class_list":["post-91193","page","type-page","status-publish","hentry"],"yoast_head":"<!-- This site is optimized with the Yoast SEO plugin v27.4 - https:\/\/yoast.com\/product\/yoast-seo-wordpress\/ -->\n<title>Video programming for the exhibition All around, water - benoit-barbagli.com<\/title>\n<meta name=\"description\" content=\"Benoit Barbagli vit et travaille \u00e0 ParisIng\u00e9nieur en technologie conceptuelle, \u00e9labore un r\u00e9seau de transmission de pens\u00e9es \u00e0 distance sans interface interm\u00e9diaire. Une technologie qui agit comme un lubrifiant sur les mots et les choses, entre les gestes et les \u00e9motions, pour les assouplir et les connecter. Il utilise pour y parvenir l\u2019amour et la vie.\" \/>\n<meta name=\"robots\" content=\"index, follow, max-snippet:-1, max-image-preview:large, max-video-preview:-1\" \/>\n<link rel=\"canonical\" href=\"https:\/\/benoit-barbagli.com\/en\/archive\/video-programming-for-the-exhibition-all-around-water\/\" \/>\n<meta property=\"og:locale\" content=\"en_US\" \/>\n<meta property=\"og:type\" content=\"article\" \/>\n<meta property=\"og:title\" content=\"Video programming for the exhibition All around, water - benoit-barbagli.com\" \/>\n<meta property=\"og:description\" content=\"Benoit Barbagli vit et travaille \u00e0 ParisIng\u00e9nieur en technologie conceptuelle, \u00e9labore un r\u00e9seau de transmission de pens\u00e9es \u00e0 distance sans interface interm\u00e9diaire. Une technologie qui agit comme un lubrifiant sur les mots et les choses, entre les gestes et les \u00e9motions, pour les assouplir et les connecter. Il utilise pour y parvenir l\u2019amour et la vie.\" \/>\n<meta property=\"og:url\" content=\"https:\/\/benoit-barbagli.com\/en\/archive\/video-programming-for-the-exhibition-all-around-water\/\" \/>\n<meta property=\"og:site_name\" content=\"benoit-barbagli.com\" \/>\n<meta property=\"og:image\" content=\"http:\/\/benoit-barbagli.com\/wp-content\/uploads\/2022\/12\/Capture-decran-2022-12-01-a-11.18.39-1024x499.png\" \/>\n<meta name=\"twitter:card\" content=\"summary_large_image\" \/>\n<meta name=\"twitter:label1\" content=\"Est. reading time\" \/>\n\t<meta name=\"twitter:data1\" content=\"1 minute\" \/>\n<script type=\"application\/ld+json\" class=\"yoast-schema-graph\">{\"@context\":\"https:\\\/\\\/schema.org\",\"@graph\":[{\"@type\":\"WebPage\",\"@id\":\"https:\\\/\\\/benoit-barbagli.com\\\/en\\\/archive\\\/video-programming-for-the-exhibition-all-around-water\\\/\",\"url\":\"https:\\\/\\\/benoit-barbagli.com\\\/en\\\/archive\\\/video-programming-for-the-exhibition-all-around-water\\\/\",\"name\":\"Video programming for the exhibition All around, water - benoit-barbagli.com\",\"isPartOf\":{\"@id\":\"https:\\\/\\\/benoit-barbagli.com\\\/en\\\/#website\"},\"primaryImageOfPage\":{\"@id\":\"https:\\\/\\\/benoit-barbagli.com\\\/en\\\/archive\\\/video-programming-for-the-exhibition-all-around-water\\\/#primaryimage\"},\"image\":{\"@id\":\"https:\\\/\\\/benoit-barbagli.com\\\/en\\\/archive\\\/video-programming-for-the-exhibition-all-around-water\\\/#primaryimage\"},\"thumbnailUrl\":\"http:\\\/\\\/benoit-barbagli.com\\\/wp-content\\\/uploads\\\/2022\\\/12\\\/Capture-decran-2022-12-01-a-11.18.39-1024x499.png\",\"datePublished\":\"2024-02-03T09:44:04+00:00\",\"description\":\"Benoit Barbagli vit et travaille \u00e0 ParisIng\u00e9nieur en technologie conceptuelle, \u00e9labore un r\u00e9seau de transmission de pens\u00e9es \u00e0 distance sans interface interm\u00e9diaire. Une technologie qui agit comme un lubrifiant sur les mots et les choses, entre les gestes et les \u00e9motions, pour les assouplir et les connecter. Il utilise pour y parvenir l\u2019amour et la vie.\",\"breadcrumb\":{\"@id\":\"https:\\\/\\\/benoit-barbagli.com\\\/en\\\/archive\\\/video-programming-for-the-exhibition-all-around-water\\\/#breadcrumb\"},\"inLanguage\":\"en-US\",\"potentialAction\":[{\"@type\":\"ReadAction\",\"target\":[\"https:\\\/\\\/benoit-barbagli.com\\\/en\\\/archive\\\/video-programming-for-the-exhibition-all-around-water\\\/\"]}]},{\"@type\":\"ImageObject\",\"inLanguage\":\"en-US\",\"@id\":\"https:\\\/\\\/benoit-barbagli.com\\\/en\\\/archive\\\/video-programming-for-the-exhibition-all-around-water\\\/#primaryimage\",\"url\":\"http:\\\/\\\/benoit-barbagli.com\\\/wp-content\\\/uploads\\\/2022\\\/12\\\/Capture-decran-2022-12-01-a-11.18.39-1024x499.png\",\"contentUrl\":\"http:\\\/\\\/benoit-barbagli.com\\\/wp-content\\\/uploads\\\/2022\\\/12\\\/Capture-decran-2022-12-01-a-11.18.39-1024x499.png\"},{\"@type\":\"BreadcrumbList\",\"@id\":\"https:\\\/\\\/benoit-barbagli.com\\\/en\\\/archive\\\/video-programming-for-the-exhibition-all-around-water\\\/#breadcrumb\",\"itemListElement\":[{\"@type\":\"ListItem\",\"position\":1,\"name\":\"Accueil\",\"item\":\"https:\\\/\\\/benoit-barbagli.com\\\/en\\\/\"},{\"@type\":\"ListItem\",\"position\":2,\"name\":\"~Archive\",\"item\":\"https:\\\/\\\/benoit-barbagli.com\\\/en\\\/archive\\\/\"},{\"@type\":\"ListItem\",\"position\":3,\"name\":\"Video programming for the exhibition All around, water\"}]},{\"@type\":\"WebSite\",\"@id\":\"https:\\\/\\\/benoit-barbagli.com\\\/en\\\/#website\",\"url\":\"https:\\\/\\\/benoit-barbagli.com\\\/en\\\/\",\"name\":\"benoit-barbagli.com\",\"description\":\"Sous le chaos, la vie\",\"publisher\":{\"@id\":\"https:\\\/\\\/benoit-barbagli.com\\\/en\\\/#\\\/schema\\\/person\\\/78c8df9be07e5f4f79d983f84aafeefd\"},\"potentialAction\":[{\"@type\":\"SearchAction\",\"target\":{\"@type\":\"EntryPoint\",\"urlTemplate\":\"https:\\\/\\\/benoit-barbagli.com\\\/en\\\/?s={search_term_string}\"},\"query-input\":{\"@type\":\"PropertyValueSpecification\",\"valueRequired\":true,\"valueName\":\"search_term_string\"}}],\"inLanguage\":\"en-US\"},{\"@type\":[\"Person\",\"Organization\"],\"@id\":\"https:\\\/\\\/benoit-barbagli.com\\\/en\\\/#\\\/schema\\\/person\\\/78c8df9be07e5f4f79d983f84aafeefd\",\"name\":\"benoitbarbagli\",\"image\":{\"@type\":\"ImageObject\",\"inLanguage\":\"en-US\",\"@id\":\"https:\\\/\\\/benoit-barbagli.com\\\/wp-content\\\/uploads\\\/2025\\\/04\\\/Sisyphe-V-V3-final-scaled.jpg\",\"url\":\"https:\\\/\\\/benoit-barbagli.com\\\/wp-content\\\/uploads\\\/2025\\\/04\\\/Sisyphe-V-V3-final-scaled.jpg\",\"contentUrl\":\"https:\\\/\\\/benoit-barbagli.com\\\/wp-content\\\/uploads\\\/2025\\\/04\\\/Sisyphe-V-V3-final-scaled.jpg\",\"width\":1713,\"height\":2560,\"caption\":\"benoitbarbagli\"},\"logo\":{\"@id\":\"https:\\\/\\\/benoit-barbagli.com\\\/wp-content\\\/uploads\\\/2025\\\/04\\\/Sisyphe-V-V3-final-scaled.jpg\"}}]}<\/script>\n<!-- \/ Yoast SEO plugin. -->","yoast_head_json":{"title":"Video programming for the exhibition All around, water - benoit-barbagli.com","description":"Benoit Barbagli vit et travaille \u00e0 ParisIng\u00e9nieur en technologie conceptuelle, \u00e9labore un r\u00e9seau de transmission de pens\u00e9es \u00e0 distance sans interface interm\u00e9diaire. Une technologie qui agit comme un lubrifiant sur les mots et les choses, entre les gestes et les \u00e9motions, pour les assouplir et les connecter. Il utilise pour y parvenir l\u2019amour et la vie.","robots":{"index":"index","follow":"follow","max-snippet":"max-snippet:-1","max-image-preview":"max-image-preview:large","max-video-preview":"max-video-preview:-1"},"canonical":"https:\/\/benoit-barbagli.com\/en\/archive\/video-programming-for-the-exhibition-all-around-water\/","og_locale":"en_US","og_type":"article","og_title":"Video programming for the exhibition All around, water - benoit-barbagli.com","og_description":"Benoit Barbagli vit et travaille \u00e0 ParisIng\u00e9nieur en technologie conceptuelle, \u00e9labore un r\u00e9seau de transmission de pens\u00e9es \u00e0 distance sans interface interm\u00e9diaire. Une technologie qui agit comme un lubrifiant sur les mots et les choses, entre les gestes et les \u00e9motions, pour les assouplir et les connecter. Il utilise pour y parvenir l\u2019amour et la vie.","og_url":"https:\/\/benoit-barbagli.com\/en\/archive\/video-programming-for-the-exhibition-all-around-water\/","og_site_name":"benoit-barbagli.com","og_image":[{"url":"http:\/\/benoit-barbagli.com\/wp-content\/uploads\/2022\/12\/Capture-decran-2022-12-01-a-11.18.39-1024x499.png","type":"","width":"","height":""}],"twitter_card":"summary_large_image","twitter_misc":{"Est. reading time":"1 minute"},"schema":{"@context":"https:\/\/schema.org","@graph":[{"@type":"WebPage","@id":"https:\/\/benoit-barbagli.com\/en\/archive\/video-programming-for-the-exhibition-all-around-water\/","url":"https:\/\/benoit-barbagli.com\/en\/archive\/video-programming-for-the-exhibition-all-around-water\/","name":"Video programming for the exhibition All around, water - benoit-barbagli.com","isPartOf":{"@id":"https:\/\/benoit-barbagli.com\/en\/#website"},"primaryImageOfPage":{"@id":"https:\/\/benoit-barbagli.com\/en\/archive\/video-programming-for-the-exhibition-all-around-water\/#primaryimage"},"image":{"@id":"https:\/\/benoit-barbagli.com\/en\/archive\/video-programming-for-the-exhibition-all-around-water\/#primaryimage"},"thumbnailUrl":"http:\/\/benoit-barbagli.com\/wp-content\/uploads\/2022\/12\/Capture-decran-2022-12-01-a-11.18.39-1024x499.png","datePublished":"2024-02-03T09:44:04+00:00","description":"Benoit Barbagli vit et travaille \u00e0 ParisIng\u00e9nieur en technologie conceptuelle, \u00e9labore un r\u00e9seau de transmission de pens\u00e9es \u00e0 distance sans interface interm\u00e9diaire. Une technologie qui agit comme un lubrifiant sur les mots et les choses, entre les gestes et les \u00e9motions, pour les assouplir et les connecter. Il utilise pour y parvenir l\u2019amour et la vie.","breadcrumb":{"@id":"https:\/\/benoit-barbagli.com\/en\/archive\/video-programming-for-the-exhibition-all-around-water\/#breadcrumb"},"inLanguage":"en-US","potentialAction":[{"@type":"ReadAction","target":["https:\/\/benoit-barbagli.com\/en\/archive\/video-programming-for-the-exhibition-all-around-water\/"]}]},{"@type":"ImageObject","inLanguage":"en-US","@id":"https:\/\/benoit-barbagli.com\/en\/archive\/video-programming-for-the-exhibition-all-around-water\/#primaryimage","url":"http:\/\/benoit-barbagli.com\/wp-content\/uploads\/2022\/12\/Capture-decran-2022-12-01-a-11.18.39-1024x499.png","contentUrl":"http:\/\/benoit-barbagli.com\/wp-content\/uploads\/2022\/12\/Capture-decran-2022-12-01-a-11.18.39-1024x499.png"},{"@type":"BreadcrumbList","@id":"https:\/\/benoit-barbagli.com\/en\/archive\/video-programming-for-the-exhibition-all-around-water\/#breadcrumb","itemListElement":[{"@type":"ListItem","position":1,"name":"Accueil","item":"https:\/\/benoit-barbagli.com\/en\/"},{"@type":"ListItem","position":2,"name":"~Archive","item":"https:\/\/benoit-barbagli.com\/en\/archive\/"},{"@type":"ListItem","position":3,"name":"Video programming for the exhibition All around, water"}]},{"@type":"WebSite","@id":"https:\/\/benoit-barbagli.com\/en\/#website","url":"https:\/\/benoit-barbagli.com\/en\/","name":"benoit-barbagli.com","description":"Sous le chaos, la vie","publisher":{"@id":"https:\/\/benoit-barbagli.com\/en\/#\/schema\/person\/78c8df9be07e5f4f79d983f84aafeefd"},"potentialAction":[{"@type":"SearchAction","target":{"@type":"EntryPoint","urlTemplate":"https:\/\/benoit-barbagli.com\/en\/?s={search_term_string}"},"query-input":{"@type":"PropertyValueSpecification","valueRequired":true,"valueName":"search_term_string"}}],"inLanguage":"en-US"},{"@type":["Person","Organization"],"@id":"https:\/\/benoit-barbagli.com\/en\/#\/schema\/person\/78c8df9be07e5f4f79d983f84aafeefd","name":"benoitbarbagli","image":{"@type":"ImageObject","inLanguage":"en-US","@id":"https:\/\/benoit-barbagli.com\/wp-content\/uploads\/2025\/04\/Sisyphe-V-V3-final-scaled.jpg","url":"https:\/\/benoit-barbagli.com\/wp-content\/uploads\/2025\/04\/Sisyphe-V-V3-final-scaled.jpg","contentUrl":"https:\/\/benoit-barbagli.com\/wp-content\/uploads\/2025\/04\/Sisyphe-V-V3-final-scaled.jpg","width":1713,"height":2560,"caption":"benoitbarbagli"},"logo":{"@id":"https:\/\/benoit-barbagli.com\/wp-content\/uploads\/2025\/04\/Sisyphe-V-V3-final-scaled.jpg"}}]}},"_links":{"self":[{"href":"https:\/\/benoit-barbagli.com\/en\/wp-json\/wp\/v2\/pages\/91193","targetHints":{"allow":["GET"]}}],"collection":[{"href":"https:\/\/benoit-barbagli.com\/en\/wp-json\/wp\/v2\/pages"}],"about":[{"href":"https:\/\/benoit-barbagli.com\/en\/wp-json\/wp\/v2\/types\/page"}],"author":[{"embeddable":true,"href":"https:\/\/benoit-barbagli.com\/en\/wp-json\/wp\/v2\/users\/1"}],"replies":[{"embeddable":true,"href":"https:\/\/benoit-barbagli.com\/en\/wp-json\/wp\/v2\/comments?post=91193"}],"version-history":[{"count":0,"href":"https:\/\/benoit-barbagli.com\/en\/wp-json\/wp\/v2\/pages\/91193\/revisions"}],"up":[{"embeddable":true,"href":"https:\/\/benoit-barbagli.com\/en\/wp-json\/wp\/v2\/pages\/91175"}],"wp:attachment":[{"href":"https:\/\/benoit-barbagli.com\/en\/wp-json\/wp\/v2\/media?parent=91193"}],"curies":[{"name":"wp","href":"https:\/\/api.w.org\/{rel}","templated":true}]}}