{"id":91238,"date":"2024-02-03T09:44:08","date_gmt":"2024-02-03T09:44:08","guid":{"rendered":"https:\/\/benoit-barbagli.com\/newsletter\/"},"modified":"2024-02-03T09:44:09","modified_gmt":"2024-02-03T09:44:09","slug":"newsletter","status":"publish","type":"page","link":"https:\/\/benoit-barbagli.com\/en\/home-2\/newsletter\/","title":{"rendered":"Newsletter"},"content":{"rendered":"<p>[et_pb_section fb_built=&#8221;1&#8243; _builder_version=&#8221;4.21.2&#8243; _module_preset=&#8221;default&#8221; global_colors_info=&#8221;{}&#8221; da_is_popup=&#8221;off&#8221; da_exit_intent=&#8221;off&#8221; da_has_close=&#8221;on&#8221; da_alt_close=&#8221;off&#8221; da_dark_close=&#8221;off&#8221; da_not_modal=&#8221;on&#8221; da_is_singular=&#8221;off&#8221; da_with_loader=&#8221;off&#8221; da_has_shadow=&#8221;on&#8221; da_disable_devices=&#8221;off|off|off&#8221;][et_pb_row column_structure=&#8221;1_5,3_5,1_5&#8243; _builder_version=&#8221;4.21.2&#8243; _module_preset=&#8221;default&#8221; global_colors_info=&#8221;{}&#8221;][et_pb_column type=&#8221;1_5&#8243; _builder_version=&#8221;4.21.2&#8243; _module_preset=&#8221;default&#8221; global_colors_info=&#8221;{}&#8221;][\/et_pb_column][et_pb_column type=&#8221;3_5&#8243; _builder_version=&#8221;4.21.2&#8243; _module_preset=&#8221;default&#8221; global_colors_info=&#8221;{}&#8221;][et_pb_text _builder_version=&#8221;4.21.2&#8243; _module_preset=&#8221;d449af71-b67e-4d4d-a692-dec7eb2abb5f&#8221; global_colors_info=&#8221;{}&#8221;]<\/p>\n<p style=\"text-align: center;\">Newsletter<\/p>\n<p>[\/et_pb_text][et_pb_text _builder_version=&#8221;4.23&#8243; _module_preset=&#8221;default&#8221; global_colors_info=&#8221;{}&#8221;]<\/p>\n<p>Dear friends,<\/p>\n<p>By subscribing to my newsletter or joining my Telegram channel, here&#8217;s what you can find out:<\/p>\n<ul>\n<li>Keep up to date with the latest news on my artistic projects, the activities of the Palam collective, and news from my friends.<\/li>\n<li>Be the first to see my works before they are published on social networks.<\/li>\n<li>Join the conversation: I share my thoughts on contemporary art, social and political philosophy, and the role of artificial intelligence in art through my blog posts. I really appreciate your interactions, your ideas, questions and comments, which are an inexhaustible source of inspiration for me.<\/li>\n<\/ul>\n<p>[\/et_pb_text][et_pb_icon font_icon=&#8221;&#xf133;||fa||900&#8243; icon_color=&#8221;#000000&#8243; icon_width=&#8221;39px&#8221; url=&#8221;https:\/\/t.me\/Sine_Fine_Newsletter&#8221; url_new_window=&#8221;on&#8221; _builder_version=&#8221;4.23&#8243; _module_preset=&#8221;default&#8221; hover_enabled=&#8221;0&#8243; global_colors_info=&#8221;{}&#8221; sticky_enabled=&#8221;0&#8243;][\/et_pb_icon][et_pb_text _builder_version=&#8221;4.23&#8243; _module_preset=&#8221;default&#8221; hover_enabled=&#8221;0&#8243; global_colors_info=&#8221;{}&#8221; sticky_enabled=&#8221;0&#8243;]<\/p>\n<p style=\"text-align: center;\"><a href=\"https:\/\/calendar.google.com\/calendar\/u\/0?cid=aWl2cW9sampibmtvM2E2ZG5rMm05dHJhdmNAZ3JvdXAuY2FsZW5kYXIuZ29vZ2xlLmNvbQ\">Public Agenda<\/a><\/p>\n<p style=\"text-align: center;\">The public diary will notify you of all events related to my news or that of Palam or Synnoesis.<\/p>\n<div id=\"gtx-trans\" style=\"position: absolute; left: 268px; top: 31px;\">\n<div class=\"gtx-trans-icon\"><\/div>\n<\/div>\n<p>[\/et_pb_text][et_pb_icon font_icon=&#8221;&#xf3fe;||fa||400&#8243; icon_color=&#8221;#000000&#8243; icon_width=&#8221;39px&#8221; url=&#8221;https:\/\/t.me\/Sine_Fine_Newsletter&#8221; url_new_window=&#8221;on&#8221; _builder_version=&#8221;4.21.2&#8243; _module_preset=&#8221;default&#8221; global_colors_info=&#8221;{}&#8221;][\/et_pb_icon][et_pb_text _builder_version=&#8221;4.23&#8243; _module_preset=&#8221;default&#8221; hover_enabled=&#8221;0&#8243; global_colors_info=&#8221;{}&#8221; sticky_enabled=&#8221;0&#8243;]<\/p>\n<p style=\"text-align: center;\"><a href=\"https:\/\/t.me\/Sine_Fine_Newsletter\"><strong>Canal Telegram  <\/strong><\/a><\/p>\n<p style=\"text-align: center;\">\n<div id=\"gtx-trans\" style=\"position: absolute; left: 268px; top: 31px;\">\n<div class=\"gtx-trans-icon\"><\/div>\n<\/div>\n<p>[\/et_pb_text][et_pb_text _builder_version=&#8221;4.21.2&#8243; _module_preset=&#8221;default&#8221; global_colors_info=&#8221;{}&#8221;]<\/p>\n<p style=\"text-align: center;\"><b>Subscribe to our newsletter<\/b><\/p>\n<p>[\/et_pb_text][et_pb_code _builder_version=&#8221;4.21.2&#8243; _module_preset=&#8221;default&#8221; custom_css_main_element=&#8221;.conteneur-formulaire {||    font-size: 14px;||}||||.labelle-cache {||    display: none;||}||||.email-cache {||    display: none;||}||||.entree {||    border-radius: 0;||    border: 1px solid #ddd;||    padding: 8px 12px;||    margin-bottom: 10px;||    width: 100%;||}||||.entree-prenom,||.entree-nomfamille {||    background-color: #f0f0f0;||}||||.bouton {||    background-color: #000;||    color: #fff;||    border: none;||    padding: 10px 15px;||    cursor: pointer;||    border-radius: 0;||    width: 100%;||    text-align: center;||}||||.bouton:hover {||    background-color: #333;||}||&#8221; global_colors_info=&#8221;{}&#8221;]<\/p>\n<div class=\"conteneur-formulaire\"><!-- [et_pb_line_break_holder] -->    <\/p>\n<form id=\"formulairePersonnalise\" method=\"post\" action=\"https:\/\/www.dm-mailinglist.com\/subscribe\" class=\"formulaire\"><!-- [et_pb_line_break_holder] -->        <input type=\"hidden\" name=\"form_id\" value=\"d934f9db\"><!-- [et_pb_line_break_holder] -->        <input type=\"email\" name=\"email\" class=\"email-cache\"><!-- [et_pb_line_break_holder] -->        <!-- [et_pb_line_break_holder] -->        <\/p>\n<div class=\"champ\"><!-- [et_pb_line_break_holder] -->            <label for=\"prenom\" class=\"labelle-cache\">Pr\u00e9nom<\/label><!-- [et_pb_line_break_holder] -->            <input type=\"text\" id=\"prenom\" name=\"first_name\" placeholder=\"Pr\u00e9nom\" class=\"entree entree-prenom\"><!-- [et_pb_line_break_holder] -->        <\/div>\n<p><!-- [et_pb_line_break_holder] -->        <!-- [et_pb_line_break_holder] -->        <\/p>\n<div class=\"champ\"><!-- [et_pb_line_break_holder] -->            <label for=\"nomFamille\" class=\"labelle-cache\">Nom de famille<\/label><!-- [et_pb_line_break_holder] -->            <input type=\"text\" id=\"nomFamille\" name=\"last_name\" placeholder=\"Nom de famille\" class=\"entree entree-nomfamille\"><!-- [et_pb_line_break_holder] -->        <\/div>\n<p><!-- [et_pb_line_break_holder] -->        <!-- [et_pb_line_break_holder] -->        <\/p>\n<div class=\"champ\"><!-- [et_pb_line_break_holder] -->            <label for=\"emailAbonne\" class=\"labelle-cache\">E-mail<\/label><!-- [et_pb_line_break_holder] -->            <input type=\"email\" id=\"emailAbonne\" name=\"subscriber_email\" placeholder=\"E-mail*\" class=\"entree entree-email\"><!-- [et_pb_line_break_holder] -->        <\/div>\n<p><!-- [et_pb_line_break_holder] -->        <!-- [et_pb_line_break_holder] -->        <\/p>\n<div class=\"conteneur-bouton\"><!-- [et_pb_line_break_holder] -->            <button type=\"submit\" class=\"bouton\">S&#8217;abonner<\/button><!-- [et_pb_line_break_holder] -->        <\/div>\n<p><!-- [et_pb_line_break_holder] -->    <\/form>\n<p><!-- [et_pb_line_break_holder] --><\/div>\n<p><!-- [et_pb_line_break_holder] -->[\/et_pb_code][\/et_pb_column][et_pb_column type=&#8221;1_5&#8243; _builder_version=&#8221;4.21.2&#8243; _module_preset=&#8221;default&#8221; global_colors_info=&#8221;{}&#8221;][\/et_pb_column][\/et_pb_row][et_pb_row _builder_version=&#8221;4.21.2&#8243; _module_preset=&#8221;default&#8221; custom_css_main_element=&#8221;.custom-form-container {||    font-size: 14px;||}||||.hidden-label {||    display: none;||}||||.hidden-email {||    display: none;||}||||.custom-input {||    border-radius: 0;||    border: 1px solid #ddd;||    padding: 8px 12px;||    margin-bottom: 10px;||    width: 100%;||}||||.custom-input-name,||.custom-input-lastname {||    background-color: #f0f0f0;||}||||.custom-button {||    background-color: #000;||    color: #fff;||    border: none;||    padding: 10px 15px;||    cursor: pointer;||    border-radius: 0;||    display: inline-block;||    text-align: center;||}||||.custom-button:hover {||    background-color: #333;||}||&#8221; global_colors_info=&#8221;{}&#8221;][et_pb_column type=&#8221;4_4&#8243; _builder_version=&#8221;4.21.2&#8243; _module_preset=&#8221;default&#8221; global_colors_info=&#8221;{}&#8221;][et_pb_text _builder_version=&#8221;4.21.2&#8243; _module_preset=&#8221;default&#8221; global_colors_info=&#8221;{}&#8221;]<\/p>\n<p style=\"text-align: center;\"><a href=\"https:\/\/dm-mailinglist.com\/unsubscribe?f=d934f9db\">Unsubscribe<\/a><\/p>\n<p>[\/et_pb_text][\/et_pb_column][\/et_pb_row][et_pb_row _builder_version=&#8221;4.21.2&#8243; _module_preset=&#8221;default&#8221; global_colors_info=&#8221;{}&#8221;][et_pb_column type=&#8221;4_4&#8243; _builder_version=&#8221;4.21.2&#8243; _module_preset=&#8221;default&#8221; global_colors_info=&#8221;{}&#8221;][et_pb_code _builder_version=&#8221;4.21.2&#8243; _module_preset=&#8221;default&#8221; min_height=&#8221;54px&#8221; global_colors_info=&#8221;{}&#8221;]    <\/p>\n<div id=\"confirmationMessage\" style=\"display: none;\"><!-- [et_pb_line_break_holder] -->        <pee>Please check your e-mail. An e-mail has been sent to <span id=\"emailAddress\">benoit.barbagli@gmail.com<\/span> to verify your e-mail address. Please check your inbox and follow the instructions in the message to confirm your subscription.<\/pee><!-- [et_pb_line_break_holder] -->        <button onclick=\"toggleMessage()\">Hide<\/button><!-- [et_pb_line_break_holder] -->    <\/div>\n<p>[\/et_pb_code][\/et_pb_column][\/et_pb_row][\/et_pb_section]<\/p>\n","protected":false},"excerpt":{"rendered":"<p>NewsletterDear friends, By subscribing to my newsletter or joining my Telegram channel, here&#8217;s what you can find out: Keep up to date with the latest news on my artistic projects, the activities of the Palam collective, and news from my friends. Be the first to see my works before they are published on social networks. [&hellip;]<\/p>\n","protected":false},"author":1,"featured_media":0,"parent":91191,"menu_order":0,"comment_status":"closed","ping_status":"closed","template":"","meta":{"_et_pb_use_builder":"on","_et_pb_old_content":"","_et_gb_content_width":"","footnotes":""},"class_list":["post-91238","page","type-page","status-publish","hentry"],"yoast_head":"<!-- This site is optimized with the Yoast SEO plugin v27.3 - https:\/\/yoast.com\/product\/yoast-seo-wordpress\/ -->\n<title>Newsletter - benoit-barbagli.com<\/title>\n<meta name=\"description\" content=\"Benoit Barbagli vit et travaille \u00e0 ParisIng\u00e9nieur en technologie conceptuelle, \u00e9labore un r\u00e9seau de transmission de pens\u00e9es \u00e0 distance sans interface interm\u00e9diaire. Une technologie qui agit comme un lubrifiant sur les mots et les choses, entre les gestes et les \u00e9motions, pour les assouplir et les connecter. Il utilise pour y parvenir l\u2019amour et la vie.\" \/>\n<meta name=\"robots\" content=\"index, follow, max-snippet:-1, max-image-preview:large, max-video-preview:-1\" \/>\n<link rel=\"canonical\" href=\"https:\/\/benoit-barbagli.com\/en\/home-2\/newsletter\/\" \/>\n<meta property=\"og:locale\" content=\"en_US\" \/>\n<meta property=\"og:type\" content=\"article\" \/>\n<meta property=\"og:title\" content=\"Newsletter - benoit-barbagli.com\" \/>\n<meta property=\"og:description\" content=\"Benoit Barbagli vit et travaille \u00e0 ParisIng\u00e9nieur en technologie conceptuelle, \u00e9labore un r\u00e9seau de transmission de pens\u00e9es \u00e0 distance sans interface interm\u00e9diaire. Une technologie qui agit comme un lubrifiant sur les mots et les choses, entre les gestes et les \u00e9motions, pour les assouplir et les connecter. Il utilise pour y parvenir l\u2019amour et la vie.\" \/>\n<meta property=\"og:url\" content=\"https:\/\/benoit-barbagli.com\/en\/home-2\/newsletter\/\" \/>\n<meta property=\"og:site_name\" content=\"benoit-barbagli.com\" \/>\n<meta property=\"article:modified_time\" content=\"2024-02-03T09:44:09+00:00\" \/>\n<meta property=\"og:image\" content=\"https:\/\/benoit-barbagli.com\/wp-content\/uploads\/2019\/05\/DSC02317-scaled.jpg\" \/>\n\t<meta property=\"og:image:width\" content=\"2560\" \/>\n\t<meta property=\"og:image:height\" content=\"1630\" \/>\n\t<meta property=\"og:image:type\" content=\"image\/jpeg\" \/>\n<meta name=\"twitter:card\" content=\"summary_large_image\" \/>\n<meta name=\"twitter:label1\" content=\"Est. reading time\" \/>\n\t<meta name=\"twitter:data1\" content=\"3 minutes\" \/>\n<script type=\"application\/ld+json\" class=\"yoast-schema-graph\">{\"@context\":\"https:\\\/\\\/schema.org\",\"@graph\":[{\"@type\":\"WebPage\",\"@id\":\"https:\\\/\\\/benoit-barbagli.com\\\/en\\\/home-2\\\/newsletter\\\/\",\"url\":\"https:\\\/\\\/benoit-barbagli.com\\\/en\\\/home-2\\\/newsletter\\\/\",\"name\":\"Newsletter - benoit-barbagli.com\",\"isPartOf\":{\"@id\":\"https:\\\/\\\/benoit-barbagli.com\\\/en\\\/#website\"},\"datePublished\":\"2024-02-03T09:44:08+00:00\",\"dateModified\":\"2024-02-03T09:44:09+00:00\",\"description\":\"Benoit Barbagli vit et travaille \u00e0 ParisIng\u00e9nieur en technologie conceptuelle, \u00e9labore un r\u00e9seau de transmission de pens\u00e9es \u00e0 distance sans interface interm\u00e9diaire. Une technologie qui agit comme un lubrifiant sur les mots et les choses, entre les gestes et les \u00e9motions, pour les assouplir et les connecter. Il utilise pour y parvenir l\u2019amour et la vie.\",\"breadcrumb\":{\"@id\":\"https:\\\/\\\/benoit-barbagli.com\\\/en\\\/home-2\\\/newsletter\\\/#breadcrumb\"},\"inLanguage\":\"en-US\",\"potentialAction\":[{\"@type\":\"ReadAction\",\"target\":[\"https:\\\/\\\/benoit-barbagli.com\\\/en\\\/home-2\\\/newsletter\\\/\"]}]},{\"@type\":\"BreadcrumbList\",\"@id\":\"https:\\\/\\\/benoit-barbagli.com\\\/en\\\/home-2\\\/newsletter\\\/#breadcrumb\",\"itemListElement\":[{\"@type\":\"ListItem\",\"position\":1,\"name\":\"Accueil\",\"item\":\"https:\\\/\\\/benoit-barbagli.com\\\/en\\\/\"},{\"@type\":\"ListItem\",\"position\":2,\"name\":\"Home\",\"item\":\"https:\\\/\\\/benoit-barbagli.com\\\/en\\\/\"},{\"@type\":\"ListItem\",\"position\":3,\"name\":\"Newsletter\"}]},{\"@type\":\"WebSite\",\"@id\":\"https:\\\/\\\/benoit-barbagli.com\\\/en\\\/#website\",\"url\":\"https:\\\/\\\/benoit-barbagli.com\\\/en\\\/\",\"name\":\"benoit-barbagli.com\",\"description\":\"Sous le chaos, la vie\",\"publisher\":{\"@id\":\"https:\\\/\\\/benoit-barbagli.com\\\/en\\\/#\\\/schema\\\/person\\\/78c8df9be07e5f4f79d983f84aafeefd\"},\"potentialAction\":[{\"@type\":\"SearchAction\",\"target\":{\"@type\":\"EntryPoint\",\"urlTemplate\":\"https:\\\/\\\/benoit-barbagli.com\\\/en\\\/?s={search_term_string}\"},\"query-input\":{\"@type\":\"PropertyValueSpecification\",\"valueRequired\":true,\"valueName\":\"search_term_string\"}}],\"inLanguage\":\"en-US\"},{\"@type\":[\"Person\",\"Organization\"],\"@id\":\"https:\\\/\\\/benoit-barbagli.com\\\/en\\\/#\\\/schema\\\/person\\\/78c8df9be07e5f4f79d983f84aafeefd\",\"name\":\"benoitbarbagli\",\"image\":{\"@type\":\"ImageObject\",\"inLanguage\":\"en-US\",\"@id\":\"https:\\\/\\\/benoit-barbagli.com\\\/wp-content\\\/uploads\\\/2025\\\/04\\\/Sisyphe-V-V3-final-scaled.jpg\",\"url\":\"https:\\\/\\\/benoit-barbagli.com\\\/wp-content\\\/uploads\\\/2025\\\/04\\\/Sisyphe-V-V3-final-scaled.jpg\",\"contentUrl\":\"https:\\\/\\\/benoit-barbagli.com\\\/wp-content\\\/uploads\\\/2025\\\/04\\\/Sisyphe-V-V3-final-scaled.jpg\",\"width\":1713,\"height\":2560,\"caption\":\"benoitbarbagli\"},\"logo\":{\"@id\":\"https:\\\/\\\/benoit-barbagli.com\\\/wp-content\\\/uploads\\\/2025\\\/04\\\/Sisyphe-V-V3-final-scaled.jpg\"}}]}<\/script>\n<!-- \/ Yoast SEO plugin. -->","yoast_head_json":{"title":"Newsletter - benoit-barbagli.com","description":"Benoit Barbagli vit et travaille \u00e0 ParisIng\u00e9nieur en technologie conceptuelle, \u00e9labore un r\u00e9seau de transmission de pens\u00e9es \u00e0 distance sans interface interm\u00e9diaire. Une technologie qui agit comme un lubrifiant sur les mots et les choses, entre les gestes et les \u00e9motions, pour les assouplir et les connecter. Il utilise pour y parvenir l\u2019amour et la vie.","robots":{"index":"index","follow":"follow","max-snippet":"max-snippet:-1","max-image-preview":"max-image-preview:large","max-video-preview":"max-video-preview:-1"},"canonical":"https:\/\/benoit-barbagli.com\/en\/home-2\/newsletter\/","og_locale":"en_US","og_type":"article","og_title":"Newsletter - benoit-barbagli.com","og_description":"Benoit Barbagli vit et travaille \u00e0 ParisIng\u00e9nieur en technologie conceptuelle, \u00e9labore un r\u00e9seau de transmission de pens\u00e9es \u00e0 distance sans interface interm\u00e9diaire. Une technologie qui agit comme un lubrifiant sur les mots et les choses, entre les gestes et les \u00e9motions, pour les assouplir et les connecter. Il utilise pour y parvenir l\u2019amour et la vie.","og_url":"https:\/\/benoit-barbagli.com\/en\/home-2\/newsletter\/","og_site_name":"benoit-barbagli.com","article_modified_time":"2024-02-03T09:44:09+00:00","og_image":[{"width":2560,"height":1630,"url":"https:\/\/benoit-barbagli.com\/wp-content\/uploads\/2019\/05\/DSC02317-scaled.jpg","type":"image\/jpeg"}],"twitter_card":"summary_large_image","twitter_misc":{"Est. reading time":"3 minutes"},"schema":{"@context":"https:\/\/schema.org","@graph":[{"@type":"WebPage","@id":"https:\/\/benoit-barbagli.com\/en\/home-2\/newsletter\/","url":"https:\/\/benoit-barbagli.com\/en\/home-2\/newsletter\/","name":"Newsletter - benoit-barbagli.com","isPartOf":{"@id":"https:\/\/benoit-barbagli.com\/en\/#website"},"datePublished":"2024-02-03T09:44:08+00:00","dateModified":"2024-02-03T09:44:09+00:00","description":"Benoit Barbagli vit et travaille \u00e0 ParisIng\u00e9nieur en technologie conceptuelle, \u00e9labore un r\u00e9seau de transmission de pens\u00e9es \u00e0 distance sans interface interm\u00e9diaire. Une technologie qui agit comme un lubrifiant sur les mots et les choses, entre les gestes et les \u00e9motions, pour les assouplir et les connecter. Il utilise pour y parvenir l\u2019amour et la vie.","breadcrumb":{"@id":"https:\/\/benoit-barbagli.com\/en\/home-2\/newsletter\/#breadcrumb"},"inLanguage":"en-US","potentialAction":[{"@type":"ReadAction","target":["https:\/\/benoit-barbagli.com\/en\/home-2\/newsletter\/"]}]},{"@type":"BreadcrumbList","@id":"https:\/\/benoit-barbagli.com\/en\/home-2\/newsletter\/#breadcrumb","itemListElement":[{"@type":"ListItem","position":1,"name":"Accueil","item":"https:\/\/benoit-barbagli.com\/en\/"},{"@type":"ListItem","position":2,"name":"Home","item":"https:\/\/benoit-barbagli.com\/en\/"},{"@type":"ListItem","position":3,"name":"Newsletter"}]},{"@type":"WebSite","@id":"https:\/\/benoit-barbagli.com\/en\/#website","url":"https:\/\/benoit-barbagli.com\/en\/","name":"benoit-barbagli.com","description":"Sous le chaos, la vie","publisher":{"@id":"https:\/\/benoit-barbagli.com\/en\/#\/schema\/person\/78c8df9be07e5f4f79d983f84aafeefd"},"potentialAction":[{"@type":"SearchAction","target":{"@type":"EntryPoint","urlTemplate":"https:\/\/benoit-barbagli.com\/en\/?s={search_term_string}"},"query-input":{"@type":"PropertyValueSpecification","valueRequired":true,"valueName":"search_term_string"}}],"inLanguage":"en-US"},{"@type":["Person","Organization"],"@id":"https:\/\/benoit-barbagli.com\/en\/#\/schema\/person\/78c8df9be07e5f4f79d983f84aafeefd","name":"benoitbarbagli","image":{"@type":"ImageObject","inLanguage":"en-US","@id":"https:\/\/benoit-barbagli.com\/wp-content\/uploads\/2025\/04\/Sisyphe-V-V3-final-scaled.jpg","url":"https:\/\/benoit-barbagli.com\/wp-content\/uploads\/2025\/04\/Sisyphe-V-V3-final-scaled.jpg","contentUrl":"https:\/\/benoit-barbagli.com\/wp-content\/uploads\/2025\/04\/Sisyphe-V-V3-final-scaled.jpg","width":1713,"height":2560,"caption":"benoitbarbagli"},"logo":{"@id":"https:\/\/benoit-barbagli.com\/wp-content\/uploads\/2025\/04\/Sisyphe-V-V3-final-scaled.jpg"}}]}},"_links":{"self":[{"href":"https:\/\/benoit-barbagli.com\/en\/wp-json\/wp\/v2\/pages\/91238","targetHints":{"allow":["GET"]}}],"collection":[{"href":"https:\/\/benoit-barbagli.com\/en\/wp-json\/wp\/v2\/pages"}],"about":[{"href":"https:\/\/benoit-barbagli.com\/en\/wp-json\/wp\/v2\/types\/page"}],"author":[{"embeddable":true,"href":"https:\/\/benoit-barbagli.com\/en\/wp-json\/wp\/v2\/users\/1"}],"replies":[{"embeddable":true,"href":"https:\/\/benoit-barbagli.com\/en\/wp-json\/wp\/v2\/comments?post=91238"}],"version-history":[{"count":1,"href":"https:\/\/benoit-barbagli.com\/en\/wp-json\/wp\/v2\/pages\/91238\/revisions"}],"predecessor-version":[{"id":91251,"href":"https:\/\/benoit-barbagli.com\/en\/wp-json\/wp\/v2\/pages\/91238\/revisions\/91251"}],"up":[{"embeddable":true,"href":"https:\/\/benoit-barbagli.com\/en\/wp-json\/wp\/v2\/pages\/91191"}],"wp:attachment":[{"href":"https:\/\/benoit-barbagli.com\/en\/wp-json\/wp\/v2\/media?parent=91238"}],"curies":[{"name":"wp","href":"https:\/\/api.w.org\/{rel}","templated":true}]}}