{"id":91240,"date":"2024-02-03T09:44:09","date_gmt":"2024-02-03T09:44:09","guid":{"rendered":"https:\/\/benoit-barbagli.com\/texts\/contact\/apply-for-an-internship\/"},"modified":"2024-02-03T09:44:10","modified_gmt":"2024-02-03T09:44:10","slug":"apply-for-an-internship","status":"publish","type":"page","link":"https:\/\/benoit-barbagli.com\/en\/home-2\/contact\/apply-for-an-internship\/","title":{"rendered":"Apply for an internship"},"content":{"rendered":"<p>[et_pb_section fb_built=&#8221;1&#8243; fullwidth=&#8221;on&#8221; _builder_version=&#8221;4.22.1&#8243; _module_preset=&#8221;default&#8221; global_colors_info=&#8221;{}&#8221; da_is_popup=&#8221;off&#8221; da_exit_intent=&#8221;off&#8221; da_has_close=&#8221;on&#8221; da_alt_close=&#8221;off&#8221; da_dark_close=&#8221;off&#8221; da_not_modal=&#8221;on&#8221; da_is_singular=&#8221;off&#8221; da_with_loader=&#8221;off&#8221; da_has_shadow=&#8221;on&#8221; da_disable_devices=&#8221;off|off|off&#8221;][et_pb_fullwidth_post_title meta=&#8221;off&#8221; _builder_version=&#8221;4.22.1&#8243; _module_preset=&#8221;default&#8221; title_text_color=&#8221;#FFFFFF&#8221; title_font_size=&#8221;43px&#8221; background_color=&#8221;#727272&#8243; background_image=&#8221;https:\/\/benoit-barbagli.com\/wp-content\/uploads\/2019\/06\/2016-05-20-03.32.22-copie-1-scaled.jpg&#8221; min_height=&#8221;400px&#8221; custom_margin=&#8221;||||false|false&#8221; custom_padding=&#8221;245px||||false|false&#8221; title_text_shadow_style=&#8221;preset1&#8243; global_colors_info=&#8221;{}&#8221;][\/et_pb_fullwidth_post_title][\/et_pb_section][et_pb_section fb_built=&#8221;1&#8243; _builder_version=&#8221;4.22.1&#8243; _module_preset=&#8221;default&#8221; custom_padding=&#8221;7px|||||&#8221; global_colors_info=&#8221;{}&#8221; da_is_popup=&#8221;off&#8221; da_exit_intent=&#8221;off&#8221; da_has_close=&#8221;on&#8221; da_alt_close=&#8221;off&#8221; da_dark_close=&#8221;off&#8221; da_not_modal=&#8221;on&#8221; da_is_singular=&#8221;off&#8221; da_with_loader=&#8221;off&#8221; da_has_shadow=&#8221;on&#8221; da_disable_devices=&#8221;off|off|off&#8221;][et_pb_row _builder_version=&#8221;4.23&#8243; _module_preset=&#8221;default&#8221;][et_pb_column _builder_version=&#8221;4.23&#8243; _module_preset=&#8221;default&#8221; type=&#8221;4_4&#8243;][et_pb_text _builder_version=&#8221;4.23&#8243; _module_preset=&#8221;default&#8221; hover_enabled=&#8221;0&#8243; global_colors_info=&#8221;{}&#8221; sticky_enabled=&#8221;0&#8243;]<\/p>\n<p class=\"p1\" style=\"text-align: right;\"><i>Annapurna View, 2016, Nepal<\/i><\/p>\n<p>[\/et_pb_text][\/et_pb_column][\/et_pb_row][et_pb_row _builder_version=&#8221;4.22.1&#8243; _module_preset=&#8221;default&#8221; global_colors_info=&#8221;{}&#8221; column_structure=&#8221;1_5,3_5,1_5&#8243;][et_pb_column type=&#8221;1_5&#8243; _builder_version=&#8221;4.22.1&#8243; _module_preset=&#8221;default&#8221; global_colors_info=&#8221;{}&#8221;][\/et_pb_column][et_pb_column type=&#8221;3_5&#8243; _builder_version=&#8221;4.22.1&#8243; _module_preset=&#8221;default&#8221; global_colors_info=&#8221;{}&#8221;][et_pb_text _builder_version=&#8221;4.23&#8243; _module_preset=&#8221;default&#8221; hover_enabled=&#8221;0&#8243; sticky_enabled=&#8221;0&#8243;]<\/p>\n<h2 style=\"text-align: center;\"><strong>Search: Artist&#8217;s Assistant Internship or Work-study program<\/strong><\/h2>\n<p>&nbsp;<\/p>\n<p><strong>Location:<\/strong> 41 route de Saint-Pancrace. 06100 Nice (Preference for candidates with vehicles)<\/p>\n<p><span><strong>Length of internship<\/strong>: 2 months minimum (but can be split over a longer period).<\/span><\/p>\n<p><strong>Remuneration and working hours:<\/strong> Paid internship with flexible working hours.<\/p>\n<p>&nbsp;<\/p>\n<p><span>I&#8217;m looking for someone who can adapt quickly, is inventive and eager to learn new things. It&#8217;s essential to be able to establish a positive human relationship, as I prefer a working environment characterized by horizontality, where communication and the exchange of ideas take place on an equal footing. I&#8217;m generous with my knowledge.<\/span><\/p>\n<p>You can fill in the form or simply e-mail me at <a href=\"mailto:benoitbarbagli@icloud.com\">benoitbarbagli@icloud.com<\/a>.<\/p>\n<p>&nbsp;<\/p>\n<p style=\"text-align: center;\"><strong>Responsibilities :<\/strong><\/p>\n<p><strong><\/strong><\/p>\n<p><strong>Workshop work :<\/strong><\/p>\n<ul>\n<li><strong>Artistic projects:<\/strong> Active participation in various forms of artistic expression.<\/li>\n<li><strong>Sculpture techniques and 3D printing:<\/strong> Involvement in projects using various materials and techniques.<\/li>\n<\/ul>\n<p><strong>Communication :<\/strong><\/p>\n<ul>\n<li><strong>Correspondence management:<\/strong> answering e-mails and managing effective communications.<\/li>\n<li><strong>Social media and Web:<\/strong> Updating online content, including websites and social media profiles.<\/li>\n<li><strong>Newsletters:<\/strong> design and send out newsletters to keep you informed about news and projects.<\/li>\n<\/ul>\n<p><strong>Design and Development :<\/strong><\/p>\n<ul>\n<li><strong>Video editing :<\/strong> Creating and editing video content.<\/li>\n<li><strong>Photo retouching:<\/strong> processing and enhancement of photographic images.<\/li>\n<li><strong>Artificial Intelligence Development:<\/strong> Using AI-based tools for creative and innovative projects.<\/li>\n<li><strong>3D modeling:<\/strong> Use Blender for 3D modeling projects.<\/li>\n<li><strong>Editing and Publishing:<\/strong> Involvement in the creative and editorial process, with mastery of InDesign for the creation of editions and books.<\/li>\n<\/ul>\n<p><strong>Canvassing and File Construction :<\/strong><\/p>\n<ul>\n<li><strong>Promotion and Organization:<\/strong> Assistance in planning and promoting exhibitions.<\/li>\n<li><strong>Networking:<\/strong> Developing contacts in the artistic and cultural community.<\/li>\n<\/ul>\n<div class=\"w-full text-token-text-primary\" data-testid=\"conversation-turn-47\">\n<div class=\"px-4 py-2 justify-center text-base md:gap-6 m-auto\">\n<div class=\"flex flex-1 text-base mx-auto gap-3 md:px-5 lg:px-1 xl:px-5 md:max-w-3xl lg:max-w-[40rem] xl:max-w-[48rem] } group\">\n<div class=\"relative flex w-full flex-col lg:w-[calc(100%-115px)] agent-turn\">\n<div class=\"flex-col gap-1 md:gap-3\">\n<div class=\"flex flex-grow flex-col max-w-full\">\n<div data-message-author-role=\"assistant\" data-message-id=\"68dc5e53-6f4b-426c-9ab0-148e3efd7e2c\" class=\"min-h-[20px] text-message flex flex-col items-start gap-3 whitespace-pre-wrap break-words [.text-message+&amp;]:mt-5 overflow-x-auto\">\n<div class=\"markdown prose w-full break-words dark:prose-invert light\">\n<p><strong>How to apply<\/strong>: At present, the opportunities offered are in the form of an &#8220;Internship with agreement&#8221;. I&#8217;m currently looking into the feasibility of offering sandwich courses, given my current status. I&#8217;m also considering the option of taking on civic service volunteers. If you are interested in this position, please do not hesitate to contact me. I&#8217;ll look into what we can do together, depending on your situation and the arrangements available.<\/p>\n<\/div>\n<\/div>\n<\/div>\n<\/div>\n<\/div>\n<\/div>\n<\/div>\n<\/div>\n<div class=\"w-full text-token-text-primary\" data-testid=\"conversation-turn-48\">\n<div class=\"px-4 py-2 justify-center text-base md:gap-6 m-auto\">\n<div class=\"flex flex-1 text-base mx-auto gap-3 md:px-5 lg:px-1 xl:px-5 md:max-w-3xl lg:max-w-[40rem] xl:max-w-[48rem] } group\">\n<div class=\"flex-shrink-0 flex flex-col relative items-end\">\n<div>\n<div class=\"pt-0.5\">\n<div class=\"gizmo-shadow-stroke flex h-6 w-6 items-center justify-center overflow-hidden rounded-full\"><\/div>\n<\/div>\n<\/div>\n<\/div>\n<\/div>\n<\/div>\n<\/div>\n<p>&nbsp;<\/p>\n<p>This course does not include participation in photography sessions.<\/p>\n<p>[\/et_pb_text][\/et_pb_column][et_pb_column type=&#8221;1_5&#8243; _builder_version=&#8221;4.22.1&#8243; _module_preset=&#8221;default&#8221; global_colors_info=&#8221;{}&#8221;][\/et_pb_column][\/et_pb_row][et_pb_row _builder_version=&#8221;4.22.1&#8243; _module_preset=&#8221;default&#8221; global_colors_info=&#8221;{}&#8221;][et_pb_column type=&#8221;4_4&#8243; _builder_version=&#8221;4.22.1&#8243; _module_preset=&#8221;default&#8221; global_colors_info=&#8221;{}&#8221;][et_pb_contact_form _builder_version=&#8221;4.22.1&#8243; _module_preset=&#8221;default&#8221; _unique_id=&#8221;d67efc87-4a39-44a9-849c-334665de2a7c&#8221; global_colors_info=&#8221;{}&#8221;][et_pb_contact_field field_id=&#8221;Name&#8221; field_title=&#8221;Name&#8221; _builder_version=&#8221;4.16&#8243; global_colors_info=&#8221;{}&#8221; button_text_size__hover_enabled=&#8221;off&#8221; button_one_text_size__hover_enabled=&#8221;off&#8221; button_two_text_size__hover_enabled=&#8221;off&#8221; button_text_color__hover_enabled=&#8221;off&#8221; button_one_text_color__hover_enabled=&#8221;off&#8221; button_two_text_color__hover_enabled=&#8221;off&#8221; button_border_width__hover_enabled=&#8221;off&#8221; button_one_border_width__hover_enabled=&#8221;off&#8221; button_two_border_width__hover_enabled=&#8221;off&#8221; button_border_color__hover_enabled=&#8221;off&#8221; button_one_border_color__hover_enabled=&#8221;off&#8221; button_two_border_color__hover_enabled=&#8221;off&#8221; button_border_radius__hover_enabled=&#8221;off&#8221; button_one_border_radius__hover_enabled=&#8221;off&#8221; button_two_border_radius__hover_enabled=&#8221;off&#8221; button_letter_spacing__hover_enabled=&#8221;off&#8221; button_one_letter_spacing__hover_enabled=&#8221;off&#8221; button_two_letter_spacing__hover_enabled=&#8221;off&#8221; button_bg_color__hover_enabled=&#8221;off&#8221; button_one_bg_color__hover_enabled=&#8221;off&#8221; button_two_bg_color__hover_enabled=&#8221;off&#8221;][\/et_pb_contact_field][et_pb_contact_field field_id=&#8221;Email&#8221; field_title=&#8221;E-mail address&#8221; field_type=&#8221;email&#8221; _builder_version=&#8221;4.16&#8243; global_colors_info=&#8221;{}&#8221; button_text_size__hover_enabled=&#8221;off&#8221; button_one_text_size__hover_enabled=&#8221;off&#8221; button_two_text_size__hover_enabled=&#8221;off&#8221; button_text_color__hover_enabled=&#8221;off&#8221; button_one_text_color__hover_enabled=&#8221;off&#8221; button_two_text_color__hover_enabled=&#8221;off&#8221; button_border_width__hover_enabled=&#8221;off&#8221; button_one_border_width__hover_enabled=&#8221;off&#8221; button_two_border_width__hover_enabled=&#8221;off&#8221; button_border_color__hover_enabled=&#8221;off&#8221; button_one_border_color__hover_enabled=&#8221;off&#8221; button_two_border_color__hover_enabled=&#8221;off&#8221; button_border_radius__hover_enabled=&#8221;off&#8221; button_one_border_radius__hover_enabled=&#8221;off&#8221; button_two_border_radius__hover_enabled=&#8221;off&#8221; button_letter_spacing__hover_enabled=&#8221;off&#8221; button_one_letter_spacing__hover_enabled=&#8221;off&#8221; button_two_letter_spacing__hover_enabled=&#8221;off&#8221; button_bg_color__hover_enabled=&#8221;off&#8221; button_one_bg_color__hover_enabled=&#8221;off&#8221; button_two_bg_color__hover_enabled=&#8221;off&#8221;][\/et_pb_contact_field][et_pb_contact_field field_id=&#8221;But_de_l&#8217;entretient&#8221; field_title=&#8221;Purpose of the interview&#8221; field_type=&#8221;select&#8221; select_options=&#8221;%91{%22value%22:%22Paper Press%22,%22checked%22:0,%22dragID%22:-1},{%22value%22:%22Press Web%22,%22checked%22:0,%22dragID%22:0},{%22value%22:%22University research%22,%22checked%22:0,%22dragID%22:1}%93&#8243; fullwidth_field=&#8221;on&#8221; _builder_version=&#8221;4.22.1&#8243; _module_preset=&#8221;default&#8221; global_colors_info=&#8221;{}&#8221;][\/et_pb_contact_field][et_pb_contact_field field_id=&#8221;Message&#8221; field_title=&#8221;Message&#8221; field_type=&#8221;text&#8221; fullwidth_field=&#8221;on&#8221; _builder_version=&#8221;4.16&#8243; global_colors_info=&#8221;{}&#8221; button_text_size__hover_enabled=&#8221;off&#8221; button_one_text_size__hover_enabled=&#8221;off&#8221; button_two_text_size__hover_enabled=&#8221;off&#8221; button_text_color__hover_enabled=&#8221;off&#8221; button_one_text_color__hover_enabled=&#8221;off&#8221; button_two_text_color__hover_enabled=&#8221;off&#8221; button_border_width__hover_enabled=&#8221;off&#8221; button_one_border_width__hover_enabled=&#8221;off&#8221; button_two_border_width__hover_enabled=&#8221;off&#8221; button_border_color__hover_enabled=&#8221;off&#8221; button_one_border_color__hover_enabled=&#8221;off&#8221; button_two_border_color__hover_enabled=&#8221;off&#8221; button_border_radius__hover_enabled=&#8221;off&#8221; button_one_border_radius__hover_enabled=&#8221;off&#8221; button_two_border_radius__hover_enabled=&#8221;off&#8221; button_letter_spacing__hover_enabled=&#8221;off&#8221; button_one_letter_spacing__hover_enabled=&#8221;off&#8221; button_two_letter_spacing__hover_enabled=&#8221;off&#8221; button_bg_color__hover_enabled=&#8221;off&#8221; button_one_bg_color__hover_enabled=&#8221;off&#8221; button_two_bg_color__hover_enabled=&#8221;off&#8221;][\/et_pb_contact_field][\/et_pb_contact_form][\/et_pb_column][\/et_pb_row][\/et_pb_section]<\/p>\n","protected":false},"excerpt":{"rendered":"<p>Annapurna View, 2016, NepalSearch: Artist&#8217;s Assistant Internship or Work-study program &nbsp; Location: 41 route de Saint-Pancrace. 06100 Nice (Preference for candidates with vehicles) Length of internship: 2 months minimum (but can be split over a longer period). Remuneration and working hours: Paid internship with flexible working hours. &nbsp; I&#8217;m looking for someone who can adapt [&hellip;]<\/p>\n","protected":false},"author":1,"featured_media":0,"parent":1074,"menu_order":0,"comment_status":"closed","ping_status":"closed","template":"","meta":{"_et_pb_use_builder":"on","_et_pb_old_content":"","_et_gb_content_width":"","footnotes":""},"class_list":["post-91240","page","type-page","status-publish","hentry"],"yoast_head":"<!-- This site is optimized with the Yoast SEO plugin v27.3 - https:\/\/yoast.com\/product\/yoast-seo-wordpress\/ -->\n<title>Apply for an internship - benoit-barbagli.com<\/title>\n<meta name=\"description\" content=\"Benoit Barbagli vit et travaille \u00e0 ParisIng\u00e9nieur en technologie conceptuelle, \u00e9labore un r\u00e9seau de transmission de pens\u00e9es \u00e0 distance sans interface interm\u00e9diaire. Une technologie qui agit comme un lubrifiant sur les mots et les choses, entre les gestes et les \u00e9motions, pour les assouplir et les connecter. Il utilise pour y parvenir l\u2019amour et la vie.\" \/>\n<meta name=\"robots\" content=\"index, follow, max-snippet:-1, max-image-preview:large, max-video-preview:-1\" \/>\n<link rel=\"canonical\" href=\"https:\/\/benoit-barbagli.com\/en\/home-2\/contact\/apply-for-an-internship\/\" \/>\n<meta property=\"og:locale\" content=\"en_US\" \/>\n<meta property=\"og:type\" content=\"article\" \/>\n<meta property=\"og:title\" content=\"Apply for an internship - benoit-barbagli.com\" \/>\n<meta property=\"og:description\" content=\"Benoit Barbagli vit et travaille \u00e0 ParisIng\u00e9nieur en technologie conceptuelle, \u00e9labore un r\u00e9seau de transmission de pens\u00e9es \u00e0 distance sans interface interm\u00e9diaire. Une technologie qui agit comme un lubrifiant sur les mots et les choses, entre les gestes et les \u00e9motions, pour les assouplir et les connecter. Il utilise pour y parvenir l\u2019amour et la vie.\" \/>\n<meta property=\"og:url\" content=\"https:\/\/benoit-barbagli.com\/en\/home-2\/contact\/apply-for-an-internship\/\" \/>\n<meta property=\"og:site_name\" content=\"benoit-barbagli.com\" \/>\n<meta property=\"article:modified_time\" content=\"2024-02-03T09:44:10+00:00\" \/>\n<meta property=\"og:image\" content=\"https:\/\/benoit-barbagli.com\/wp-content\/uploads\/2019\/05\/DSC02317-scaled.jpg\" \/>\n\t<meta property=\"og:image:width\" content=\"2560\" \/>\n\t<meta property=\"og:image:height\" content=\"1630\" \/>\n\t<meta property=\"og:image:type\" content=\"image\/jpeg\" \/>\n<meta name=\"twitter:card\" content=\"summary_large_image\" \/>\n<meta name=\"twitter:label1\" content=\"Est. reading time\" \/>\n\t<meta name=\"twitter:data1\" content=\"6 minutes\" \/>\n<script type=\"application\/ld+json\" class=\"yoast-schema-graph\">{\"@context\":\"https:\\\/\\\/schema.org\",\"@graph\":[{\"@type\":\"WebPage\",\"@id\":\"https:\\\/\\\/benoit-barbagli.com\\\/en\\\/home-2\\\/contact\\\/apply-for-an-internship\\\/\",\"url\":\"https:\\\/\\\/benoit-barbagli.com\\\/en\\\/home-2\\\/contact\\\/apply-for-an-internship\\\/\",\"name\":\"Apply for an internship - benoit-barbagli.com\",\"isPartOf\":{\"@id\":\"https:\\\/\\\/benoit-barbagli.com\\\/en\\\/#website\"},\"datePublished\":\"2024-02-03T09:44:09+00:00\",\"dateModified\":\"2024-02-03T09:44:10+00:00\",\"description\":\"Benoit Barbagli vit et travaille \u00e0 ParisIng\u00e9nieur en technologie conceptuelle, \u00e9labore un r\u00e9seau de transmission de pens\u00e9es \u00e0 distance sans interface interm\u00e9diaire. Une technologie qui agit comme un lubrifiant sur les mots et les choses, entre les gestes et les \u00e9motions, pour les assouplir et les connecter. Il utilise pour y parvenir l\u2019amour et la vie.\",\"breadcrumb\":{\"@id\":\"https:\\\/\\\/benoit-barbagli.com\\\/en\\\/home-2\\\/contact\\\/apply-for-an-internship\\\/#breadcrumb\"},\"inLanguage\":\"en-US\",\"potentialAction\":[{\"@type\":\"ReadAction\",\"target\":[\"https:\\\/\\\/benoit-barbagli.com\\\/en\\\/home-2\\\/contact\\\/apply-for-an-internship\\\/\"]}]},{\"@type\":\"BreadcrumbList\",\"@id\":\"https:\\\/\\\/benoit-barbagli.com\\\/en\\\/home-2\\\/contact\\\/apply-for-an-internship\\\/#breadcrumb\",\"itemListElement\":[{\"@type\":\"ListItem\",\"position\":1,\"name\":\"Accueil\",\"item\":\"https:\\\/\\\/benoit-barbagli.com\\\/en\\\/\"},{\"@type\":\"ListItem\",\"position\":2,\"name\":\"Home\",\"item\":\"https:\\\/\\\/benoit-barbagli.com\\\/en\\\/\"},{\"@type\":\"ListItem\",\"position\":3,\"name\":\"Contact\",\"item\":\"https:\\\/\\\/benoit-barbagli.com\\\/contact\\\/\"},{\"@type\":\"ListItem\",\"position\":4,\"name\":\"Apply for an internship\"}]},{\"@type\":\"WebSite\",\"@id\":\"https:\\\/\\\/benoit-barbagli.com\\\/en\\\/#website\",\"url\":\"https:\\\/\\\/benoit-barbagli.com\\\/en\\\/\",\"name\":\"benoit-barbagli.com\",\"description\":\"Sous le chaos, la vie\",\"publisher\":{\"@id\":\"https:\\\/\\\/benoit-barbagli.com\\\/en\\\/#\\\/schema\\\/person\\\/78c8df9be07e5f4f79d983f84aafeefd\"},\"potentialAction\":[{\"@type\":\"SearchAction\",\"target\":{\"@type\":\"EntryPoint\",\"urlTemplate\":\"https:\\\/\\\/benoit-barbagli.com\\\/en\\\/?s={search_term_string}\"},\"query-input\":{\"@type\":\"PropertyValueSpecification\",\"valueRequired\":true,\"valueName\":\"search_term_string\"}}],\"inLanguage\":\"en-US\"},{\"@type\":[\"Person\",\"Organization\"],\"@id\":\"https:\\\/\\\/benoit-barbagli.com\\\/en\\\/#\\\/schema\\\/person\\\/78c8df9be07e5f4f79d983f84aafeefd\",\"name\":\"benoitbarbagli\",\"image\":{\"@type\":\"ImageObject\",\"inLanguage\":\"en-US\",\"@id\":\"https:\\\/\\\/benoit-barbagli.com\\\/wp-content\\\/uploads\\\/2025\\\/04\\\/Sisyphe-V-V3-final-scaled.jpg\",\"url\":\"https:\\\/\\\/benoit-barbagli.com\\\/wp-content\\\/uploads\\\/2025\\\/04\\\/Sisyphe-V-V3-final-scaled.jpg\",\"contentUrl\":\"https:\\\/\\\/benoit-barbagli.com\\\/wp-content\\\/uploads\\\/2025\\\/04\\\/Sisyphe-V-V3-final-scaled.jpg\",\"width\":1713,\"height\":2560,\"caption\":\"benoitbarbagli\"},\"logo\":{\"@id\":\"https:\\\/\\\/benoit-barbagli.com\\\/wp-content\\\/uploads\\\/2025\\\/04\\\/Sisyphe-V-V3-final-scaled.jpg\"}}]}<\/script>\n<!-- \/ Yoast SEO plugin. -->","yoast_head_json":{"title":"Apply for an internship - benoit-barbagli.com","description":"Benoit Barbagli vit et travaille \u00e0 ParisIng\u00e9nieur en technologie conceptuelle, \u00e9labore un r\u00e9seau de transmission de pens\u00e9es \u00e0 distance sans interface interm\u00e9diaire. Une technologie qui agit comme un lubrifiant sur les mots et les choses, entre les gestes et les \u00e9motions, pour les assouplir et les connecter. Il utilise pour y parvenir l\u2019amour et la vie.","robots":{"index":"index","follow":"follow","max-snippet":"max-snippet:-1","max-image-preview":"max-image-preview:large","max-video-preview":"max-video-preview:-1"},"canonical":"https:\/\/benoit-barbagli.com\/en\/home-2\/contact\/apply-for-an-internship\/","og_locale":"en_US","og_type":"article","og_title":"Apply for an internship - benoit-barbagli.com","og_description":"Benoit Barbagli vit et travaille \u00e0 ParisIng\u00e9nieur en technologie conceptuelle, \u00e9labore un r\u00e9seau de transmission de pens\u00e9es \u00e0 distance sans interface interm\u00e9diaire. Une technologie qui agit comme un lubrifiant sur les mots et les choses, entre les gestes et les \u00e9motions, pour les assouplir et les connecter. Il utilise pour y parvenir l\u2019amour et la vie.","og_url":"https:\/\/benoit-barbagli.com\/en\/home-2\/contact\/apply-for-an-internship\/","og_site_name":"benoit-barbagli.com","article_modified_time":"2024-02-03T09:44:10+00:00","og_image":[{"width":2560,"height":1630,"url":"https:\/\/benoit-barbagli.com\/wp-content\/uploads\/2019\/05\/DSC02317-scaled.jpg","type":"image\/jpeg"}],"twitter_card":"summary_large_image","twitter_misc":{"Est. reading time":"6 minutes"},"schema":{"@context":"https:\/\/schema.org","@graph":[{"@type":"WebPage","@id":"https:\/\/benoit-barbagli.com\/en\/home-2\/contact\/apply-for-an-internship\/","url":"https:\/\/benoit-barbagli.com\/en\/home-2\/contact\/apply-for-an-internship\/","name":"Apply for an internship - benoit-barbagli.com","isPartOf":{"@id":"https:\/\/benoit-barbagli.com\/en\/#website"},"datePublished":"2024-02-03T09:44:09+00:00","dateModified":"2024-02-03T09:44:10+00:00","description":"Benoit Barbagli vit et travaille \u00e0 ParisIng\u00e9nieur en technologie conceptuelle, \u00e9labore un r\u00e9seau de transmission de pens\u00e9es \u00e0 distance sans interface interm\u00e9diaire. Une technologie qui agit comme un lubrifiant sur les mots et les choses, entre les gestes et les \u00e9motions, pour les assouplir et les connecter. Il utilise pour y parvenir l\u2019amour et la vie.","breadcrumb":{"@id":"https:\/\/benoit-barbagli.com\/en\/home-2\/contact\/apply-for-an-internship\/#breadcrumb"},"inLanguage":"en-US","potentialAction":[{"@type":"ReadAction","target":["https:\/\/benoit-barbagli.com\/en\/home-2\/contact\/apply-for-an-internship\/"]}]},{"@type":"BreadcrumbList","@id":"https:\/\/benoit-barbagli.com\/en\/home-2\/contact\/apply-for-an-internship\/#breadcrumb","itemListElement":[{"@type":"ListItem","position":1,"name":"Accueil","item":"https:\/\/benoit-barbagli.com\/en\/"},{"@type":"ListItem","position":2,"name":"Home","item":"https:\/\/benoit-barbagli.com\/en\/"},{"@type":"ListItem","position":3,"name":"Contact","item":"https:\/\/benoit-barbagli.com\/contact\/"},{"@type":"ListItem","position":4,"name":"Apply for an internship"}]},{"@type":"WebSite","@id":"https:\/\/benoit-barbagli.com\/en\/#website","url":"https:\/\/benoit-barbagli.com\/en\/","name":"benoit-barbagli.com","description":"Sous le chaos, la vie","publisher":{"@id":"https:\/\/benoit-barbagli.com\/en\/#\/schema\/person\/78c8df9be07e5f4f79d983f84aafeefd"},"potentialAction":[{"@type":"SearchAction","target":{"@type":"EntryPoint","urlTemplate":"https:\/\/benoit-barbagli.com\/en\/?s={search_term_string}"},"query-input":{"@type":"PropertyValueSpecification","valueRequired":true,"valueName":"search_term_string"}}],"inLanguage":"en-US"},{"@type":["Person","Organization"],"@id":"https:\/\/benoit-barbagli.com\/en\/#\/schema\/person\/78c8df9be07e5f4f79d983f84aafeefd","name":"benoitbarbagli","image":{"@type":"ImageObject","inLanguage":"en-US","@id":"https:\/\/benoit-barbagli.com\/wp-content\/uploads\/2025\/04\/Sisyphe-V-V3-final-scaled.jpg","url":"https:\/\/benoit-barbagli.com\/wp-content\/uploads\/2025\/04\/Sisyphe-V-V3-final-scaled.jpg","contentUrl":"https:\/\/benoit-barbagli.com\/wp-content\/uploads\/2025\/04\/Sisyphe-V-V3-final-scaled.jpg","width":1713,"height":2560,"caption":"benoitbarbagli"},"logo":{"@id":"https:\/\/benoit-barbagli.com\/wp-content\/uploads\/2025\/04\/Sisyphe-V-V3-final-scaled.jpg"}}]}},"_links":{"self":[{"href":"https:\/\/benoit-barbagli.com\/en\/wp-json\/wp\/v2\/pages\/91240","targetHints":{"allow":["GET"]}}],"collection":[{"href":"https:\/\/benoit-barbagli.com\/en\/wp-json\/wp\/v2\/pages"}],"about":[{"href":"https:\/\/benoit-barbagli.com\/en\/wp-json\/wp\/v2\/types\/page"}],"author":[{"embeddable":true,"href":"https:\/\/benoit-barbagli.com\/en\/wp-json\/wp\/v2\/users\/1"}],"replies":[{"embeddable":true,"href":"https:\/\/benoit-barbagli.com\/en\/wp-json\/wp\/v2\/comments?post=91240"}],"version-history":[{"count":1,"href":"https:\/\/benoit-barbagli.com\/en\/wp-json\/wp\/v2\/pages\/91240\/revisions"}],"predecessor-version":[{"id":91252,"href":"https:\/\/benoit-barbagli.com\/en\/wp-json\/wp\/v2\/pages\/91240\/revisions\/91252"}],"up":[{"embeddable":true,"href":"https:\/\/benoit-barbagli.com\/en\/wp-json\/wp\/v2\/pages\/1074"}],"wp:attachment":[{"href":"https:\/\/benoit-barbagli.com\/en\/wp-json\/wp\/v2\/media?parent=91240"}],"curies":[{"name":"wp","href":"https:\/\/api.w.org\/{rel}","templated":true}]}}