{"id":91254,"date":"2024-02-03T09:44:10","date_gmt":"2024-02-03T09:44:10","guid":{"rendered":"https:\/\/benoit-barbagli.com\/home-2\/writing\/"},"modified":"2024-02-03T09:44:11","modified_gmt":"2024-02-03T09:44:11","slug":"writing","status":"publish","type":"page","link":"https:\/\/benoit-barbagli.com\/en\/home-2\/writing\/","title":{"rendered":"Writing"},"content":{"rendered":"<p>[et_pb_section fb_built=&#8221;1&#8243; fullwidth=&#8221;on&#8221; _builder_version=&#8221;4.22.2&#8243; _module_preset=&#8221;default&#8221; global_colors_info=&#8221;{}&#8221;][et_pb_fullwidth_post_title title=&#8221;off&#8221; meta=&#8221;off&#8221; featured_image=&#8221;off&#8221; _builder_version=&#8221;4.22.2&#8243; _module_preset=&#8221;default&#8221; background_image=&#8221;https:\/\/benoit-barbagli.com\/wp-content\/uploads\/2023\/10\/DALL\u00b7E-2023-10-22-14.08.54-Landscape-full-page-poster-design-in-a-16_9-format-with-washed-out-colors.-The-scene-showcases-a-tropical-backdrop-with-original-surreal-landscapes-d.png&#8221; height=&#8221;605px&#8221; global_colors_info=&#8221;{}&#8221;][\/et_pb_fullwidth_post_title][\/et_pb_section][et_pb_section fb_built=&#8221;1&#8243; _builder_version=&#8221;4.22.2&#8243; _module_preset=&#8221;default&#8221; custom_padding=&#8221;7px||0px|||&#8221; link_option_url=&#8221;section2&#8243; global_colors_info=&#8221;{}&#8221;][et_pb_row _builder_version=&#8221;4.22.2&#8243; _module_preset=&#8221;default&#8221; global_colors_info=&#8221;{}&#8221;][et_pb_column type=&#8221;4_4&#8243; _builder_version=&#8221;4.22.2&#8243; _module_preset=&#8221;default&#8221; global_colors_info=&#8221;{}&#8221;][et_pb_text _builder_version=&#8221;4.22.2&#8243; _module_preset=&#8221;1f8d588e-4327-40b0-a99c-33c2bd93a718&#8243; background_size=&#8221;initial&#8221; background_position=&#8221;top_left&#8221; background_repeat=&#8221;repeat&#8221; global_colors_info=&#8221;{}&#8221;]<\/p>\n<p style=\"text-align: right;\"><em>Fragment d&#8217;une r\u00e9bellion esth\u00e9tique &#8211;\u00a0<\/em> Dall-E 3 Prompt<\/p>\n<p style=\"text-align: right;\">[\/et_pb_text][et_pb_text _builder_version=&#8221;4.22.2&#8243; _dynamic_attributes=&#8221;content&#8221; _module_preset=&#8221;default&#8221; text_font_size=&#8221;36px&#8221; header_text_align=&#8221;center&#8221; text_orientation=&#8221;center&#8221; global_colors_info=&#8221;{}&#8221;]@ET-DC@eyJkeW5hbWljIjp0cnVlLCJjb250ZW50IjoicG9zdF90aXRsZSIsInNldHRpbmdzIjp7ImJlZm9yZSI6IiIsImFmdGVyIjoiIn19@[\/et_pb_text][\/et_pb_column][\/et_pb_row][\/et_pb_section][et_pb_section fb_built=&#8221;1&#8243; _builder_version=&#8221;4.22.2&#8243; _module_preset=&#8221;default&#8221; global_colors_info=&#8221;{}&#8221;][et_pb_row column_structure=&#8221;3_5,2_5&#8243; _builder_version=&#8221;4.22.2&#8243; _module_preset=&#8221;default&#8221; global_colors_info=&#8221;{}&#8221;][et_pb_column type=&#8221;3_5&#8243; _builder_version=&#8221;4.22.2&#8243; _module_preset=&#8221;default&#8221; global_colors_info=&#8221;{}&#8221;][et_pb_text _builder_version=&#8221;4.22.2&#8243; _module_preset=&#8221;default&#8221; global_colors_info=&#8221;{}&#8221;]<\/p>\n<p style=\"text-align: center;\"><strong>Blog &amp; Fanzine<\/strong><\/p>\n<p style=\"text-align: center;\"><em>Fragment d&#8217;une r\u00e9bellion esth\u00e9tique<\/em><\/p>\n<p style=\"text-align: center;\"><em><\/em><\/p>\n<p>Ici r\u00e9sident quelques-uns de mes textes qui appara\u00eetront dans le fanzine co-fond\u00e9 avec Aim\u00e9 Fleury, nomm\u00e9<em> Fragment d&#8217;une R\u00e9bellion Esth\u00e9tique.<\/em><\/p>\n<p>Ces textes, manifestes \u00e0 la fois militants et po\u00e9tiques, th\u00e9oriques et philosophiques, engagent une r\u00e9flexion autour de l&#8217;effondrement \u00e9cologique, politique et social de nos civilisations, et des outils que l&#8217;art et la pens\u00e9e nous offrent pour \u00e0 la fois s&#8217;opposer \u00e0 cette destruction, et surmonter les ruines (tant sur le plan physique que spirituel) que le capitalisme engendre, pour nous permettre d&#8217;en construire un monde nouveau.<\/p>\n<p><span>Le projet du fanzine en est encore au stade d&#8217;\u00e9bauche. Inscrivez-vous \u00e0 la newsletter pour \u00eatre inform\u00e9(e).<\/span><\/p>\n<p>[\/et_pb_text][\/et_pb_column][et_pb_column type=&#8221;2_5&#8243; _builder_version=&#8221;4.22.2&#8243; _module_preset=&#8221;default&#8221; global_colors_info=&#8221;{}&#8221;][et_pb_image src=&#8221;https:\/\/benoit-barbagli.com\/wp-content\/uploads\/2023\/10\/DALL\u00b7E-2023-10-22-14.16.57-Landscape-full-page-poster-design-in-a-16_9-format-with-washed-out-colors-closely-resembling-the-first-image.-The-scene-showcases-a-tropical-backdrop.png&#8221; title_text=&#8221;DALL\u00b7E 2023-10-22 14.16.57 &#8211; Landscape full-page poster design in a 16_9 format with washed-out colors, closely resembling the first image. The scene showcases a tropical backdrop&#8221; url=&#8221;https:\/\/benoit-barbagli.com\/fragment-dune-rebellion-esthetique\/&#8221; _builder_version=&#8221;4.22.2&#8243; _module_preset=&#8221;default&#8221; global_colors_info=&#8221;{}&#8221;][\/et_pb_image][et_pb_text _builder_version=&#8221;4.22.2&#8243; _module_preset=&#8221;1f8d588e-4327-40b0-a99c-33c2bd93a718&#8243; background_size=&#8221;initial&#8221; background_position=&#8221;top_left&#8221; background_repeat=&#8221;repeat&#8221; global_colors_info=&#8221;{}&#8221;]<\/p>\n<p style=\"text-align: right;\"><em>Fragment d&#8217;une r\u00e9bellion esth\u00e9tique &#8211;\u00a0<\/em> Dall-E 3 Prompt<\/p>\n<p style=\"text-align: right;\">[\/et_pb_text][et_pb_code disabled_on=&#8221;off|off|off&#8221; admin_label=&#8221;Page Menu Blanc&#8221; _builder_version=&#8221;4.23&#8243; _module_preset=&#8221;default&#8221; custom_margin=&#8221;||4px|||&#8221; global_module=&#8221;86841&#8243; saved_tabs=&#8221;all&#8221; global_colors_info=&#8221;{}&#8221;]<\/pee>\n<div class=\" page-special\"><!-- [et_pb_line_break_holder] --><\/div>\n<pee>[\/et_pb_code][\/et_pb_column][\/et_pb_row][\/et_pb_section][et_pb_section fb_built=&#8221;1&#8243; _builder_version=&#8221;4.22.2&#8243; _module_preset=&#8221;default&#8221; global_colors_info=&#8221;{}&#8221;][et_pb_row column_structure=&#8221;3_5,2_5&#8243; _builder_version=&#8221;4.22.2&#8243; _module_preset=&#8221;default&#8221; global_colors_info=&#8221;{}&#8221;][et_pb_column type=&#8221;3_5&#8243; _builder_version=&#8221;4.22.2&#8243; _module_preset=&#8221;default&#8221; global_colors_info=&#8221;{}&#8221;][et_pb_text _builder_version=&#8221;4.22.2&#8243; _module_preset=&#8221;default&#8221; global_colors_info=&#8221;{}&#8221;]<\/p>\n<p style=\"text-align: center;\"><b>Manifeste<\/b><\/p>\n<p><em>Manifeste de l\u2019exposition \u00ab\u00a0Tout autour de l\u2019eau\u00a0\u00bb, le manifeste g\u00e9n\u00e9ral est en cours de r\u00e9daction.<\/em><\/p>\n<p><em><\/em><\/p>\n<p>Plus l\u2019effondrement frappera fort, plus la joie sera n\u00e9cessaire.<\/p>\n<p>Ne vois pas dans ces mots, un Don\u2019t look up* d\u00e9tournant le regard des causes, mais bien un outil \u00e0 usage r\u00e9volutionnaire. La joie est le liant de nos interactions, une puissance d\u2019agir, de construire collectivement. En rendant possible le commun, elle devient un acte de r\u00e9sistance.<\/p>\n<p>Sans ce commun, la pens\u00e9e \u00e9cologique d\u00e9raisonne. Alors que les limites plan\u00e9taires sont d\u00e9pass\u00e9es une \u00e0 une, que peut donc la joie ? Que peuvent quelques corps immerg\u00e9 nageant en cercle sous l\u2019eau, sans v\u00eatement, sans outil, sans parole ? Quelques mouvements fr\u00e9n\u00e9tiques pour atteindre la surface, prendre une respiration et replonger, en apn\u00e9e, en apesanteur : Tout autour l\u2019eau, tout autour la vie.<\/p>\n<p>\u00c0 plusieurs, nus, immerg\u00e9s dans l\u2019eau, se d\u00e9construisent les sophistications de notre culture, se redessinent les rapports imm\u00e9diats dont la nature est le premier lien, omnipr\u00e9sent, ind\u00e9passable. Lors de la cr\u00e9ation d\u2019une image, ce n\u2019est ni la composition, ni l\u2019originalit\u00e9 visuelle ou conceptuelle qui est recherch\u00e9e. C\u2019est la r\u00e9sonance harmonique des liens et des \u00e9motions entre individus entour\u00e9s par la nature qui compose une esth\u00e9tique : une \u00e9thique de la perception.<\/p>\n<p>[\/et_pb_text][\/et_pb_column][et_pb_column type=&#8221;2_5&#8243; _builder_version=&#8221;4.22.2&#8243; _module_preset=&#8221;default&#8221; global_colors_info=&#8221;{}&#8221;][et_pb_image src=&#8221;https:\/\/benoit-barbagli.com\/wp-content\/uploads\/2023\/09\/Ocean-Calling-2022-120-x-80-cm-290-scaled.jpg&#8221; title_text=&#8221;Ocean Calling 2022 120 x 80 cm 290&#8243; url=&#8221;https:\/\/benoit-barbagli.com\/manifeste\/&#8221; _builder_version=&#8221;4.23&#8243; _module_preset=&#8221;default&#8221; hover_enabled=&#8221;0&#8243; global_colors_info=&#8221;{}&#8221; background_enable_image=&#8221;off&#8221; sticky_enabled=&#8221;0&#8243;][\/et_pb_image][et_pb_text _builder_version=&#8221;4.22.2&#8243; _module_preset=&#8221;1f8d588e-4327-40b0-a99c-33c2bd93a718&#8243; global_colors_info=&#8221;{}&#8221;]<\/p>\n<p style=\"text-align: right;\"><em>Ocean Calling<\/em>, 2022<\/p>\n<p>[\/et_pb_text][\/et_pb_column][\/et_pb_row][\/et_pb_section][et_pb_section fb_built=&#8221;1&#8243; _builder_version=&#8221;4.22.2&#8243; _module_preset=&#8221;default&#8221; global_colors_info=&#8221;{}&#8221;][et_pb_row column_structure=&#8221;3_5,2_5&#8243; _builder_version=&#8221;4.22.2&#8243; _module_preset=&#8221;default&#8221; global_colors_info=&#8221;{}&#8221;][et_pb_column type=&#8221;3_5&#8243; _builder_version=&#8221;4.22.2&#8243; _module_preset=&#8221;default&#8221; global_colors_info=&#8221;{}&#8221;][et_pb_text _builder_version=&#8221;4.22.2&#8243; _module_preset=&#8221;default&#8221; global_colors_info=&#8221;{}&#8221;]<\/p>\n<p style=\"text-align: center;\"><b>Editions<\/b><\/p>\n<p>Cette page pr\u00e9sente les diverses \u00e9ditions et manifestes publi\u00e9s par Sine Fine lors des diff\u00e9rentes expositions et \u00e9v\u00e9nements auxquels ils ont particip\u00e9.<\/p>\n<p>[\/et_pb_text][\/et_pb_column][et_pb_column type=&#8221;2_5&#8243; _builder_version=&#8221;4.22.2&#8243; _module_preset=&#8221;default&#8221; global_colors_info=&#8221;{}&#8221;][et_pb_image src=&#8221;https:\/\/benoit-barbagli.com\/wp-content\/uploads\/2021\/03\/Sans-titre.jpg&#8221; alt=&#8221;Ici la terre,&#8221; title_text=&#8221;Ici la terre, 1&#8243; _builder_version=&#8221;4.22.2&#8243; _module_preset=&#8221;default&#8221; background_enable_image=&#8221;off&#8221; global_colors_info=&#8221;{}&#8221;][\/et_pb_image][et_pb_text _builder_version=&#8221;4.22.2&#8243; _module_preset=&#8221;1f8d588e-4327-40b0-a99c-33c2bd93a718&#8243; global_colors_info=&#8221;{}&#8221;]<\/p>\n<p style=\"text-align: right;\">\n<p style=\"text-align: right;\">Edition &#8220;Ici la terre &#8220;- 2014<\/p>\n<p>[\/et_pb_text][\/et_pb_column][\/et_pb_row][\/et_pb_section][et_pb_section fb_built=&#8221;1&#8243; admin_label=&#8221;Titre exposition&#8221; module_id=&#8221;section2&#8243; _builder_version=&#8221;4.22.2&#8243; custom_padding=&#8221;0px|||||&#8221; global_colors_info=&#8221;{}&#8221;][et_pb_row _builder_version=&#8221;4.16&#8243; background_size=&#8221;initial&#8221; background_position=&#8221;top_left&#8221; background_repeat=&#8221;repeat&#8221; global_colors_info=&#8221;{}&#8221;][et_pb_column type=&#8221;4_4&#8243; _builder_version=&#8221;4.16&#8243; custom_padding=&#8221;|||&#8221; global_colors_info=&#8221;{}&#8221; custom_padding__hover=&#8221;|||&#8221;][et_pb_code disabled_on=&#8221;off|off|off&#8221; admin_label=&#8221;Page Menu Blanc&#8221; _builder_version=&#8221;4.23&#8243; _module_preset=&#8221;default&#8221; custom_margin=&#8221;||4px|||&#8221; global_module=&#8221;86841&#8243; saved_tabs=&#8221;all&#8221; global_colors_info=&#8221;{}&#8221;]<\/pee>\n<div class=\" page-special\"><!-- [et_pb_line_break_holder] --><\/div>\n<pee>[\/et_pb_code][\/et_pb_column][\/et_pb_row][\/et_pb_section]<\/p>\n","protected":false},"excerpt":{"rendered":"<p>Fragment d&#8217;une r\u00e9bellion esth\u00e9tique &#8211;\u00a0 Dall-E 3 Prompt Blog &amp; Fanzine Fragment d&#8217;une r\u00e9bellion esth\u00e9tique Ici r\u00e9sident quelques-uns de mes textes qui appara\u00eetront dans le fanzine co-fond\u00e9 avec Aim\u00e9 Fleury, nomm\u00e9 Fragment d&#8217;une R\u00e9bellion Esth\u00e9tique. Ces textes, manifestes \u00e0 la fois militants et po\u00e9tiques, th\u00e9oriques et philosophiques, engagent une r\u00e9flexion autour de l&#8217;effondrement \u00e9cologique, politique [&hellip;]<\/p>\n","protected":false},"author":1,"featured_media":0,"parent":91191,"menu_order":0,"comment_status":"closed","ping_status":"closed","template":"","meta":{"_et_pb_use_builder":"on","_et_pb_old_content":"","_et_gb_content_width":"","footnotes":""},"class_list":["post-91254","page","type-page","status-publish","hentry"],"yoast_head":"<!-- This site is optimized with the Yoast SEO plugin v27.4 - https:\/\/yoast.com\/product\/yoast-seo-wordpress\/ -->\n<title>Writing - benoit-barbagli.com<\/title>\n<meta name=\"description\" content=\"Benoit Barbagli vit et travaille \u00e0 ParisIng\u00e9nieur en technologie conceptuelle, \u00e9labore un r\u00e9seau de transmission de pens\u00e9es \u00e0 distance sans interface interm\u00e9diaire. Une technologie qui agit comme un lubrifiant sur les mots et les choses, entre les gestes et les \u00e9motions, pour les assouplir et les connecter. Il utilise pour y parvenir l\u2019amour et la vie.\" \/>\n<meta name=\"robots\" content=\"index, follow, max-snippet:-1, max-image-preview:large, max-video-preview:-1\" \/>\n<link rel=\"canonical\" href=\"https:\/\/benoit-barbagli.com\/en\/home-2\/writing\/\" \/>\n<meta property=\"og:locale\" content=\"en_US\" \/>\n<meta property=\"og:type\" content=\"article\" \/>\n<meta property=\"og:title\" content=\"Writing - benoit-barbagli.com\" \/>\n<meta property=\"og:description\" content=\"Benoit Barbagli vit et travaille \u00e0 ParisIng\u00e9nieur en technologie conceptuelle, \u00e9labore un r\u00e9seau de transmission de pens\u00e9es \u00e0 distance sans interface interm\u00e9diaire. Une technologie qui agit comme un lubrifiant sur les mots et les choses, entre les gestes et les \u00e9motions, pour les assouplir et les connecter. Il utilise pour y parvenir l\u2019amour et la vie.\" \/>\n<meta property=\"og:url\" content=\"https:\/\/benoit-barbagli.com\/en\/home-2\/writing\/\" \/>\n<meta property=\"og:site_name\" content=\"benoit-barbagli.com\" \/>\n<meta property=\"article:modified_time\" content=\"2024-02-03T09:44:11+00:00\" \/>\n<meta property=\"og:image\" content=\"https:\/\/benoit-barbagli.com\/wp-content\/uploads\/2019\/05\/DSC02317-scaled.jpg\" \/>\n\t<meta property=\"og:image:width\" content=\"2560\" \/>\n\t<meta property=\"og:image:height\" content=\"1630\" \/>\n\t<meta property=\"og:image:type\" content=\"image\/jpeg\" \/>\n<meta name=\"twitter:card\" content=\"summary_large_image\" \/>\n<meta name=\"twitter:label1\" content=\"Est. reading time\" \/>\n\t<meta name=\"twitter:data1\" content=\"6 minutes\" \/>\n<script type=\"application\/ld+json\" class=\"yoast-schema-graph\">{\"@context\":\"https:\\\/\\\/schema.org\",\"@graph\":[{\"@type\":\"WebPage\",\"@id\":\"https:\\\/\\\/benoit-barbagli.com\\\/en\\\/home-2\\\/writing\\\/\",\"url\":\"https:\\\/\\\/benoit-barbagli.com\\\/en\\\/home-2\\\/writing\\\/\",\"name\":\"Writing - benoit-barbagli.com\",\"isPartOf\":{\"@id\":\"https:\\\/\\\/benoit-barbagli.com\\\/en\\\/#website\"},\"datePublished\":\"2024-02-03T09:44:10+00:00\",\"dateModified\":\"2024-02-03T09:44:11+00:00\",\"description\":\"Benoit Barbagli vit et travaille \u00e0 ParisIng\u00e9nieur en technologie conceptuelle, \u00e9labore un r\u00e9seau de transmission de pens\u00e9es \u00e0 distance sans interface interm\u00e9diaire. Une technologie qui agit comme un lubrifiant sur les mots et les choses, entre les gestes et les \u00e9motions, pour les assouplir et les connecter. Il utilise pour y parvenir l\u2019amour et la vie.\",\"breadcrumb\":{\"@id\":\"https:\\\/\\\/benoit-barbagli.com\\\/en\\\/home-2\\\/writing\\\/#breadcrumb\"},\"inLanguage\":\"en-US\",\"potentialAction\":[{\"@type\":\"ReadAction\",\"target\":[\"https:\\\/\\\/benoit-barbagli.com\\\/en\\\/home-2\\\/writing\\\/\"]}]},{\"@type\":\"BreadcrumbList\",\"@id\":\"https:\\\/\\\/benoit-barbagli.com\\\/en\\\/home-2\\\/writing\\\/#breadcrumb\",\"itemListElement\":[{\"@type\":\"ListItem\",\"position\":1,\"name\":\"Accueil\",\"item\":\"https:\\\/\\\/benoit-barbagli.com\\\/en\\\/\"},{\"@type\":\"ListItem\",\"position\":2,\"name\":\"Home\",\"item\":\"https:\\\/\\\/benoit-barbagli.com\\\/en\\\/\"},{\"@type\":\"ListItem\",\"position\":3,\"name\":\"Writing\"}]},{\"@type\":\"WebSite\",\"@id\":\"https:\\\/\\\/benoit-barbagli.com\\\/en\\\/#website\",\"url\":\"https:\\\/\\\/benoit-barbagli.com\\\/en\\\/\",\"name\":\"benoit-barbagli.com\",\"description\":\"Sous le chaos, la vie\",\"publisher\":{\"@id\":\"https:\\\/\\\/benoit-barbagli.com\\\/en\\\/#\\\/schema\\\/person\\\/78c8df9be07e5f4f79d983f84aafeefd\"},\"potentialAction\":[{\"@type\":\"SearchAction\",\"target\":{\"@type\":\"EntryPoint\",\"urlTemplate\":\"https:\\\/\\\/benoit-barbagli.com\\\/en\\\/?s={search_term_string}\"},\"query-input\":{\"@type\":\"PropertyValueSpecification\",\"valueRequired\":true,\"valueName\":\"search_term_string\"}}],\"inLanguage\":\"en-US\"},{\"@type\":[\"Person\",\"Organization\"],\"@id\":\"https:\\\/\\\/benoit-barbagli.com\\\/en\\\/#\\\/schema\\\/person\\\/78c8df9be07e5f4f79d983f84aafeefd\",\"name\":\"benoitbarbagli\",\"image\":{\"@type\":\"ImageObject\",\"inLanguage\":\"en-US\",\"@id\":\"https:\\\/\\\/benoit-barbagli.com\\\/wp-content\\\/uploads\\\/2025\\\/04\\\/Sisyphe-V-V3-final-scaled.jpg\",\"url\":\"https:\\\/\\\/benoit-barbagli.com\\\/wp-content\\\/uploads\\\/2025\\\/04\\\/Sisyphe-V-V3-final-scaled.jpg\",\"contentUrl\":\"https:\\\/\\\/benoit-barbagli.com\\\/wp-content\\\/uploads\\\/2025\\\/04\\\/Sisyphe-V-V3-final-scaled.jpg\",\"width\":1713,\"height\":2560,\"caption\":\"benoitbarbagli\"},\"logo\":{\"@id\":\"https:\\\/\\\/benoit-barbagli.com\\\/wp-content\\\/uploads\\\/2025\\\/04\\\/Sisyphe-V-V3-final-scaled.jpg\"}}]}<\/script>\n<!-- \/ Yoast SEO plugin. -->","yoast_head_json":{"title":"Writing - benoit-barbagli.com","description":"Benoit Barbagli vit et travaille \u00e0 ParisIng\u00e9nieur en technologie conceptuelle, \u00e9labore un r\u00e9seau de transmission de pens\u00e9es \u00e0 distance sans interface interm\u00e9diaire. Une technologie qui agit comme un lubrifiant sur les mots et les choses, entre les gestes et les \u00e9motions, pour les assouplir et les connecter. Il utilise pour y parvenir l\u2019amour et la vie.","robots":{"index":"index","follow":"follow","max-snippet":"max-snippet:-1","max-image-preview":"max-image-preview:large","max-video-preview":"max-video-preview:-1"},"canonical":"https:\/\/benoit-barbagli.com\/en\/home-2\/writing\/","og_locale":"en_US","og_type":"article","og_title":"Writing - benoit-barbagli.com","og_description":"Benoit Barbagli vit et travaille \u00e0 ParisIng\u00e9nieur en technologie conceptuelle, \u00e9labore un r\u00e9seau de transmission de pens\u00e9es \u00e0 distance sans interface interm\u00e9diaire. Une technologie qui agit comme un lubrifiant sur les mots et les choses, entre les gestes et les \u00e9motions, pour les assouplir et les connecter. Il utilise pour y parvenir l\u2019amour et la vie.","og_url":"https:\/\/benoit-barbagli.com\/en\/home-2\/writing\/","og_site_name":"benoit-barbagli.com","article_modified_time":"2024-02-03T09:44:11+00:00","og_image":[{"width":2560,"height":1630,"url":"https:\/\/benoit-barbagli.com\/wp-content\/uploads\/2019\/05\/DSC02317-scaled.jpg","type":"image\/jpeg"}],"twitter_card":"summary_large_image","twitter_misc":{"Est. reading time":"6 minutes"},"schema":{"@context":"https:\/\/schema.org","@graph":[{"@type":"WebPage","@id":"https:\/\/benoit-barbagli.com\/en\/home-2\/writing\/","url":"https:\/\/benoit-barbagli.com\/en\/home-2\/writing\/","name":"Writing - benoit-barbagli.com","isPartOf":{"@id":"https:\/\/benoit-barbagli.com\/en\/#website"},"datePublished":"2024-02-03T09:44:10+00:00","dateModified":"2024-02-03T09:44:11+00:00","description":"Benoit Barbagli vit et travaille \u00e0 ParisIng\u00e9nieur en technologie conceptuelle, \u00e9labore un r\u00e9seau de transmission de pens\u00e9es \u00e0 distance sans interface interm\u00e9diaire. Une technologie qui agit comme un lubrifiant sur les mots et les choses, entre les gestes et les \u00e9motions, pour les assouplir et les connecter. Il utilise pour y parvenir l\u2019amour et la vie.","breadcrumb":{"@id":"https:\/\/benoit-barbagli.com\/en\/home-2\/writing\/#breadcrumb"},"inLanguage":"en-US","potentialAction":[{"@type":"ReadAction","target":["https:\/\/benoit-barbagli.com\/en\/home-2\/writing\/"]}]},{"@type":"BreadcrumbList","@id":"https:\/\/benoit-barbagli.com\/en\/home-2\/writing\/#breadcrumb","itemListElement":[{"@type":"ListItem","position":1,"name":"Accueil","item":"https:\/\/benoit-barbagli.com\/en\/"},{"@type":"ListItem","position":2,"name":"Home","item":"https:\/\/benoit-barbagli.com\/en\/"},{"@type":"ListItem","position":3,"name":"Writing"}]},{"@type":"WebSite","@id":"https:\/\/benoit-barbagli.com\/en\/#website","url":"https:\/\/benoit-barbagli.com\/en\/","name":"benoit-barbagli.com","description":"Sous le chaos, la vie","publisher":{"@id":"https:\/\/benoit-barbagli.com\/en\/#\/schema\/person\/78c8df9be07e5f4f79d983f84aafeefd"},"potentialAction":[{"@type":"SearchAction","target":{"@type":"EntryPoint","urlTemplate":"https:\/\/benoit-barbagli.com\/en\/?s={search_term_string}"},"query-input":{"@type":"PropertyValueSpecification","valueRequired":true,"valueName":"search_term_string"}}],"inLanguage":"en-US"},{"@type":["Person","Organization"],"@id":"https:\/\/benoit-barbagli.com\/en\/#\/schema\/person\/78c8df9be07e5f4f79d983f84aafeefd","name":"benoitbarbagli","image":{"@type":"ImageObject","inLanguage":"en-US","@id":"https:\/\/benoit-barbagli.com\/wp-content\/uploads\/2025\/04\/Sisyphe-V-V3-final-scaled.jpg","url":"https:\/\/benoit-barbagli.com\/wp-content\/uploads\/2025\/04\/Sisyphe-V-V3-final-scaled.jpg","contentUrl":"https:\/\/benoit-barbagli.com\/wp-content\/uploads\/2025\/04\/Sisyphe-V-V3-final-scaled.jpg","width":1713,"height":2560,"caption":"benoitbarbagli"},"logo":{"@id":"https:\/\/benoit-barbagli.com\/wp-content\/uploads\/2025\/04\/Sisyphe-V-V3-final-scaled.jpg"}}]}},"_links":{"self":[{"href":"https:\/\/benoit-barbagli.com\/en\/wp-json\/wp\/v2\/pages\/91254","targetHints":{"allow":["GET"]}}],"collection":[{"href":"https:\/\/benoit-barbagli.com\/en\/wp-json\/wp\/v2\/pages"}],"about":[{"href":"https:\/\/benoit-barbagli.com\/en\/wp-json\/wp\/v2\/types\/page"}],"author":[{"embeddable":true,"href":"https:\/\/benoit-barbagli.com\/en\/wp-json\/wp\/v2\/users\/1"}],"replies":[{"embeddable":true,"href":"https:\/\/benoit-barbagli.com\/en\/wp-json\/wp\/v2\/comments?post=91254"}],"version-history":[{"count":1,"href":"https:\/\/benoit-barbagli.com\/en\/wp-json\/wp\/v2\/pages\/91254\/revisions"}],"predecessor-version":[{"id":91261,"href":"https:\/\/benoit-barbagli.com\/en\/wp-json\/wp\/v2\/pages\/91254\/revisions\/91261"}],"up":[{"embeddable":true,"href":"https:\/\/benoit-barbagli.com\/en\/wp-json\/wp\/v2\/pages\/91191"}],"wp:attachment":[{"href":"https:\/\/benoit-barbagli.com\/en\/wp-json\/wp\/v2\/media?parent=91254"}],"curies":[{"name":"wp","href":"https:\/\/api.w.org\/{rel}","templated":true}]}}