{"id":74468,"date":"2022-01-31T13:58:16","date_gmt":"2022-01-31T13:58:16","guid":{"rendered":"https:\/\/benoit-barbagli.com\/articles\/revolution-amoureuse-broche-copie\/"},"modified":"2023-11-06T12:37:01","modified_gmt":"2023-11-06T12:37:01","slug":"revolution-amoureuse-broche-copie","status":"publish","type":"product","link":"https:\/\/benoit-barbagli.com\/articles\/revolution-amoureuse-broche-copie\/","title":{"rendered":"R\u00e9volution Amoureuse &#8211; Broche"},"content":{"rendered":"","protected":false},"excerpt":{"rendered":"<p>Tentative Amoureuse, 2021<br \/>\nBenoit Barbagli<br \/>\nTaille : 40mm<br \/>\nPin&#8217;s double attache &#8211; \u00e9maill\u00e9 8 couleurs<br \/>\nPlaqu\u00e9 Argent<br \/>\nEdition limit\u00e9e<\/p>\n","protected":false},"featured_media":74460,"comment_status":"closed","ping_status":"closed","template":"","meta":{"_et_pb_use_builder":"","_et_pb_old_content":"","_et_gb_content_width":""},"product_brand":[],"product_cat":[122,98],"product_tag":[],"class_list":{"0":"post-74468","1":"product","2":"type-product","3":"status-publish","4":"has-post-thumbnail","6":"product_cat-broche","7":"product_cat-produits-derives","9":"first","10":"instock","11":"sale","12":"shipping-taxable","13":"purchasable","14":"product-type-simple"},"yoast_head":"<!-- This site is optimized with the Yoast SEO plugin v27.3 - https:\/\/yoast.com\/product\/yoast-seo-wordpress\/ -->\n<title>R\u00e9volution Amoureuse - Broche - benoit-barbagli.com<\/title>\n<meta name=\"robots\" content=\"index, follow, max-snippet:-1, max-image-preview:large, max-video-preview:-1\" \/>\n<link rel=\"canonical\" href=\"https:\/\/benoit-barbagli.com\/articles\/revolution-amoureuse-broche-copie\/\" \/>\n<meta property=\"og:locale\" content=\"en_US\" \/>\n<meta property=\"og:type\" content=\"article\" \/>\n<meta property=\"og:title\" content=\"R\u00e9volution Amoureuse - Broche - benoit-barbagli.com\" \/>\n<meta property=\"og:description\" content=\"Tentative Amoureuse, 2021 Benoit Barbagli Taille : 40mm Pin&#039;s double attache - \u00e9maill\u00e9 8 couleurs Plaqu\u00e9 Argent Edition limit\u00e9e\" \/>\n<meta property=\"og:url\" content=\"https:\/\/benoit-barbagli.com\/articles\/revolution-amoureuse-broche-copie\/\" \/>\n<meta property=\"og:site_name\" content=\"benoit-barbagli.com\" \/>\n<meta property=\"article:modified_time\" content=\"2023-11-06T12:37:01+00:00\" \/>\n<meta property=\"og:image\" content=\"https:\/\/benoit-barbagli.com\/wp-content\/uploads\/2022\/01\/BEN02491-1.jpg\" \/>\n\t<meta property=\"og:image:width\" content=\"1200\" \/>\n\t<meta property=\"og:image:height\" content=\"1200\" \/>\n\t<meta property=\"og:image:type\" content=\"image\/jpeg\" \/>\n<meta name=\"twitter:card\" content=\"summary_large_image\" \/>\n<script type=\"application\/ld+json\" class=\"yoast-schema-graph\">{\"@context\":\"https:\\\/\\\/schema.org\",\"@graph\":[{\"@type\":\"WebPage\",\"@id\":\"https:\\\/\\\/benoit-barbagli.com\\\/articles\\\/revolution-amoureuse-broche-copie\\\/\",\"url\":\"https:\\\/\\\/benoit-barbagli.com\\\/articles\\\/revolution-amoureuse-broche-copie\\\/\",\"name\":\"R\u00e9volution Amoureuse - Broche - benoit-barbagli.com\",\"isPartOf\":{\"@id\":\"https:\\\/\\\/benoit-barbagli.com\\\/en\\\/#website\"},\"primaryImageOfPage\":{\"@id\":\"https:\\\/\\\/benoit-barbagli.com\\\/articles\\\/revolution-amoureuse-broche-copie\\\/#primaryimage\"},\"image\":{\"@id\":\"https:\\\/\\\/benoit-barbagli.com\\\/articles\\\/revolution-amoureuse-broche-copie\\\/#primaryimage\"},\"thumbnailUrl\":\"https:\\\/\\\/benoit-barbagli.com\\\/wp-content\\\/uploads\\\/2022\\\/01\\\/BEN02491-1.jpg\",\"datePublished\":\"2022-01-31T13:58:16+00:00\",\"dateModified\":\"2023-11-06T12:37:01+00:00\",\"breadcrumb\":{\"@id\":\"https:\\\/\\\/benoit-barbagli.com\\\/articles\\\/revolution-amoureuse-broche-copie\\\/#breadcrumb\"},\"inLanguage\":\"en-US\",\"potentialAction\":[{\"@type\":\"ReadAction\",\"target\":[\"https:\\\/\\\/benoit-barbagli.com\\\/articles\\\/revolution-amoureuse-broche-copie\\\/\"]}]},{\"@type\":\"ImageObject\",\"inLanguage\":\"en-US\",\"@id\":\"https:\\\/\\\/benoit-barbagli.com\\\/articles\\\/revolution-amoureuse-broche-copie\\\/#primaryimage\",\"url\":\"https:\\\/\\\/benoit-barbagli.com\\\/wp-content\\\/uploads\\\/2022\\\/01\\\/BEN02491-1.jpg\",\"contentUrl\":\"https:\\\/\\\/benoit-barbagli.com\\\/wp-content\\\/uploads\\\/2022\\\/01\\\/BEN02491-1.jpg\",\"width\":1200,\"height\":1200},{\"@type\":\"BreadcrumbList\",\"@id\":\"https:\\\/\\\/benoit-barbagli.com\\\/articles\\\/revolution-amoureuse-broche-copie\\\/#breadcrumb\",\"itemListElement\":[{\"@type\":\"ListItem\",\"position\":1,\"name\":\"Accueil\",\"item\":\"https:\\\/\\\/benoit-barbagli.com\\\/en\\\/\"},{\"@type\":\"ListItem\",\"position\":2,\"name\":\"store\",\"item\":\"https:\\\/\\\/benoit-barbagli.com\\\/en\\\/shop\\\/\"},{\"@type\":\"ListItem\",\"position\":3,\"name\":\"R\u00e9volution Amoureuse &#8211; Broche\"}]},{\"@type\":\"WebSite\",\"@id\":\"https:\\\/\\\/benoit-barbagli.com\\\/en\\\/#website\",\"url\":\"https:\\\/\\\/benoit-barbagli.com\\\/en\\\/\",\"name\":\"benoit-barbagli.com\",\"description\":\"Sous le chaos, la vie\",\"publisher\":{\"@id\":\"https:\\\/\\\/benoit-barbagli.com\\\/en\\\/#\\\/schema\\\/person\\\/78c8df9be07e5f4f79d983f84aafeefd\"},\"potentialAction\":[{\"@type\":\"SearchAction\",\"target\":{\"@type\":\"EntryPoint\",\"urlTemplate\":\"https:\\\/\\\/benoit-barbagli.com\\\/en\\\/?s={search_term_string}\"},\"query-input\":{\"@type\":\"PropertyValueSpecification\",\"valueRequired\":true,\"valueName\":\"search_term_string\"}}],\"inLanguage\":\"en-US\"},{\"@type\":[\"Person\",\"Organization\"],\"@id\":\"https:\\\/\\\/benoit-barbagli.com\\\/en\\\/#\\\/schema\\\/person\\\/78c8df9be07e5f4f79d983f84aafeefd\",\"name\":\"benoitbarbagli\",\"image\":{\"@type\":\"ImageObject\",\"inLanguage\":\"en-US\",\"@id\":\"https:\\\/\\\/benoit-barbagli.com\\\/wp-content\\\/uploads\\\/2025\\\/04\\\/Sisyphe-V-V3-final-scaled.jpg\",\"url\":\"https:\\\/\\\/benoit-barbagli.com\\\/wp-content\\\/uploads\\\/2025\\\/04\\\/Sisyphe-V-V3-final-scaled.jpg\",\"contentUrl\":\"https:\\\/\\\/benoit-barbagli.com\\\/wp-content\\\/uploads\\\/2025\\\/04\\\/Sisyphe-V-V3-final-scaled.jpg\",\"width\":1713,\"height\":2560,\"caption\":\"benoitbarbagli\"},\"logo\":{\"@id\":\"https:\\\/\\\/benoit-barbagli.com\\\/wp-content\\\/uploads\\\/2025\\\/04\\\/Sisyphe-V-V3-final-scaled.jpg\"}}]}<\/script>\n<!-- \/ Yoast SEO plugin. -->","yoast_head_json":{"title":"R\u00e9volution Amoureuse - Broche - benoit-barbagli.com","robots":{"index":"index","follow":"follow","max-snippet":"max-snippet:-1","max-image-preview":"max-image-preview:large","max-video-preview":"max-video-preview:-1"},"canonical":"https:\/\/benoit-barbagli.com\/articles\/revolution-amoureuse-broche-copie\/","og_locale":"en_US","og_type":"article","og_title":"R\u00e9volution Amoureuse - Broche - benoit-barbagli.com","og_description":"Tentative Amoureuse, 2021 Benoit Barbagli Taille : 40mm Pin's double attache - \u00e9maill\u00e9 8 couleurs Plaqu\u00e9 Argent Edition limit\u00e9e","og_url":"https:\/\/benoit-barbagli.com\/articles\/revolution-amoureuse-broche-copie\/","og_site_name":"benoit-barbagli.com","article_modified_time":"2023-11-06T12:37:01+00:00","og_image":[{"width":1200,"height":1200,"url":"https:\/\/benoit-barbagli.com\/wp-content\/uploads\/2022\/01\/BEN02491-1.jpg","type":"image\/jpeg"}],"twitter_card":"summary_large_image","schema":{"@context":"https:\/\/schema.org","@graph":[{"@type":"WebPage","@id":"https:\/\/benoit-barbagli.com\/articles\/revolution-amoureuse-broche-copie\/","url":"https:\/\/benoit-barbagli.com\/articles\/revolution-amoureuse-broche-copie\/","name":"R\u00e9volution Amoureuse - Broche - benoit-barbagli.com","isPartOf":{"@id":"https:\/\/benoit-barbagli.com\/en\/#website"},"primaryImageOfPage":{"@id":"https:\/\/benoit-barbagli.com\/articles\/revolution-amoureuse-broche-copie\/#primaryimage"},"image":{"@id":"https:\/\/benoit-barbagli.com\/articles\/revolution-amoureuse-broche-copie\/#primaryimage"},"thumbnailUrl":"https:\/\/benoit-barbagli.com\/wp-content\/uploads\/2022\/01\/BEN02491-1.jpg","datePublished":"2022-01-31T13:58:16+00:00","dateModified":"2023-11-06T12:37:01+00:00","breadcrumb":{"@id":"https:\/\/benoit-barbagli.com\/articles\/revolution-amoureuse-broche-copie\/#breadcrumb"},"inLanguage":"en-US","potentialAction":[{"@type":"ReadAction","target":["https:\/\/benoit-barbagli.com\/articles\/revolution-amoureuse-broche-copie\/"]}]},{"@type":"ImageObject","inLanguage":"en-US","@id":"https:\/\/benoit-barbagli.com\/articles\/revolution-amoureuse-broche-copie\/#primaryimage","url":"https:\/\/benoit-barbagli.com\/wp-content\/uploads\/2022\/01\/BEN02491-1.jpg","contentUrl":"https:\/\/benoit-barbagli.com\/wp-content\/uploads\/2022\/01\/BEN02491-1.jpg","width":1200,"height":1200},{"@type":"BreadcrumbList","@id":"https:\/\/benoit-barbagli.com\/articles\/revolution-amoureuse-broche-copie\/#breadcrumb","itemListElement":[{"@type":"ListItem","position":1,"name":"Accueil","item":"https:\/\/benoit-barbagli.com\/en\/"},{"@type":"ListItem","position":2,"name":"store","item":"https:\/\/benoit-barbagli.com\/en\/shop\/"},{"@type":"ListItem","position":3,"name":"R\u00e9volution Amoureuse &#8211; Broche"}]},{"@type":"WebSite","@id":"https:\/\/benoit-barbagli.com\/en\/#website","url":"https:\/\/benoit-barbagli.com\/en\/","name":"benoit-barbagli.com","description":"Sous le chaos, la vie","publisher":{"@id":"https:\/\/benoit-barbagli.com\/en\/#\/schema\/person\/78c8df9be07e5f4f79d983f84aafeefd"},"potentialAction":[{"@type":"SearchAction","target":{"@type":"EntryPoint","urlTemplate":"https:\/\/benoit-barbagli.com\/en\/?s={search_term_string}"},"query-input":{"@type":"PropertyValueSpecification","valueRequired":true,"valueName":"search_term_string"}}],"inLanguage":"en-US"},{"@type":["Person","Organization"],"@id":"https:\/\/benoit-barbagli.com\/en\/#\/schema\/person\/78c8df9be07e5f4f79d983f84aafeefd","name":"benoitbarbagli","image":{"@type":"ImageObject","inLanguage":"en-US","@id":"https:\/\/benoit-barbagli.com\/wp-content\/uploads\/2025\/04\/Sisyphe-V-V3-final-scaled.jpg","url":"https:\/\/benoit-barbagli.com\/wp-content\/uploads\/2025\/04\/Sisyphe-V-V3-final-scaled.jpg","contentUrl":"https:\/\/benoit-barbagli.com\/wp-content\/uploads\/2025\/04\/Sisyphe-V-V3-final-scaled.jpg","width":1713,"height":2560,"caption":"benoitbarbagli"},"logo":{"@id":"https:\/\/benoit-barbagli.com\/wp-content\/uploads\/2025\/04\/Sisyphe-V-V3-final-scaled.jpg"}}]}},"_links":{"self":[{"href":"https:\/\/benoit-barbagli.com\/en\/wp-json\/wp\/v2\/product\/74468","targetHints":{"allow":["GET"]}}],"collection":[{"href":"https:\/\/benoit-barbagli.com\/en\/wp-json\/wp\/v2\/product"}],"about":[{"href":"https:\/\/benoit-barbagli.com\/en\/wp-json\/wp\/v2\/types\/product"}],"replies":[{"embeddable":true,"href":"https:\/\/benoit-barbagli.com\/en\/wp-json\/wp\/v2\/comments?post=74468"}],"wp:featuredmedia":[{"embeddable":true,"href":"https:\/\/benoit-barbagli.com\/en\/wp-json\/wp\/v2\/media\/74460"}],"wp:attachment":[{"href":"https:\/\/benoit-barbagli.com\/en\/wp-json\/wp\/v2\/media?parent=74468"}],"wp:term":[{"taxonomy":"product_brand","embeddable":true,"href":"https:\/\/benoit-barbagli.com\/en\/wp-json\/wp\/v2\/product_brand?post=74468"},{"taxonomy":"product_cat","embeddable":true,"href":"https:\/\/benoit-barbagli.com\/en\/wp-json\/wp\/v2\/product_cat?post=74468"},{"taxonomy":"product_tag","embeddable":true,"href":"https:\/\/benoit-barbagli.com\/en\/wp-json\/wp\/v2\/product_tag?post=74468"}],"curies":[{"name":"wp","href":"https:\/\/api.w.org\/{rel}","templated":true}]}}