{"id":74917,"date":"2022-04-13T16:08:05","date_gmt":"2022-04-13T16:08:05","guid":{"rendered":"https:\/\/benoit-barbagli.com\/articles\/la-mer-a-loeuvre\/"},"modified":"2022-04-18T13:22:09","modified_gmt":"2022-04-18T13:22:09","slug":"la-mer-a-loeuvre","status":"publish","type":"product","link":"https:\/\/benoit-barbagli.com\/articles\/la-mer-a-loeuvre\/","title":{"rendered":"La mer \u00e0 l\u2019\u0153uvre"},"content":{"rendered":"","protected":false},"excerpt":{"rendered":"<p>La mer \u00e0 l\u2019\u0153uvre, 2020<br \/>\nS\u00e9rie La forme de la nature<br \/>\nPhotographie num\u00e9rique<br \/>\n89&#215;55 cm<br \/>\n\u0152uvre originale &#8211; 5 exemplaires<br \/>\nAvec le certificat d&#8217;Authenticit\u00e9 de l&#8217;\u0153uvre<\/p>\n","protected":false},"featured_media":75145,"comment_status":"closed","ping_status":"closed","template":"","meta":{"_et_pb_use_builder":"","_et_pb_old_content":"","_et_gb_content_width":""},"product_brand":[],"product_cat":[89,90],"product_tag":[],"class_list":{"0":"post-74917","1":"product","2":"type-product","3":"status-publish","4":"has-post-thumbnail","6":"product_cat-oeuvres-originales","7":"product_cat-photographie","9":"first","10":"instock","11":"shipping-taxable","12":"purchasable","13":"product-type-simple"},"yoast_head":"<!-- This site is optimized with the Yoast SEO plugin v27.3 - https:\/\/yoast.com\/product\/yoast-seo-wordpress\/ -->\n<title>La mer \u00e0 l\u2019\u0153uvre - benoit-barbagli.com<\/title>\n<meta name=\"robots\" content=\"index, follow, max-snippet:-1, max-image-preview:large, max-video-preview:-1\" \/>\n<link rel=\"canonical\" href=\"https:\/\/benoit-barbagli.com\/articles\/la-mer-a-loeuvre\/\" \/>\n<meta property=\"og:locale\" content=\"en_US\" \/>\n<meta property=\"og:type\" content=\"article\" \/>\n<meta property=\"og:title\" content=\"La mer \u00e0 l\u2019\u0153uvre - benoit-barbagli.com\" \/>\n<meta property=\"og:description\" content=\"La mer \u00e0 l\u2019\u0153uvre, 2020 S\u00e9rie La forme de la nature Photographie num\u00e9rique 89x55 cm \u0152uvre originale - 5 exemplaires Avec le certificat d&#039;Authenticit\u00e9 de l&#039;\u0153uvre\" \/>\n<meta property=\"og:url\" content=\"https:\/\/benoit-barbagli.com\/articles\/la-mer-a-loeuvre\/\" \/>\n<meta property=\"og:site_name\" content=\"benoit-barbagli.com\" \/>\n<meta property=\"article:modified_time\" content=\"2022-04-18T13:22:09+00:00\" \/>\n<meta property=\"og:image\" content=\"https:\/\/benoit-barbagli.com\/wp-content\/uploads\/2022\/04\/BEN00568-scaled-4.jpg\" \/>\n\t<meta property=\"og:image:width\" content=\"1819\" \/>\n\t<meta property=\"og:image:height\" content=\"2560\" \/>\n\t<meta property=\"og:image:type\" content=\"image\/jpeg\" \/>\n<meta name=\"twitter:card\" content=\"summary_large_image\" \/>\n<script type=\"application\/ld+json\" class=\"yoast-schema-graph\">{\"@context\":\"https:\\\/\\\/schema.org\",\"@graph\":[{\"@type\":\"WebPage\",\"@id\":\"https:\\\/\\\/benoit-barbagli.com\\\/articles\\\/la-mer-a-loeuvre\\\/\",\"url\":\"https:\\\/\\\/benoit-barbagli.com\\\/articles\\\/la-mer-a-loeuvre\\\/\",\"name\":\"La mer \u00e0 l\u2019\u0153uvre - benoit-barbagli.com\",\"isPartOf\":{\"@id\":\"https:\\\/\\\/benoit-barbagli.com\\\/en\\\/#website\"},\"primaryImageOfPage\":{\"@id\":\"https:\\\/\\\/benoit-barbagli.com\\\/articles\\\/la-mer-a-loeuvre\\\/#primaryimage\"},\"image\":{\"@id\":\"https:\\\/\\\/benoit-barbagli.com\\\/articles\\\/la-mer-a-loeuvre\\\/#primaryimage\"},\"thumbnailUrl\":\"https:\\\/\\\/benoit-barbagli.com\\\/wp-content\\\/uploads\\\/2022\\\/04\\\/BEN00568-scaled-4.jpg\",\"datePublished\":\"2022-04-13T16:08:05+00:00\",\"dateModified\":\"2022-04-18T13:22:09+00:00\",\"breadcrumb\":{\"@id\":\"https:\\\/\\\/benoit-barbagli.com\\\/articles\\\/la-mer-a-loeuvre\\\/#breadcrumb\"},\"inLanguage\":\"en-US\",\"potentialAction\":[{\"@type\":\"ReadAction\",\"target\":[\"https:\\\/\\\/benoit-barbagli.com\\\/articles\\\/la-mer-a-loeuvre\\\/\"]}]},{\"@type\":\"ImageObject\",\"inLanguage\":\"en-US\",\"@id\":\"https:\\\/\\\/benoit-barbagli.com\\\/articles\\\/la-mer-a-loeuvre\\\/#primaryimage\",\"url\":\"https:\\\/\\\/benoit-barbagli.com\\\/wp-content\\\/uploads\\\/2022\\\/04\\\/BEN00568-scaled-4.jpg\",\"contentUrl\":\"https:\\\/\\\/benoit-barbagli.com\\\/wp-content\\\/uploads\\\/2022\\\/04\\\/BEN00568-scaled-4.jpg\",\"width\":1819,\"height\":2560},{\"@type\":\"BreadcrumbList\",\"@id\":\"https:\\\/\\\/benoit-barbagli.com\\\/articles\\\/la-mer-a-loeuvre\\\/#breadcrumb\",\"itemListElement\":[{\"@type\":\"ListItem\",\"position\":1,\"name\":\"Accueil\",\"item\":\"https:\\\/\\\/benoit-barbagli.com\\\/en\\\/\"},{\"@type\":\"ListItem\",\"position\":2,\"name\":\"store\",\"item\":\"https:\\\/\\\/benoit-barbagli.com\\\/en\\\/shop\\\/\"},{\"@type\":\"ListItem\",\"position\":3,\"name\":\"La mer \u00e0 l\u2019\u0153uvre\"}]},{\"@type\":\"WebSite\",\"@id\":\"https:\\\/\\\/benoit-barbagli.com\\\/en\\\/#website\",\"url\":\"https:\\\/\\\/benoit-barbagli.com\\\/en\\\/\",\"name\":\"benoit-barbagli.com\",\"description\":\"Sous le chaos, la vie\",\"publisher\":{\"@id\":\"https:\\\/\\\/benoit-barbagli.com\\\/en\\\/#\\\/schema\\\/person\\\/78c8df9be07e5f4f79d983f84aafeefd\"},\"potentialAction\":[{\"@type\":\"SearchAction\",\"target\":{\"@type\":\"EntryPoint\",\"urlTemplate\":\"https:\\\/\\\/benoit-barbagli.com\\\/en\\\/?s={search_term_string}\"},\"query-input\":{\"@type\":\"PropertyValueSpecification\",\"valueRequired\":true,\"valueName\":\"search_term_string\"}}],\"inLanguage\":\"en-US\"},{\"@type\":[\"Person\",\"Organization\"],\"@id\":\"https:\\\/\\\/benoit-barbagli.com\\\/en\\\/#\\\/schema\\\/person\\\/78c8df9be07e5f4f79d983f84aafeefd\",\"name\":\"benoitbarbagli\",\"image\":{\"@type\":\"ImageObject\",\"inLanguage\":\"en-US\",\"@id\":\"https:\\\/\\\/benoit-barbagli.com\\\/wp-content\\\/uploads\\\/2025\\\/04\\\/Sisyphe-V-V3-final-scaled.jpg\",\"url\":\"https:\\\/\\\/benoit-barbagli.com\\\/wp-content\\\/uploads\\\/2025\\\/04\\\/Sisyphe-V-V3-final-scaled.jpg\",\"contentUrl\":\"https:\\\/\\\/benoit-barbagli.com\\\/wp-content\\\/uploads\\\/2025\\\/04\\\/Sisyphe-V-V3-final-scaled.jpg\",\"width\":1713,\"height\":2560,\"caption\":\"benoitbarbagli\"},\"logo\":{\"@id\":\"https:\\\/\\\/benoit-barbagli.com\\\/wp-content\\\/uploads\\\/2025\\\/04\\\/Sisyphe-V-V3-final-scaled.jpg\"}}]}<\/script>\n<!-- \/ Yoast SEO plugin. -->","yoast_head_json":{"title":"La mer \u00e0 l\u2019\u0153uvre - benoit-barbagli.com","robots":{"index":"index","follow":"follow","max-snippet":"max-snippet:-1","max-image-preview":"max-image-preview:large","max-video-preview":"max-video-preview:-1"},"canonical":"https:\/\/benoit-barbagli.com\/articles\/la-mer-a-loeuvre\/","og_locale":"en_US","og_type":"article","og_title":"La mer \u00e0 l\u2019\u0153uvre - benoit-barbagli.com","og_description":"La mer \u00e0 l\u2019\u0153uvre, 2020 S\u00e9rie La forme de la nature Photographie num\u00e9rique 89x55 cm \u0152uvre originale - 5 exemplaires Avec le certificat d'Authenticit\u00e9 de l'\u0153uvre","og_url":"https:\/\/benoit-barbagli.com\/articles\/la-mer-a-loeuvre\/","og_site_name":"benoit-barbagli.com","article_modified_time":"2022-04-18T13:22:09+00:00","og_image":[{"width":1819,"height":2560,"url":"https:\/\/benoit-barbagli.com\/wp-content\/uploads\/2022\/04\/BEN00568-scaled-4.jpg","type":"image\/jpeg"}],"twitter_card":"summary_large_image","schema":{"@context":"https:\/\/schema.org","@graph":[{"@type":"WebPage","@id":"https:\/\/benoit-barbagli.com\/articles\/la-mer-a-loeuvre\/","url":"https:\/\/benoit-barbagli.com\/articles\/la-mer-a-loeuvre\/","name":"La mer \u00e0 l\u2019\u0153uvre - benoit-barbagli.com","isPartOf":{"@id":"https:\/\/benoit-barbagli.com\/en\/#website"},"primaryImageOfPage":{"@id":"https:\/\/benoit-barbagli.com\/articles\/la-mer-a-loeuvre\/#primaryimage"},"image":{"@id":"https:\/\/benoit-barbagli.com\/articles\/la-mer-a-loeuvre\/#primaryimage"},"thumbnailUrl":"https:\/\/benoit-barbagli.com\/wp-content\/uploads\/2022\/04\/BEN00568-scaled-4.jpg","datePublished":"2022-04-13T16:08:05+00:00","dateModified":"2022-04-18T13:22:09+00:00","breadcrumb":{"@id":"https:\/\/benoit-barbagli.com\/articles\/la-mer-a-loeuvre\/#breadcrumb"},"inLanguage":"en-US","potentialAction":[{"@type":"ReadAction","target":["https:\/\/benoit-barbagli.com\/articles\/la-mer-a-loeuvre\/"]}]},{"@type":"ImageObject","inLanguage":"en-US","@id":"https:\/\/benoit-barbagli.com\/articles\/la-mer-a-loeuvre\/#primaryimage","url":"https:\/\/benoit-barbagli.com\/wp-content\/uploads\/2022\/04\/BEN00568-scaled-4.jpg","contentUrl":"https:\/\/benoit-barbagli.com\/wp-content\/uploads\/2022\/04\/BEN00568-scaled-4.jpg","width":1819,"height":2560},{"@type":"BreadcrumbList","@id":"https:\/\/benoit-barbagli.com\/articles\/la-mer-a-loeuvre\/#breadcrumb","itemListElement":[{"@type":"ListItem","position":1,"name":"Accueil","item":"https:\/\/benoit-barbagli.com\/en\/"},{"@type":"ListItem","position":2,"name":"store","item":"https:\/\/benoit-barbagli.com\/en\/shop\/"},{"@type":"ListItem","position":3,"name":"La mer \u00e0 l\u2019\u0153uvre"}]},{"@type":"WebSite","@id":"https:\/\/benoit-barbagli.com\/en\/#website","url":"https:\/\/benoit-barbagli.com\/en\/","name":"benoit-barbagli.com","description":"Sous le chaos, la vie","publisher":{"@id":"https:\/\/benoit-barbagli.com\/en\/#\/schema\/person\/78c8df9be07e5f4f79d983f84aafeefd"},"potentialAction":[{"@type":"SearchAction","target":{"@type":"EntryPoint","urlTemplate":"https:\/\/benoit-barbagli.com\/en\/?s={search_term_string}"},"query-input":{"@type":"PropertyValueSpecification","valueRequired":true,"valueName":"search_term_string"}}],"inLanguage":"en-US"},{"@type":["Person","Organization"],"@id":"https:\/\/benoit-barbagli.com\/en\/#\/schema\/person\/78c8df9be07e5f4f79d983f84aafeefd","name":"benoitbarbagli","image":{"@type":"ImageObject","inLanguage":"en-US","@id":"https:\/\/benoit-barbagli.com\/wp-content\/uploads\/2025\/04\/Sisyphe-V-V3-final-scaled.jpg","url":"https:\/\/benoit-barbagli.com\/wp-content\/uploads\/2025\/04\/Sisyphe-V-V3-final-scaled.jpg","contentUrl":"https:\/\/benoit-barbagli.com\/wp-content\/uploads\/2025\/04\/Sisyphe-V-V3-final-scaled.jpg","width":1713,"height":2560,"caption":"benoitbarbagli"},"logo":{"@id":"https:\/\/benoit-barbagli.com\/wp-content\/uploads\/2025\/04\/Sisyphe-V-V3-final-scaled.jpg"}}]}},"_links":{"self":[{"href":"https:\/\/benoit-barbagli.com\/en\/wp-json\/wp\/v2\/product\/74917","targetHints":{"allow":["GET"]}}],"collection":[{"href":"https:\/\/benoit-barbagli.com\/en\/wp-json\/wp\/v2\/product"}],"about":[{"href":"https:\/\/benoit-barbagli.com\/en\/wp-json\/wp\/v2\/types\/product"}],"replies":[{"embeddable":true,"href":"https:\/\/benoit-barbagli.com\/en\/wp-json\/wp\/v2\/comments?post=74917"}],"wp:featuredmedia":[{"embeddable":true,"href":"https:\/\/benoit-barbagli.com\/en\/wp-json\/wp\/v2\/media\/75145"}],"wp:attachment":[{"href":"https:\/\/benoit-barbagli.com\/en\/wp-json\/wp\/v2\/media?parent=74917"}],"wp:term":[{"taxonomy":"product_brand","embeddable":true,"href":"https:\/\/benoit-barbagli.com\/en\/wp-json\/wp\/v2\/product_brand?post=74917"},{"taxonomy":"product_cat","embeddable":true,"href":"https:\/\/benoit-barbagli.com\/en\/wp-json\/wp\/v2\/product_cat?post=74917"},{"taxonomy":"product_tag","embeddable":true,"href":"https:\/\/benoit-barbagli.com\/en\/wp-json\/wp\/v2\/product_tag?post=74917"}],"curies":[{"name":"wp","href":"https:\/\/api.w.org\/{rel}","templated":true}]}}