{"id":77514,"date":"2022-12-04T23:42:07","date_gmt":"2022-12-04T23:42:07","guid":{"rendered":"https:\/\/benoit-barbagli.com\/?post_type=product&#038;p=77514"},"modified":"2023-12-15T14:55:07","modified_gmt":"2023-12-15T14:55:07","slug":"ode-a-la-joie-n2-saut-la-nuit","status":"publish","type":"product","link":"https:\/\/benoit-barbagli.com\/articles\/ode-a-la-joie-saut-la-nuit\/","title":{"rendered":"Ode \u00e0 la joie  n\u00b02 &#8211; Saut la nuit"},"content":{"rendered":"","protected":false},"excerpt":{"rendered":"<p class=\"p1\">Saut la nuit<\/p>\n<p class=\"p1\">S\u00e9rie <em>Ode \u00e0 la joie n\u00b02<\/em><\/p>\n<p class=\"p1\">Tirage HP Vivid sur Ultra Smooth Hahnem\u00fchle 305g<\/p>\n<p class=\"p1\">Encadrement Nielsen Aluminium &#8211; Verre Antireflet<\/p>\n<p class=\"p1\">Signature \u00e9crite num\u00e9rot\u00e9e au dos<\/p>\n<p>18 x 24 cm<\/p>\n<p>5\/30<\/p>\n<p>&nbsp;<\/p>\n<p>La s\u00e9rie\u00a0<em>Ode \u00e0 la joie<\/em>\u00a0regroupe une s\u00e9lection de 100 photographies entre 2011 et 2022. Utiliser la photographie comme un guide permettant la mise en place des conditions d\u2019\u00e9mergence de la joie.<\/p>\n<p>Chaque photographie de la s\u00e9rie est un tirage pigmentaire sur\u00a0<em>Museum Etching Hahnem\u00fchle<\/em>\u00a0350g au format 18 x 24 cm, \u00e9dit\u00e9e \u00e0 30 exemplaires sign\u00e9s et num\u00e9rot\u00e9s.<\/p>\n<p>&nbsp;<\/p>\n","protected":false},"featured_media":77450,"comment_status":"closed","ping_status":"closed","template":"","meta":{"_et_pb_use_builder":"","_et_pb_old_content":"","_et_gb_content_width":""},"product_brand":[],"product_cat":[277,134,135],"product_tag":[840],"class_list":{"0":"post-77514","1":"product","2":"type-product","3":"status-publish","4":"has-post-thumbnail","6":"product_cat-ode-a-la-joie","7":"product_cat-edition-limitees","8":"product_cat-editions-photographiques","9":"product_tag-taille","11":"first","12":"instock","13":"shipping-taxable","14":"purchasable","15":"product-type-simple"},"yoast_head":"<!-- This site is optimized with the Yoast SEO plugin v27.3 - https:\/\/yoast.com\/product\/yoast-seo-wordpress\/ -->\n<title>Ode \u00e0 la joie n\u00b02 - Saut la nuit - benoit-barbagli.com<\/title>\n<meta name=\"robots\" content=\"index, follow, max-snippet:-1, max-image-preview:large, max-video-preview:-1\" \/>\n<link rel=\"canonical\" href=\"https:\/\/benoit-barbagli.com\/articles\/ode-a-la-joie-saut-la-nuit\/\" \/>\n<meta property=\"og:locale\" content=\"en_US\" \/>\n<meta property=\"og:type\" content=\"article\" \/>\n<meta property=\"og:title\" content=\"Ode \u00e0 la joie n\u00b02 - Saut la nuit - benoit-barbagli.com\" \/>\n<meta property=\"og:description\" content=\"Saut la nuit S\u00e9rie Ode \u00e0 la joie n\u00b02 Tirage HP Vivid sur Ultra Smooth Hahnem\u00fchle 305g Encadrement Nielsen Aluminium - Verre Antireflet Signature \u00e9crite num\u00e9rot\u00e9e au dos 18 x 24 cm  5\/30  &nbsp;  La s\u00e9rie\u00a0Ode \u00e0 la joie\u00a0regroupe une s\u00e9lection de 100 photographies entre 2011 et 2022. Utiliser la photographie comme un guide permettant la mise en place des conditions d\u2019\u00e9mergence de la joie.  Chaque photographie de la s\u00e9rie est un tirage pigmentaire sur\u00a0Museum Etching Hahnem\u00fchle\u00a0350g au format 18 x 24 cm, \u00e9dit\u00e9e \u00e0 30 exemplaires sign\u00e9s et num\u00e9rot\u00e9s.  &nbsp;\" \/>\n<meta property=\"og:url\" content=\"https:\/\/benoit-barbagli.com\/articles\/ode-a-la-joie-saut-la-nuit\/\" \/>\n<meta property=\"og:site_name\" content=\"benoit-barbagli.com\" \/>\n<meta property=\"article:modified_time\" content=\"2023-12-15T14:55:07+00:00\" \/>\n<meta property=\"og:image\" content=\"https:\/\/benoit-barbagli.com\/wp-content\/uploads\/2022\/12\/Sans-titre-1-scaled.jpg\" \/>\n\t<meta property=\"og:image:width\" content=\"2560\" \/>\n\t<meta property=\"og:image:height\" content=\"1920\" \/>\n\t<meta property=\"og:image:type\" content=\"image\/jpeg\" \/>\n<meta name=\"twitter:card\" content=\"summary_large_image\" \/>\n<script type=\"application\/ld+json\" class=\"yoast-schema-graph\">{\"@context\":\"https:\\\/\\\/schema.org\",\"@graph\":[{\"@type\":\"WebPage\",\"@id\":\"https:\\\/\\\/benoit-barbagli.com\\\/articles\\\/ode-a-la-joie-saut-la-nuit\\\/\",\"url\":\"https:\\\/\\\/benoit-barbagli.com\\\/articles\\\/ode-a-la-joie-saut-la-nuit\\\/\",\"name\":\"Ode \u00e0 la joie n\u00b02 - Saut la nuit - benoit-barbagli.com\",\"isPartOf\":{\"@id\":\"https:\\\/\\\/benoit-barbagli.com\\\/en\\\/#website\"},\"primaryImageOfPage\":{\"@id\":\"https:\\\/\\\/benoit-barbagli.com\\\/articles\\\/ode-a-la-joie-saut-la-nuit\\\/#primaryimage\"},\"image\":{\"@id\":\"https:\\\/\\\/benoit-barbagli.com\\\/articles\\\/ode-a-la-joie-saut-la-nuit\\\/#primaryimage\"},\"thumbnailUrl\":\"https:\\\/\\\/benoit-barbagli.com\\\/wp-content\\\/uploads\\\/2022\\\/12\\\/Sans-titre-1-scaled.jpg\",\"datePublished\":\"2022-12-04T23:42:07+00:00\",\"dateModified\":\"2023-12-15T14:55:07+00:00\",\"breadcrumb\":{\"@id\":\"https:\\\/\\\/benoit-barbagli.com\\\/articles\\\/ode-a-la-joie-saut-la-nuit\\\/#breadcrumb\"},\"inLanguage\":\"en-US\",\"potentialAction\":[{\"@type\":\"ReadAction\",\"target\":[\"https:\\\/\\\/benoit-barbagli.com\\\/articles\\\/ode-a-la-joie-saut-la-nuit\\\/\"]}]},{\"@type\":\"ImageObject\",\"inLanguage\":\"en-US\",\"@id\":\"https:\\\/\\\/benoit-barbagli.com\\\/articles\\\/ode-a-la-joie-saut-la-nuit\\\/#primaryimage\",\"url\":\"https:\\\/\\\/benoit-barbagli.com\\\/wp-content\\\/uploads\\\/2022\\\/12\\\/Sans-titre-1-scaled.jpg\",\"contentUrl\":\"https:\\\/\\\/benoit-barbagli.com\\\/wp-content\\\/uploads\\\/2022\\\/12\\\/Sans-titre-1-scaled.jpg\",\"width\":2560,\"height\":1920},{\"@type\":\"BreadcrumbList\",\"@id\":\"https:\\\/\\\/benoit-barbagli.com\\\/articles\\\/ode-a-la-joie-saut-la-nuit\\\/#breadcrumb\",\"itemListElement\":[{\"@type\":\"ListItem\",\"position\":1,\"name\":\"Accueil\",\"item\":\"https:\\\/\\\/benoit-barbagli.com\\\/en\\\/\"},{\"@type\":\"ListItem\",\"position\":2,\"name\":\"store\",\"item\":\"https:\\\/\\\/benoit-barbagli.com\\\/en\\\/shop\\\/\"},{\"@type\":\"ListItem\",\"position\":3,\"name\":\"Ode \u00e0 la joie n\u00b02 &#8211; Saut la nuit\"}]},{\"@type\":\"WebSite\",\"@id\":\"https:\\\/\\\/benoit-barbagli.com\\\/en\\\/#website\",\"url\":\"https:\\\/\\\/benoit-barbagli.com\\\/en\\\/\",\"name\":\"benoit-barbagli.com\",\"description\":\"Sous le chaos, la vie\",\"publisher\":{\"@id\":\"https:\\\/\\\/benoit-barbagli.com\\\/en\\\/#\\\/schema\\\/person\\\/78c8df9be07e5f4f79d983f84aafeefd\"},\"potentialAction\":[{\"@type\":\"SearchAction\",\"target\":{\"@type\":\"EntryPoint\",\"urlTemplate\":\"https:\\\/\\\/benoit-barbagli.com\\\/en\\\/?s={search_term_string}\"},\"query-input\":{\"@type\":\"PropertyValueSpecification\",\"valueRequired\":true,\"valueName\":\"search_term_string\"}}],\"inLanguage\":\"en-US\"},{\"@type\":[\"Person\",\"Organization\"],\"@id\":\"https:\\\/\\\/benoit-barbagli.com\\\/en\\\/#\\\/schema\\\/person\\\/78c8df9be07e5f4f79d983f84aafeefd\",\"name\":\"benoitbarbagli\",\"image\":{\"@type\":\"ImageObject\",\"inLanguage\":\"en-US\",\"@id\":\"https:\\\/\\\/benoit-barbagli.com\\\/wp-content\\\/uploads\\\/2025\\\/04\\\/Sisyphe-V-V3-final-scaled.jpg\",\"url\":\"https:\\\/\\\/benoit-barbagli.com\\\/wp-content\\\/uploads\\\/2025\\\/04\\\/Sisyphe-V-V3-final-scaled.jpg\",\"contentUrl\":\"https:\\\/\\\/benoit-barbagli.com\\\/wp-content\\\/uploads\\\/2025\\\/04\\\/Sisyphe-V-V3-final-scaled.jpg\",\"width\":1713,\"height\":2560,\"caption\":\"benoitbarbagli\"},\"logo\":{\"@id\":\"https:\\\/\\\/benoit-barbagli.com\\\/wp-content\\\/uploads\\\/2025\\\/04\\\/Sisyphe-V-V3-final-scaled.jpg\"}}]}<\/script>\n<!-- \/ Yoast SEO plugin. -->","yoast_head_json":{"title":"Ode \u00e0 la joie n\u00b02 - Saut la nuit - benoit-barbagli.com","robots":{"index":"index","follow":"follow","max-snippet":"max-snippet:-1","max-image-preview":"max-image-preview:large","max-video-preview":"max-video-preview:-1"},"canonical":"https:\/\/benoit-barbagli.com\/articles\/ode-a-la-joie-saut-la-nuit\/","og_locale":"en_US","og_type":"article","og_title":"Ode \u00e0 la joie n\u00b02 - Saut la nuit - benoit-barbagli.com","og_description":"Saut la nuit S\u00e9rie Ode \u00e0 la joie n\u00b02 Tirage HP Vivid sur Ultra Smooth Hahnem\u00fchle 305g Encadrement Nielsen Aluminium - Verre Antireflet Signature \u00e9crite num\u00e9rot\u00e9e au dos 18 x 24 cm  5\/30  &nbsp;  La s\u00e9rie\u00a0Ode \u00e0 la joie\u00a0regroupe une s\u00e9lection de 100 photographies entre 2011 et 2022. Utiliser la photographie comme un guide permettant la mise en place des conditions d\u2019\u00e9mergence de la joie.  Chaque photographie de la s\u00e9rie est un tirage pigmentaire sur\u00a0Museum Etching Hahnem\u00fchle\u00a0350g au format 18 x 24 cm, \u00e9dit\u00e9e \u00e0 30 exemplaires sign\u00e9s et num\u00e9rot\u00e9s.  &nbsp;","og_url":"https:\/\/benoit-barbagli.com\/articles\/ode-a-la-joie-saut-la-nuit\/","og_site_name":"benoit-barbagli.com","article_modified_time":"2023-12-15T14:55:07+00:00","og_image":[{"width":2560,"height":1920,"url":"https:\/\/benoit-barbagli.com\/wp-content\/uploads\/2022\/12\/Sans-titre-1-scaled.jpg","type":"image\/jpeg"}],"twitter_card":"summary_large_image","schema":{"@context":"https:\/\/schema.org","@graph":[{"@type":"WebPage","@id":"https:\/\/benoit-barbagli.com\/articles\/ode-a-la-joie-saut-la-nuit\/","url":"https:\/\/benoit-barbagli.com\/articles\/ode-a-la-joie-saut-la-nuit\/","name":"Ode \u00e0 la joie n\u00b02 - Saut la nuit - benoit-barbagli.com","isPartOf":{"@id":"https:\/\/benoit-barbagli.com\/en\/#website"},"primaryImageOfPage":{"@id":"https:\/\/benoit-barbagli.com\/articles\/ode-a-la-joie-saut-la-nuit\/#primaryimage"},"image":{"@id":"https:\/\/benoit-barbagli.com\/articles\/ode-a-la-joie-saut-la-nuit\/#primaryimage"},"thumbnailUrl":"https:\/\/benoit-barbagli.com\/wp-content\/uploads\/2022\/12\/Sans-titre-1-scaled.jpg","datePublished":"2022-12-04T23:42:07+00:00","dateModified":"2023-12-15T14:55:07+00:00","breadcrumb":{"@id":"https:\/\/benoit-barbagli.com\/articles\/ode-a-la-joie-saut-la-nuit\/#breadcrumb"},"inLanguage":"en-US","potentialAction":[{"@type":"ReadAction","target":["https:\/\/benoit-barbagli.com\/articles\/ode-a-la-joie-saut-la-nuit\/"]}]},{"@type":"ImageObject","inLanguage":"en-US","@id":"https:\/\/benoit-barbagli.com\/articles\/ode-a-la-joie-saut-la-nuit\/#primaryimage","url":"https:\/\/benoit-barbagli.com\/wp-content\/uploads\/2022\/12\/Sans-titre-1-scaled.jpg","contentUrl":"https:\/\/benoit-barbagli.com\/wp-content\/uploads\/2022\/12\/Sans-titre-1-scaled.jpg","width":2560,"height":1920},{"@type":"BreadcrumbList","@id":"https:\/\/benoit-barbagli.com\/articles\/ode-a-la-joie-saut-la-nuit\/#breadcrumb","itemListElement":[{"@type":"ListItem","position":1,"name":"Accueil","item":"https:\/\/benoit-barbagli.com\/en\/"},{"@type":"ListItem","position":2,"name":"store","item":"https:\/\/benoit-barbagli.com\/en\/shop\/"},{"@type":"ListItem","position":3,"name":"Ode \u00e0 la joie n\u00b02 &#8211; Saut la nuit"}]},{"@type":"WebSite","@id":"https:\/\/benoit-barbagli.com\/en\/#website","url":"https:\/\/benoit-barbagli.com\/en\/","name":"benoit-barbagli.com","description":"Sous le chaos, la vie","publisher":{"@id":"https:\/\/benoit-barbagli.com\/en\/#\/schema\/person\/78c8df9be07e5f4f79d983f84aafeefd"},"potentialAction":[{"@type":"SearchAction","target":{"@type":"EntryPoint","urlTemplate":"https:\/\/benoit-barbagli.com\/en\/?s={search_term_string}"},"query-input":{"@type":"PropertyValueSpecification","valueRequired":true,"valueName":"search_term_string"}}],"inLanguage":"en-US"},{"@type":["Person","Organization"],"@id":"https:\/\/benoit-barbagli.com\/en\/#\/schema\/person\/78c8df9be07e5f4f79d983f84aafeefd","name":"benoitbarbagli","image":{"@type":"ImageObject","inLanguage":"en-US","@id":"https:\/\/benoit-barbagli.com\/wp-content\/uploads\/2025\/04\/Sisyphe-V-V3-final-scaled.jpg","url":"https:\/\/benoit-barbagli.com\/wp-content\/uploads\/2025\/04\/Sisyphe-V-V3-final-scaled.jpg","contentUrl":"https:\/\/benoit-barbagli.com\/wp-content\/uploads\/2025\/04\/Sisyphe-V-V3-final-scaled.jpg","width":1713,"height":2560,"caption":"benoitbarbagli"},"logo":{"@id":"https:\/\/benoit-barbagli.com\/wp-content\/uploads\/2025\/04\/Sisyphe-V-V3-final-scaled.jpg"}}]}},"_links":{"self":[{"href":"https:\/\/benoit-barbagli.com\/en\/wp-json\/wp\/v2\/product\/77514","targetHints":{"allow":["GET"]}}],"collection":[{"href":"https:\/\/benoit-barbagli.com\/en\/wp-json\/wp\/v2\/product"}],"about":[{"href":"https:\/\/benoit-barbagli.com\/en\/wp-json\/wp\/v2\/types\/product"}],"replies":[{"embeddable":true,"href":"https:\/\/benoit-barbagli.com\/en\/wp-json\/wp\/v2\/comments?post=77514"}],"wp:featuredmedia":[{"embeddable":true,"href":"https:\/\/benoit-barbagli.com\/en\/wp-json\/wp\/v2\/media\/77450"}],"wp:attachment":[{"href":"https:\/\/benoit-barbagli.com\/en\/wp-json\/wp\/v2\/media?parent=77514"}],"wp:term":[{"taxonomy":"product_brand","embeddable":true,"href":"https:\/\/benoit-barbagli.com\/en\/wp-json\/wp\/v2\/product_brand?post=77514"},{"taxonomy":"product_cat","embeddable":true,"href":"https:\/\/benoit-barbagli.com\/en\/wp-json\/wp\/v2\/product_cat?post=77514"},{"taxonomy":"product_tag","embeddable":true,"href":"https:\/\/benoit-barbagli.com\/en\/wp-json\/wp\/v2\/product_tag?post=77514"}],"curies":[{"name":"wp","href":"https:\/\/api.w.org\/{rel}","templated":true}]}}