{"id":77602,"date":"2022-12-11T17:27:58","date_gmt":"2022-12-11T17:27:58","guid":{"rendered":"https:\/\/benoit-barbagli.com\/?post_type=product&#038;p=77602"},"modified":"2023-10-22T16:26:20","modified_gmt":"2023-10-22T16:26:20","slug":"immersion-n2-deep-gravity","status":"publish","type":"product","link":"https:\/\/benoit-barbagli.com\/immersion-n2-deep-gravity\/","title":{"rendered":"Immersion n\u00b02 &#8211; DEEP GRAVITY"},"content":{"rendered":"","protected":false},"excerpt":{"rendered":"<p><em>Deep gravity<\/em><\/p>\n<p class=\"p1\">S\u00e9rie\u00a0<em>Immersion \u2013\u00a0 num\u00e9ro 2 de la s\u00e9rie<\/em><\/p>\n<p class=\"p1\">Tirage HP Vivid sur Ultra Smooth Hahnem\u00fchle 305g<\/p>\n<p class=\"p1\">Encadrement Nielsen Aluminium \u2013 Verre Antireflet<\/p>\n<p>Tirage limit\u00e9 \u00e0 10 exemplaires num\u00e9rot\u00e9s et sign\u00e9s au dos<\/p>\n<p class=\"p1\">42 x 23 cm<\/p>\n<p>2\/10<\/p>\n","protected":false},"featured_media":77603,"comment_status":"closed","ping_status":"closed","template":"","meta":{"_et_pb_use_builder":"","_et_pb_old_content":"","_et_gb_content_width":""},"product_brand":[],"product_cat":[278,134,135],"product_tag":[840],"class_list":{"0":"post-77602","1":"product","2":"type-product","3":"status-publish","4":"has-post-thumbnail","6":"product_cat-collection-immersion","7":"product_cat-edition-limitees","8":"product_cat-editions-photographiques","9":"product_tag-taille","11":"first","12":"instock","13":"shipping-taxable","14":"purchasable","15":"product-type-simple"},"yoast_head":"<!-- This site is optimized with the Yoast SEO plugin v27.3 - https:\/\/yoast.com\/product\/yoast-seo-wordpress\/ -->\n<title>Immersion n\u00b02 - DEEP GRAVITY - benoit-barbagli.com<\/title>\n<meta name=\"robots\" content=\"index, follow, max-snippet:-1, max-image-preview:large, max-video-preview:-1\" \/>\n<link rel=\"canonical\" href=\"https:\/\/benoit-barbagli.com\/immersion-n2-deep-gravity\/\" \/>\n<meta property=\"og:locale\" content=\"en_US\" \/>\n<meta property=\"og:type\" content=\"article\" \/>\n<meta property=\"og:title\" content=\"Immersion n\u00b02 - DEEP GRAVITY - benoit-barbagli.com\" \/>\n<meta property=\"og:description\" content=\"Deep gravity S\u00e9rie\u00a0Immersion \u2013\u00a0 num\u00e9ro 2 de la s\u00e9rie Tirage HP Vivid sur Ultra Smooth Hahnem\u00fchle 305g Encadrement Nielsen Aluminium \u2013 Verre Antireflet Tirage limit\u00e9 \u00e0 10 exemplaires num\u00e9rot\u00e9s et sign\u00e9s au dos 42 x 23 cm 2\/10\" \/>\n<meta property=\"og:url\" content=\"https:\/\/benoit-barbagli.com\/immersion-n2-deep-gravity\/\" \/>\n<meta property=\"og:site_name\" content=\"benoit-barbagli.com\" \/>\n<meta property=\"article:modified_time\" content=\"2023-10-22T16:26:20+00:00\" \/>\n<meta property=\"og:image\" content=\"https:\/\/benoit-barbagli.com\/wp-content\/uploads\/2022\/12\/Immersion-2018-scaled.jpg\" \/>\n\t<meta property=\"og:image:width\" content=\"2560\" \/>\n\t<meta property=\"og:image:height\" content=\"1440\" \/>\n\t<meta property=\"og:image:type\" content=\"image\/jpeg\" \/>\n<meta name=\"twitter:card\" content=\"summary_large_image\" \/>\n<script type=\"application\/ld+json\" class=\"yoast-schema-graph\">{\"@context\":\"https:\\\/\\\/schema.org\",\"@graph\":[{\"@type\":\"WebPage\",\"@id\":\"https:\\\/\\\/benoit-barbagli.com\\\/immersion-n2-deep-gravity\\\/\",\"url\":\"https:\\\/\\\/benoit-barbagli.com\\\/immersion-n2-deep-gravity\\\/\",\"name\":\"Immersion n\u00b02 - DEEP GRAVITY - benoit-barbagli.com\",\"isPartOf\":{\"@id\":\"https:\\\/\\\/benoit-barbagli.com\\\/en\\\/#website\"},\"primaryImageOfPage\":{\"@id\":\"https:\\\/\\\/benoit-barbagli.com\\\/immersion-n2-deep-gravity\\\/#primaryimage\"},\"image\":{\"@id\":\"https:\\\/\\\/benoit-barbagli.com\\\/immersion-n2-deep-gravity\\\/#primaryimage\"},\"thumbnailUrl\":\"https:\\\/\\\/benoit-barbagli.com\\\/wp-content\\\/uploads\\\/2022\\\/12\\\/Immersion-2018-scaled.jpg\",\"datePublished\":\"2022-12-11T17:27:58+00:00\",\"dateModified\":\"2023-10-22T16:26:20+00:00\",\"breadcrumb\":{\"@id\":\"https:\\\/\\\/benoit-barbagli.com\\\/immersion-n2-deep-gravity\\\/#breadcrumb\"},\"inLanguage\":\"en-US\",\"potentialAction\":[{\"@type\":\"ReadAction\",\"target\":[\"https:\\\/\\\/benoit-barbagli.com\\\/immersion-n2-deep-gravity\\\/\"]}]},{\"@type\":\"ImageObject\",\"inLanguage\":\"en-US\",\"@id\":\"https:\\\/\\\/benoit-barbagli.com\\\/immersion-n2-deep-gravity\\\/#primaryimage\",\"url\":\"https:\\\/\\\/benoit-barbagli.com\\\/wp-content\\\/uploads\\\/2022\\\/12\\\/Immersion-2018-scaled.jpg\",\"contentUrl\":\"https:\\\/\\\/benoit-barbagli.com\\\/wp-content\\\/uploads\\\/2022\\\/12\\\/Immersion-2018-scaled.jpg\",\"width\":2560,\"height\":1440},{\"@type\":\"BreadcrumbList\",\"@id\":\"https:\\\/\\\/benoit-barbagli.com\\\/immersion-n2-deep-gravity\\\/#breadcrumb\",\"itemListElement\":[{\"@type\":\"ListItem\",\"position\":1,\"name\":\"Accueil\",\"item\":\"https:\\\/\\\/benoit-barbagli.com\\\/en\\\/\"},{\"@type\":\"ListItem\",\"position\":2,\"name\":\"store\",\"item\":\"https:\\\/\\\/benoit-barbagli.com\\\/en\\\/shop\\\/\"},{\"@type\":\"ListItem\",\"position\":3,\"name\":\"Immersion n\u00b02 &#8211; DEEP GRAVITY\"}]},{\"@type\":\"WebSite\",\"@id\":\"https:\\\/\\\/benoit-barbagli.com\\\/en\\\/#website\",\"url\":\"https:\\\/\\\/benoit-barbagli.com\\\/en\\\/\",\"name\":\"benoit-barbagli.com\",\"description\":\"Sous le chaos, la vie\",\"publisher\":{\"@id\":\"https:\\\/\\\/benoit-barbagli.com\\\/en\\\/#\\\/schema\\\/person\\\/78c8df9be07e5f4f79d983f84aafeefd\"},\"potentialAction\":[{\"@type\":\"SearchAction\",\"target\":{\"@type\":\"EntryPoint\",\"urlTemplate\":\"https:\\\/\\\/benoit-barbagli.com\\\/en\\\/?s={search_term_string}\"},\"query-input\":{\"@type\":\"PropertyValueSpecification\",\"valueRequired\":true,\"valueName\":\"search_term_string\"}}],\"inLanguage\":\"en-US\"},{\"@type\":[\"Person\",\"Organization\"],\"@id\":\"https:\\\/\\\/benoit-barbagli.com\\\/en\\\/#\\\/schema\\\/person\\\/78c8df9be07e5f4f79d983f84aafeefd\",\"name\":\"benoitbarbagli\",\"image\":{\"@type\":\"ImageObject\",\"inLanguage\":\"en-US\",\"@id\":\"https:\\\/\\\/benoit-barbagli.com\\\/wp-content\\\/uploads\\\/2025\\\/04\\\/Sisyphe-V-V3-final-scaled.jpg\",\"url\":\"https:\\\/\\\/benoit-barbagli.com\\\/wp-content\\\/uploads\\\/2025\\\/04\\\/Sisyphe-V-V3-final-scaled.jpg\",\"contentUrl\":\"https:\\\/\\\/benoit-barbagli.com\\\/wp-content\\\/uploads\\\/2025\\\/04\\\/Sisyphe-V-V3-final-scaled.jpg\",\"width\":1713,\"height\":2560,\"caption\":\"benoitbarbagli\"},\"logo\":{\"@id\":\"https:\\\/\\\/benoit-barbagli.com\\\/wp-content\\\/uploads\\\/2025\\\/04\\\/Sisyphe-V-V3-final-scaled.jpg\"}}]}<\/script>\n<!-- \/ Yoast SEO plugin. -->","yoast_head_json":{"title":"Immersion n\u00b02 - DEEP GRAVITY - benoit-barbagli.com","robots":{"index":"index","follow":"follow","max-snippet":"max-snippet:-1","max-image-preview":"max-image-preview:large","max-video-preview":"max-video-preview:-1"},"canonical":"https:\/\/benoit-barbagli.com\/immersion-n2-deep-gravity\/","og_locale":"en_US","og_type":"article","og_title":"Immersion n\u00b02 - DEEP GRAVITY - benoit-barbagli.com","og_description":"Deep gravity S\u00e9rie\u00a0Immersion \u2013\u00a0 num\u00e9ro 2 de la s\u00e9rie Tirage HP Vivid sur Ultra Smooth Hahnem\u00fchle 305g Encadrement Nielsen Aluminium \u2013 Verre Antireflet Tirage limit\u00e9 \u00e0 10 exemplaires num\u00e9rot\u00e9s et sign\u00e9s au dos 42 x 23 cm 2\/10","og_url":"https:\/\/benoit-barbagli.com\/immersion-n2-deep-gravity\/","og_site_name":"benoit-barbagli.com","article_modified_time":"2023-10-22T16:26:20+00:00","og_image":[{"width":2560,"height":1440,"url":"https:\/\/benoit-barbagli.com\/wp-content\/uploads\/2022\/12\/Immersion-2018-scaled.jpg","type":"image\/jpeg"}],"twitter_card":"summary_large_image","schema":{"@context":"https:\/\/schema.org","@graph":[{"@type":"WebPage","@id":"https:\/\/benoit-barbagli.com\/immersion-n2-deep-gravity\/","url":"https:\/\/benoit-barbagli.com\/immersion-n2-deep-gravity\/","name":"Immersion n\u00b02 - DEEP GRAVITY - benoit-barbagli.com","isPartOf":{"@id":"https:\/\/benoit-barbagli.com\/en\/#website"},"primaryImageOfPage":{"@id":"https:\/\/benoit-barbagli.com\/immersion-n2-deep-gravity\/#primaryimage"},"image":{"@id":"https:\/\/benoit-barbagli.com\/immersion-n2-deep-gravity\/#primaryimage"},"thumbnailUrl":"https:\/\/benoit-barbagli.com\/wp-content\/uploads\/2022\/12\/Immersion-2018-scaled.jpg","datePublished":"2022-12-11T17:27:58+00:00","dateModified":"2023-10-22T16:26:20+00:00","breadcrumb":{"@id":"https:\/\/benoit-barbagli.com\/immersion-n2-deep-gravity\/#breadcrumb"},"inLanguage":"en-US","potentialAction":[{"@type":"ReadAction","target":["https:\/\/benoit-barbagli.com\/immersion-n2-deep-gravity\/"]}]},{"@type":"ImageObject","inLanguage":"en-US","@id":"https:\/\/benoit-barbagli.com\/immersion-n2-deep-gravity\/#primaryimage","url":"https:\/\/benoit-barbagli.com\/wp-content\/uploads\/2022\/12\/Immersion-2018-scaled.jpg","contentUrl":"https:\/\/benoit-barbagli.com\/wp-content\/uploads\/2022\/12\/Immersion-2018-scaled.jpg","width":2560,"height":1440},{"@type":"BreadcrumbList","@id":"https:\/\/benoit-barbagli.com\/immersion-n2-deep-gravity\/#breadcrumb","itemListElement":[{"@type":"ListItem","position":1,"name":"Accueil","item":"https:\/\/benoit-barbagli.com\/en\/"},{"@type":"ListItem","position":2,"name":"store","item":"https:\/\/benoit-barbagli.com\/en\/shop\/"},{"@type":"ListItem","position":3,"name":"Immersion n\u00b02 &#8211; DEEP GRAVITY"}]},{"@type":"WebSite","@id":"https:\/\/benoit-barbagli.com\/en\/#website","url":"https:\/\/benoit-barbagli.com\/en\/","name":"benoit-barbagli.com","description":"Sous le chaos, la vie","publisher":{"@id":"https:\/\/benoit-barbagli.com\/en\/#\/schema\/person\/78c8df9be07e5f4f79d983f84aafeefd"},"potentialAction":[{"@type":"SearchAction","target":{"@type":"EntryPoint","urlTemplate":"https:\/\/benoit-barbagli.com\/en\/?s={search_term_string}"},"query-input":{"@type":"PropertyValueSpecification","valueRequired":true,"valueName":"search_term_string"}}],"inLanguage":"en-US"},{"@type":["Person","Organization"],"@id":"https:\/\/benoit-barbagli.com\/en\/#\/schema\/person\/78c8df9be07e5f4f79d983f84aafeefd","name":"benoitbarbagli","image":{"@type":"ImageObject","inLanguage":"en-US","@id":"https:\/\/benoit-barbagli.com\/wp-content\/uploads\/2025\/04\/Sisyphe-V-V3-final-scaled.jpg","url":"https:\/\/benoit-barbagli.com\/wp-content\/uploads\/2025\/04\/Sisyphe-V-V3-final-scaled.jpg","contentUrl":"https:\/\/benoit-barbagli.com\/wp-content\/uploads\/2025\/04\/Sisyphe-V-V3-final-scaled.jpg","width":1713,"height":2560,"caption":"benoitbarbagli"},"logo":{"@id":"https:\/\/benoit-barbagli.com\/wp-content\/uploads\/2025\/04\/Sisyphe-V-V3-final-scaled.jpg"}}]}},"_links":{"self":[{"href":"https:\/\/benoit-barbagli.com\/en\/wp-json\/wp\/v2\/product\/77602","targetHints":{"allow":["GET"]}}],"collection":[{"href":"https:\/\/benoit-barbagli.com\/en\/wp-json\/wp\/v2\/product"}],"about":[{"href":"https:\/\/benoit-barbagli.com\/en\/wp-json\/wp\/v2\/types\/product"}],"replies":[{"embeddable":true,"href":"https:\/\/benoit-barbagli.com\/en\/wp-json\/wp\/v2\/comments?post=77602"}],"wp:featuredmedia":[{"embeddable":true,"href":"https:\/\/benoit-barbagli.com\/en\/wp-json\/wp\/v2\/media\/77603"}],"wp:attachment":[{"href":"https:\/\/benoit-barbagli.com\/en\/wp-json\/wp\/v2\/media?parent=77602"}],"wp:term":[{"taxonomy":"product_brand","embeddable":true,"href":"https:\/\/benoit-barbagli.com\/en\/wp-json\/wp\/v2\/product_brand?post=77602"},{"taxonomy":"product_cat","embeddable":true,"href":"https:\/\/benoit-barbagli.com\/en\/wp-json\/wp\/v2\/product_cat?post=77602"},{"taxonomy":"product_tag","embeddable":true,"href":"https:\/\/benoit-barbagli.com\/en\/wp-json\/wp\/v2\/product_tag?post=77602"}],"curies":[{"name":"wp","href":"https:\/\/api.w.org\/{rel}","templated":true}]}}