{"id":93318,"date":"2025-06-01T11:55:04","date_gmt":"2025-06-01T11:55:04","guid":{"rendered":"https:\/\/benoit-barbagli.com\/home\/store\/non class\u00e9\/tempete-de-suie\/"},"modified":"2025-06-01T11:55:04","modified_gmt":"2025-06-01T11:55:04","slug":"tempete-de-suie","status":"publish","type":"product","link":"https:\/\/benoit-barbagli.com\/articles\/tempete-de-suie\/","title":{"rendered":"Temp\u00eate de Suie"},"content":{"rendered":"","protected":false},"excerpt":{"rendered":"<p>Temp\u00eate de Suie, 2023<br \/>\nS\u00e9rie La forme de la mer<br \/>\nLieu : Saint-Jean-Cap-Ferrat<br \/>\nCharbon<br \/>\nToile de lin<br \/>\n \u0152uvre originale &#8211; Exemplaire Unique<br \/>\n170x80cm<\/p>\n<p>Chaque \u0153uvre originale poss\u00e8de sont certificat d&#8217;authenticit\u00e9<\/p>\n","protected":false},"featured_media":93316,"comment_status":"closed","ping_status":"closed","template":"","meta":{"_et_pb_use_builder":"","_et_pb_old_content":"","_et_gb_content_width":""},"product_brand":[],"product_cat":[217,925,219],"product_tag":[],"class_list":{"0":"post-93318","1":"product","2":"type-product","3":"status-publish","4":"has-post-thumbnail","6":"product_cat-charbon-sur-toile","7":"product_cat-negresco","8":"product_cat-oeuvres-decotopia","10":"first","11":"instock","12":"shipping-taxable","13":"purchasable","14":"product-type-simple"},"yoast_head":"<!-- This site is optimized with the Yoast SEO plugin v27.3 - https:\/\/yoast.com\/product\/yoast-seo-wordpress\/ -->\n<title>Temp\u00eate de Suie - benoit-barbagli.com<\/title>\n<meta name=\"robots\" content=\"index, follow, max-snippet:-1, max-image-preview:large, max-video-preview:-1\" \/>\n<link rel=\"canonical\" href=\"https:\/\/benoit-barbagli.com\/articles\/tempete-de-suie\/\" \/>\n<meta property=\"og:locale\" content=\"en_US\" \/>\n<meta property=\"og:type\" content=\"article\" \/>\n<meta property=\"og:title\" content=\"Temp\u00eate de Suie - benoit-barbagli.com\" \/>\n<meta property=\"og:description\" content=\"Temp\u00eate de Suie, 2023 S\u00e9rie La forme de la mer Lieu : Saint-Jean-Cap-Ferrat Charbon Toile de lin  \u0152uvre originale - Exemplaire Unique 170x80cm Chaque \u0153uvre originale poss\u00e8de sont certificat d&#039;authenticit\u00e9\" \/>\n<meta property=\"og:url\" content=\"https:\/\/benoit-barbagli.com\/articles\/tempete-de-suie\/\" \/>\n<meta property=\"og:site_name\" content=\"benoit-barbagli.com\" \/>\n<meta property=\"og:image\" content=\"https:\/\/benoit-barbagli.com\/wp-content\/uploads\/2019\/05\/DSC02317-scaled.jpg\" \/>\n\t<meta property=\"og:image:width\" content=\"2560\" \/>\n\t<meta property=\"og:image:height\" content=\"1630\" \/>\n\t<meta property=\"og:image:type\" content=\"image\/jpeg\" \/>\n<meta name=\"twitter:card\" content=\"summary_large_image\" \/>\n<script type=\"application\/ld+json\" class=\"yoast-schema-graph\">{\"@context\":\"https:\\\/\\\/schema.org\",\"@graph\":[{\"@type\":\"WebPage\",\"@id\":\"https:\\\/\\\/benoit-barbagli.com\\\/articles\\\/tempete-de-suie\\\/\",\"url\":\"https:\\\/\\\/benoit-barbagli.com\\\/articles\\\/tempete-de-suie\\\/\",\"name\":\"Temp\u00eate de Suie - benoit-barbagli.com\",\"isPartOf\":{\"@id\":\"https:\\\/\\\/benoit-barbagli.com\\\/en\\\/#website\"},\"primaryImageOfPage\":{\"@id\":\"https:\\\/\\\/benoit-barbagli.com\\\/articles\\\/tempete-de-suie\\\/#primaryimage\"},\"image\":{\"@id\":\"https:\\\/\\\/benoit-barbagli.com\\\/articles\\\/tempete-de-suie\\\/#primaryimage\"},\"thumbnailUrl\":\"https:\\\/\\\/benoit-barbagli.com\\\/wp-content\\\/uploads\\\/2025\\\/06\\\/Art-Gallery-Corridor-Wall-4-2-scaled-1.jpg\",\"datePublished\":\"2025-06-01T11:55:04+00:00\",\"breadcrumb\":{\"@id\":\"https:\\\/\\\/benoit-barbagli.com\\\/articles\\\/tempete-de-suie\\\/#breadcrumb\"},\"inLanguage\":\"en-US\",\"potentialAction\":[{\"@type\":\"ReadAction\",\"target\":[\"https:\\\/\\\/benoit-barbagli.com\\\/articles\\\/tempete-de-suie\\\/\"]}]},{\"@type\":\"ImageObject\",\"inLanguage\":\"en-US\",\"@id\":\"https:\\\/\\\/benoit-barbagli.com\\\/articles\\\/tempete-de-suie\\\/#primaryimage\",\"url\":\"https:\\\/\\\/benoit-barbagli.com\\\/wp-content\\\/uploads\\\/2025\\\/06\\\/Art-Gallery-Corridor-Wall-4-2-scaled-1.jpg\",\"contentUrl\":\"https:\\\/\\\/benoit-barbagli.com\\\/wp-content\\\/uploads\\\/2025\\\/06\\\/Art-Gallery-Corridor-Wall-4-2-scaled-1.jpg\",\"width\":1600,\"height\":2511},{\"@type\":\"BreadcrumbList\",\"@id\":\"https:\\\/\\\/benoit-barbagli.com\\\/articles\\\/tempete-de-suie\\\/#breadcrumb\",\"itemListElement\":[{\"@type\":\"ListItem\",\"position\":1,\"name\":\"Accueil\",\"item\":\"https:\\\/\\\/benoit-barbagli.com\\\/en\\\/\"},{\"@type\":\"ListItem\",\"position\":2,\"name\":\"store\",\"item\":\"https:\\\/\\\/benoit-barbagli.com\\\/en\\\/shop\\\/\"},{\"@type\":\"ListItem\",\"position\":3,\"name\":\"Temp\u00eate de Suie\"}]},{\"@type\":\"WebSite\",\"@id\":\"https:\\\/\\\/benoit-barbagli.com\\\/en\\\/#website\",\"url\":\"https:\\\/\\\/benoit-barbagli.com\\\/en\\\/\",\"name\":\"benoit-barbagli.com\",\"description\":\"Sous le chaos, la vie\",\"publisher\":{\"@id\":\"https:\\\/\\\/benoit-barbagli.com\\\/en\\\/#\\\/schema\\\/person\\\/78c8df9be07e5f4f79d983f84aafeefd\"},\"potentialAction\":[{\"@type\":\"SearchAction\",\"target\":{\"@type\":\"EntryPoint\",\"urlTemplate\":\"https:\\\/\\\/benoit-barbagli.com\\\/en\\\/?s={search_term_string}\"},\"query-input\":{\"@type\":\"PropertyValueSpecification\",\"valueRequired\":true,\"valueName\":\"search_term_string\"}}],\"inLanguage\":\"en-US\"},{\"@type\":[\"Person\",\"Organization\"],\"@id\":\"https:\\\/\\\/benoit-barbagli.com\\\/en\\\/#\\\/schema\\\/person\\\/78c8df9be07e5f4f79d983f84aafeefd\",\"name\":\"benoitbarbagli\",\"image\":{\"@type\":\"ImageObject\",\"inLanguage\":\"en-US\",\"@id\":\"https:\\\/\\\/benoit-barbagli.com\\\/wp-content\\\/uploads\\\/2025\\\/04\\\/Sisyphe-V-V3-final-scaled.jpg\",\"url\":\"https:\\\/\\\/benoit-barbagli.com\\\/wp-content\\\/uploads\\\/2025\\\/04\\\/Sisyphe-V-V3-final-scaled.jpg\",\"contentUrl\":\"https:\\\/\\\/benoit-barbagli.com\\\/wp-content\\\/uploads\\\/2025\\\/04\\\/Sisyphe-V-V3-final-scaled.jpg\",\"width\":1713,\"height\":2560,\"caption\":\"benoitbarbagli\"},\"logo\":{\"@id\":\"https:\\\/\\\/benoit-barbagli.com\\\/wp-content\\\/uploads\\\/2025\\\/04\\\/Sisyphe-V-V3-final-scaled.jpg\"}}]}<\/script>\n<!-- \/ Yoast SEO plugin. -->","yoast_head_json":{"title":"Temp\u00eate de Suie - benoit-barbagli.com","robots":{"index":"index","follow":"follow","max-snippet":"max-snippet:-1","max-image-preview":"max-image-preview:large","max-video-preview":"max-video-preview:-1"},"canonical":"https:\/\/benoit-barbagli.com\/articles\/tempete-de-suie\/","og_locale":"en_US","og_type":"article","og_title":"Temp\u00eate de Suie - benoit-barbagli.com","og_description":"Temp\u00eate de Suie, 2023 S\u00e9rie La forme de la mer Lieu : Saint-Jean-Cap-Ferrat Charbon Toile de lin  \u0152uvre originale - Exemplaire Unique 170x80cm Chaque \u0153uvre originale poss\u00e8de sont certificat d'authenticit\u00e9","og_url":"https:\/\/benoit-barbagli.com\/articles\/tempete-de-suie\/","og_site_name":"benoit-barbagli.com","og_image":[{"width":2560,"height":1630,"url":"https:\/\/benoit-barbagli.com\/wp-content\/uploads\/2019\/05\/DSC02317-scaled.jpg","type":"image\/jpeg"}],"twitter_card":"summary_large_image","schema":{"@context":"https:\/\/schema.org","@graph":[{"@type":"WebPage","@id":"https:\/\/benoit-barbagli.com\/articles\/tempete-de-suie\/","url":"https:\/\/benoit-barbagli.com\/articles\/tempete-de-suie\/","name":"Temp\u00eate de Suie - benoit-barbagli.com","isPartOf":{"@id":"https:\/\/benoit-barbagli.com\/en\/#website"},"primaryImageOfPage":{"@id":"https:\/\/benoit-barbagli.com\/articles\/tempete-de-suie\/#primaryimage"},"image":{"@id":"https:\/\/benoit-barbagli.com\/articles\/tempete-de-suie\/#primaryimage"},"thumbnailUrl":"https:\/\/benoit-barbagli.com\/wp-content\/uploads\/2025\/06\/Art-Gallery-Corridor-Wall-4-2-scaled-1.jpg","datePublished":"2025-06-01T11:55:04+00:00","breadcrumb":{"@id":"https:\/\/benoit-barbagli.com\/articles\/tempete-de-suie\/#breadcrumb"},"inLanguage":"en-US","potentialAction":[{"@type":"ReadAction","target":["https:\/\/benoit-barbagli.com\/articles\/tempete-de-suie\/"]}]},{"@type":"ImageObject","inLanguage":"en-US","@id":"https:\/\/benoit-barbagli.com\/articles\/tempete-de-suie\/#primaryimage","url":"https:\/\/benoit-barbagli.com\/wp-content\/uploads\/2025\/06\/Art-Gallery-Corridor-Wall-4-2-scaled-1.jpg","contentUrl":"https:\/\/benoit-barbagli.com\/wp-content\/uploads\/2025\/06\/Art-Gallery-Corridor-Wall-4-2-scaled-1.jpg","width":1600,"height":2511},{"@type":"BreadcrumbList","@id":"https:\/\/benoit-barbagli.com\/articles\/tempete-de-suie\/#breadcrumb","itemListElement":[{"@type":"ListItem","position":1,"name":"Accueil","item":"https:\/\/benoit-barbagli.com\/en\/"},{"@type":"ListItem","position":2,"name":"store","item":"https:\/\/benoit-barbagli.com\/en\/shop\/"},{"@type":"ListItem","position":3,"name":"Temp\u00eate de Suie"}]},{"@type":"WebSite","@id":"https:\/\/benoit-barbagli.com\/en\/#website","url":"https:\/\/benoit-barbagli.com\/en\/","name":"benoit-barbagli.com","description":"Sous le chaos, la vie","publisher":{"@id":"https:\/\/benoit-barbagli.com\/en\/#\/schema\/person\/78c8df9be07e5f4f79d983f84aafeefd"},"potentialAction":[{"@type":"SearchAction","target":{"@type":"EntryPoint","urlTemplate":"https:\/\/benoit-barbagli.com\/en\/?s={search_term_string}"},"query-input":{"@type":"PropertyValueSpecification","valueRequired":true,"valueName":"search_term_string"}}],"inLanguage":"en-US"},{"@type":["Person","Organization"],"@id":"https:\/\/benoit-barbagli.com\/en\/#\/schema\/person\/78c8df9be07e5f4f79d983f84aafeefd","name":"benoitbarbagli","image":{"@type":"ImageObject","inLanguage":"en-US","@id":"https:\/\/benoit-barbagli.com\/wp-content\/uploads\/2025\/04\/Sisyphe-V-V3-final-scaled.jpg","url":"https:\/\/benoit-barbagli.com\/wp-content\/uploads\/2025\/04\/Sisyphe-V-V3-final-scaled.jpg","contentUrl":"https:\/\/benoit-barbagli.com\/wp-content\/uploads\/2025\/04\/Sisyphe-V-V3-final-scaled.jpg","width":1713,"height":2560,"caption":"benoitbarbagli"},"logo":{"@id":"https:\/\/benoit-barbagli.com\/wp-content\/uploads\/2025\/04\/Sisyphe-V-V3-final-scaled.jpg"}}]}},"_links":{"self":[{"href":"https:\/\/benoit-barbagli.com\/en\/wp-json\/wp\/v2\/product\/93318","targetHints":{"allow":["GET"]}}],"collection":[{"href":"https:\/\/benoit-barbagli.com\/en\/wp-json\/wp\/v2\/product"}],"about":[{"href":"https:\/\/benoit-barbagli.com\/en\/wp-json\/wp\/v2\/types\/product"}],"replies":[{"embeddable":true,"href":"https:\/\/benoit-barbagli.com\/en\/wp-json\/wp\/v2\/comments?post=93318"}],"wp:featuredmedia":[{"embeddable":true,"href":"https:\/\/benoit-barbagli.com\/en\/wp-json\/wp\/v2\/media\/93316"}],"wp:attachment":[{"href":"https:\/\/benoit-barbagli.com\/en\/wp-json\/wp\/v2\/media?parent=93318"}],"wp:term":[{"taxonomy":"product_brand","embeddable":true,"href":"https:\/\/benoit-barbagli.com\/en\/wp-json\/wp\/v2\/product_brand?post=93318"},{"taxonomy":"product_cat","embeddable":true,"href":"https:\/\/benoit-barbagli.com\/en\/wp-json\/wp\/v2\/product_cat?post=93318"},{"taxonomy":"product_tag","embeddable":true,"href":"https:\/\/benoit-barbagli.com\/en\/wp-json\/wp\/v2\/product_tag?post=93318"}],"curies":[{"name":"wp","href":"https:\/\/api.w.org\/{rel}","templated":true}]}}