{"id":93323,"date":"2025-06-01T12:00:10","date_gmt":"2025-06-01T12:00:10","guid":{"rendered":"https:\/\/benoit-barbagli.com\/home\/store\/non%20class\u00e9\/oceanide-i-tempete-de-nuit\/"},"modified":"2025-06-01T12:05:52","modified_gmt":"2025-06-01T12:05:52","slug":"oceanide-i-tempete-de-nuit","status":"publish","type":"product","link":"https:\/\/benoit-barbagli.com\/articles\/oceanide-i-tempete-de-nuit\/","title":{"rendered":"Oceanide I  &#8211; Temp\u00e8te de Nuit"},"content":{"rendered":"","protected":false},"excerpt":{"rendered":"<p>Oceanide I &#8211; Temp\u00e8te de Nuit, 2024<br \/>\nSable Noir<br \/>\n\u0152uvre originale &#8211; 4 exemplaires<br \/>\n600 x 600 x 330 mm<\/p>\n","protected":false},"featured_media":93324,"comment_status":"closed","ping_status":"closed","template":"","meta":{"_et_pb_use_builder":"","_et_pb_old_content":"","_et_gb_content_width":""},"product_brand":[],"product_cat":[925,89,125],"product_tag":[],"class_list":{"0":"post-93323","1":"product","2":"type-product","3":"status-publish","4":"has-post-thumbnail","6":"product_cat-negresco","7":"product_cat-oeuvres-originales","8":"product_cat-sculpture","10":"first","11":"instock","12":"shipping-taxable","13":"purchasable","14":"product-type-simple"},"yoast_head":"<!-- This site is optimized with the Yoast SEO plugin v27.3 - https:\/\/yoast.com\/product\/yoast-seo-wordpress\/ -->\n<title>Oceanide I - Temp\u00e8te de Nuit - benoit-barbagli.com<\/title>\n<meta name=\"robots\" content=\"index, follow, max-snippet:-1, max-image-preview:large, max-video-preview:-1\" \/>\n<link rel=\"canonical\" href=\"https:\/\/benoit-barbagli.com\/articles\/oceanide-i-tempete-de-nuit\/\" \/>\n<meta property=\"og:locale\" content=\"en_US\" \/>\n<meta property=\"og:type\" content=\"article\" \/>\n<meta property=\"og:title\" content=\"Oceanide I - Temp\u00e8te de Nuit - benoit-barbagli.com\" \/>\n<meta property=\"og:description\" content=\"Oceanide I - Temp\u00e8te de Nuit, 2024 Sable Noir \u0152uvre originale - 4 exemplaires 600 x 600 x 330 mm\" \/>\n<meta property=\"og:url\" content=\"https:\/\/benoit-barbagli.com\/articles\/oceanide-i-tempete-de-nuit\/\" \/>\n<meta property=\"og:site_name\" content=\"benoit-barbagli.com\" \/>\n<meta property=\"article:modified_time\" content=\"2025-06-01T12:05:52+00:00\" \/>\n<meta property=\"og:image\" content=\"https:\/\/benoit-barbagli.com\/wp-content\/uploads\/2025\/06\/BARBAGLI-B-0029-copie-scaled.jpg\" \/>\n\t<meta property=\"og:image:width\" content=\"2317\" \/>\n\t<meta property=\"og:image:height\" content=\"2560\" \/>\n\t<meta property=\"og:image:type\" content=\"image\/jpeg\" \/>\n<meta name=\"twitter:card\" content=\"summary_large_image\" \/>\n<script type=\"application\/ld+json\" class=\"yoast-schema-graph\">{\"@context\":\"https:\\\/\\\/schema.org\",\"@graph\":[{\"@type\":\"WebPage\",\"@id\":\"https:\\\/\\\/benoit-barbagli.com\\\/articles\\\/oceanide-i-tempete-de-nuit\\\/\",\"url\":\"https:\\\/\\\/benoit-barbagli.com\\\/articles\\\/oceanide-i-tempete-de-nuit\\\/\",\"name\":\"Oceanide I - Temp\u00e8te de Nuit - benoit-barbagli.com\",\"isPartOf\":{\"@id\":\"https:\\\/\\\/benoit-barbagli.com\\\/en\\\/#website\"},\"primaryImageOfPage\":{\"@id\":\"https:\\\/\\\/benoit-barbagli.com\\\/articles\\\/oceanide-i-tempete-de-nuit\\\/#primaryimage\"},\"image\":{\"@id\":\"https:\\\/\\\/benoit-barbagli.com\\\/articles\\\/oceanide-i-tempete-de-nuit\\\/#primaryimage\"},\"thumbnailUrl\":\"https:\\\/\\\/benoit-barbagli.com\\\/wp-content\\\/uploads\\\/2025\\\/06\\\/BARBAGLI-B-0029-copie-scaled.jpg\",\"datePublished\":\"2025-06-01T12:00:10+00:00\",\"dateModified\":\"2025-06-01T12:05:52+00:00\",\"breadcrumb\":{\"@id\":\"https:\\\/\\\/benoit-barbagli.com\\\/articles\\\/oceanide-i-tempete-de-nuit\\\/#breadcrumb\"},\"inLanguage\":\"en-US\",\"potentialAction\":[{\"@type\":\"ReadAction\",\"target\":[\"https:\\\/\\\/benoit-barbagli.com\\\/articles\\\/oceanide-i-tempete-de-nuit\\\/\"]}]},{\"@type\":\"ImageObject\",\"inLanguage\":\"en-US\",\"@id\":\"https:\\\/\\\/benoit-barbagli.com\\\/articles\\\/oceanide-i-tempete-de-nuit\\\/#primaryimage\",\"url\":\"https:\\\/\\\/benoit-barbagli.com\\\/wp-content\\\/uploads\\\/2025\\\/06\\\/BARBAGLI-B-0029-copie-scaled.jpg\",\"contentUrl\":\"https:\\\/\\\/benoit-barbagli.com\\\/wp-content\\\/uploads\\\/2025\\\/06\\\/BARBAGLI-B-0029-copie-scaled.jpg\",\"width\":2317,\"height\":2560,\"caption\":\"Beno\u00eet Barbagli Vautier Numera Natura 2025 vue exposition Mus\u00e9e de la Photographie\"},{\"@type\":\"BreadcrumbList\",\"@id\":\"https:\\\/\\\/benoit-barbagli.com\\\/articles\\\/oceanide-i-tempete-de-nuit\\\/#breadcrumb\",\"itemListElement\":[{\"@type\":\"ListItem\",\"position\":1,\"name\":\"Accueil\",\"item\":\"https:\\\/\\\/benoit-barbagli.com\\\/en\\\/\"},{\"@type\":\"ListItem\",\"position\":2,\"name\":\"store\",\"item\":\"https:\\\/\\\/benoit-barbagli.com\\\/en\\\/shop\\\/\"},{\"@type\":\"ListItem\",\"position\":3,\"name\":\"Oceanide I &#8211; Temp\u00e8te de Nuit\"}]},{\"@type\":\"WebSite\",\"@id\":\"https:\\\/\\\/benoit-barbagli.com\\\/en\\\/#website\",\"url\":\"https:\\\/\\\/benoit-barbagli.com\\\/en\\\/\",\"name\":\"benoit-barbagli.com\",\"description\":\"Sous le chaos, la vie\",\"publisher\":{\"@id\":\"https:\\\/\\\/benoit-barbagli.com\\\/en\\\/#\\\/schema\\\/person\\\/78c8df9be07e5f4f79d983f84aafeefd\"},\"potentialAction\":[{\"@type\":\"SearchAction\",\"target\":{\"@type\":\"EntryPoint\",\"urlTemplate\":\"https:\\\/\\\/benoit-barbagli.com\\\/en\\\/?s={search_term_string}\"},\"query-input\":{\"@type\":\"PropertyValueSpecification\",\"valueRequired\":true,\"valueName\":\"search_term_string\"}}],\"inLanguage\":\"en-US\"},{\"@type\":[\"Person\",\"Organization\"],\"@id\":\"https:\\\/\\\/benoit-barbagli.com\\\/en\\\/#\\\/schema\\\/person\\\/78c8df9be07e5f4f79d983f84aafeefd\",\"name\":\"benoitbarbagli\",\"image\":{\"@type\":\"ImageObject\",\"inLanguage\":\"en-US\",\"@id\":\"https:\\\/\\\/benoit-barbagli.com\\\/wp-content\\\/uploads\\\/2025\\\/04\\\/Sisyphe-V-V3-final-scaled.jpg\",\"url\":\"https:\\\/\\\/benoit-barbagli.com\\\/wp-content\\\/uploads\\\/2025\\\/04\\\/Sisyphe-V-V3-final-scaled.jpg\",\"contentUrl\":\"https:\\\/\\\/benoit-barbagli.com\\\/wp-content\\\/uploads\\\/2025\\\/04\\\/Sisyphe-V-V3-final-scaled.jpg\",\"width\":1713,\"height\":2560,\"caption\":\"benoitbarbagli\"},\"logo\":{\"@id\":\"https:\\\/\\\/benoit-barbagli.com\\\/wp-content\\\/uploads\\\/2025\\\/04\\\/Sisyphe-V-V3-final-scaled.jpg\"}}]}<\/script>\n<!-- \/ Yoast SEO plugin. -->","yoast_head_json":{"title":"Oceanide I - Temp\u00e8te de Nuit - benoit-barbagli.com","robots":{"index":"index","follow":"follow","max-snippet":"max-snippet:-1","max-image-preview":"max-image-preview:large","max-video-preview":"max-video-preview:-1"},"canonical":"https:\/\/benoit-barbagli.com\/articles\/oceanide-i-tempete-de-nuit\/","og_locale":"en_US","og_type":"article","og_title":"Oceanide I - Temp\u00e8te de Nuit - benoit-barbagli.com","og_description":"Oceanide I - Temp\u00e8te de Nuit, 2024 Sable Noir \u0152uvre originale - 4 exemplaires 600 x 600 x 330 mm","og_url":"https:\/\/benoit-barbagli.com\/articles\/oceanide-i-tempete-de-nuit\/","og_site_name":"benoit-barbagli.com","article_modified_time":"2025-06-01T12:05:52+00:00","og_image":[{"width":2317,"height":2560,"url":"https:\/\/benoit-barbagli.com\/wp-content\/uploads\/2025\/06\/BARBAGLI-B-0029-copie-scaled.jpg","type":"image\/jpeg"}],"twitter_card":"summary_large_image","schema":{"@context":"https:\/\/schema.org","@graph":[{"@type":"WebPage","@id":"https:\/\/benoit-barbagli.com\/articles\/oceanide-i-tempete-de-nuit\/","url":"https:\/\/benoit-barbagli.com\/articles\/oceanide-i-tempete-de-nuit\/","name":"Oceanide I - Temp\u00e8te de Nuit - benoit-barbagli.com","isPartOf":{"@id":"https:\/\/benoit-barbagli.com\/en\/#website"},"primaryImageOfPage":{"@id":"https:\/\/benoit-barbagli.com\/articles\/oceanide-i-tempete-de-nuit\/#primaryimage"},"image":{"@id":"https:\/\/benoit-barbagli.com\/articles\/oceanide-i-tempete-de-nuit\/#primaryimage"},"thumbnailUrl":"https:\/\/benoit-barbagli.com\/wp-content\/uploads\/2025\/06\/BARBAGLI-B-0029-copie-scaled.jpg","datePublished":"2025-06-01T12:00:10+00:00","dateModified":"2025-06-01T12:05:52+00:00","breadcrumb":{"@id":"https:\/\/benoit-barbagli.com\/articles\/oceanide-i-tempete-de-nuit\/#breadcrumb"},"inLanguage":"en-US","potentialAction":[{"@type":"ReadAction","target":["https:\/\/benoit-barbagli.com\/articles\/oceanide-i-tempete-de-nuit\/"]}]},{"@type":"ImageObject","inLanguage":"en-US","@id":"https:\/\/benoit-barbagli.com\/articles\/oceanide-i-tempete-de-nuit\/#primaryimage","url":"https:\/\/benoit-barbagli.com\/wp-content\/uploads\/2025\/06\/BARBAGLI-B-0029-copie-scaled.jpg","contentUrl":"https:\/\/benoit-barbagli.com\/wp-content\/uploads\/2025\/06\/BARBAGLI-B-0029-copie-scaled.jpg","width":2317,"height":2560,"caption":"Beno\u00eet Barbagli Vautier Numera Natura 2025 vue exposition Mus\u00e9e de la Photographie"},{"@type":"BreadcrumbList","@id":"https:\/\/benoit-barbagli.com\/articles\/oceanide-i-tempete-de-nuit\/#breadcrumb","itemListElement":[{"@type":"ListItem","position":1,"name":"Accueil","item":"https:\/\/benoit-barbagli.com\/en\/"},{"@type":"ListItem","position":2,"name":"store","item":"https:\/\/benoit-barbagli.com\/en\/shop\/"},{"@type":"ListItem","position":3,"name":"Oceanide I &#8211; Temp\u00e8te de Nuit"}]},{"@type":"WebSite","@id":"https:\/\/benoit-barbagli.com\/en\/#website","url":"https:\/\/benoit-barbagli.com\/en\/","name":"benoit-barbagli.com","description":"Sous le chaos, la vie","publisher":{"@id":"https:\/\/benoit-barbagli.com\/en\/#\/schema\/person\/78c8df9be07e5f4f79d983f84aafeefd"},"potentialAction":[{"@type":"SearchAction","target":{"@type":"EntryPoint","urlTemplate":"https:\/\/benoit-barbagli.com\/en\/?s={search_term_string}"},"query-input":{"@type":"PropertyValueSpecification","valueRequired":true,"valueName":"search_term_string"}}],"inLanguage":"en-US"},{"@type":["Person","Organization"],"@id":"https:\/\/benoit-barbagli.com\/en\/#\/schema\/person\/78c8df9be07e5f4f79d983f84aafeefd","name":"benoitbarbagli","image":{"@type":"ImageObject","inLanguage":"en-US","@id":"https:\/\/benoit-barbagli.com\/wp-content\/uploads\/2025\/04\/Sisyphe-V-V3-final-scaled.jpg","url":"https:\/\/benoit-barbagli.com\/wp-content\/uploads\/2025\/04\/Sisyphe-V-V3-final-scaled.jpg","contentUrl":"https:\/\/benoit-barbagli.com\/wp-content\/uploads\/2025\/04\/Sisyphe-V-V3-final-scaled.jpg","width":1713,"height":2560,"caption":"benoitbarbagli"},"logo":{"@id":"https:\/\/benoit-barbagli.com\/wp-content\/uploads\/2025\/04\/Sisyphe-V-V3-final-scaled.jpg"}}]}},"_links":{"self":[{"href":"https:\/\/benoit-barbagli.com\/en\/wp-json\/wp\/v2\/product\/93323","targetHints":{"allow":["GET"]}}],"collection":[{"href":"https:\/\/benoit-barbagli.com\/en\/wp-json\/wp\/v2\/product"}],"about":[{"href":"https:\/\/benoit-barbagli.com\/en\/wp-json\/wp\/v2\/types\/product"}],"replies":[{"embeddable":true,"href":"https:\/\/benoit-barbagli.com\/en\/wp-json\/wp\/v2\/comments?post=93323"}],"wp:featuredmedia":[{"embeddable":true,"href":"https:\/\/benoit-barbagli.com\/en\/wp-json\/wp\/v2\/media\/93324"}],"wp:attachment":[{"href":"https:\/\/benoit-barbagli.com\/en\/wp-json\/wp\/v2\/media?parent=93323"}],"wp:term":[{"taxonomy":"product_brand","embeddable":true,"href":"https:\/\/benoit-barbagli.com\/en\/wp-json\/wp\/v2\/product_brand?post=93323"},{"taxonomy":"product_cat","embeddable":true,"href":"https:\/\/benoit-barbagli.com\/en\/wp-json\/wp\/v2\/product_cat?post=93323"},{"taxonomy":"product_tag","embeddable":true,"href":"https:\/\/benoit-barbagli.com\/en\/wp-json\/wp\/v2\/product_tag?post=93323"}],"curies":[{"name":"wp","href":"https:\/\/api.w.org\/{rel}","templated":true}]}}