{"id":94214,"date":"2026-02-23T14:05:39","date_gmt":"2026-02-23T14:05:39","guid":{"rendered":"https:\/\/benoit-barbagli.com\/?post_type=product&#038;p=94214"},"modified":"2026-02-23T14:05:39","modified_gmt":"2026-02-23T14:05:39","slug":"detruire-largent","status":"publish","type":"product","link":"https:\/\/benoit-barbagli.com\/articles\/detruire-largent\/","title":{"rendered":"D\u00e9truire l&#8217;argent"},"content":{"rendered":"","protected":false},"excerpt":{"rendered":"<p class=\"font-claude-response-body break-words whitespace-normal leading-[1.7]\"><em>D\u00e9truire l&#8217;argent<\/em> est une s\u00e9rie de onze pi\u00e8ces d&#8217;euro refondues et remoul\u00e9es par l&#8217;artiste Beno\u00eet Barbagli Vautier. Le processus est artisanal et d\u00e9lib\u00e9r\u00e9ment visible : des pi\u00e8ces achet\u00e9es dans le commerce, fondues dans un four \u00e0 haute temp\u00e9rature, coul\u00e9es dans un moule en r\u00e9sine calcinable par la technique de la cire perdue. Le m\u00e9tal s&#8217;\u00e9vapore l\u00e9g\u00e8rement dans le four \u2014 il y a des pertes. Aucune valeur n&#8217;est cr\u00e9\u00e9e, seulement transform\u00e9e, et partiellement d\u00e9truite.<\/p>\n<p class=\"font-claude-response-body break-words whitespace-normal leading-[1.7]\">Chaque pi\u00e8ce conserve c\u00f4t\u00e9 pile sa valeur nominale officielle. C\u00f4t\u00e9 face, l&#8217;effigie r\u00e9publicaine est remplac\u00e9e par un symbole de contre-pouvoir : Extinction R\u00e9bellion, Gilet jaune, Mouvement autonome, Ne travaille jamais, Libert\u00e9 \u00c9galit\u00e9 Sororit\u00e9, Drapeau antifasciste, Soul\u00e8vements de la Terre, Siamo Tutti Antifascisti.<\/p>\n<p class=\"font-claude-response-body break-words whitespace-normal leading-[1.7]\">Ce que vous acqu\u00e9rez n&#8217;est pas r\u00e9ductible \u00e0 sa mati\u00e8re ni \u00e0 sa raret\u00e9 \u2014 les fichiers 3D sont libres, n&#8217;importe qui peut en principe les reproduire. Sa valeur est dans ce qu&#8217;elle condense : un questionnement juridique sur les limites du droit mon\u00e9taire, un positionnement politique assum\u00e9, un geste artisanal pr\u00e9cis, une histoire collective. Elle est hors-cadre des deux syst\u00e8mes \u2014 ni monnaie officielle, ni art institutionnel.<\/p>\n<p class=\"font-claude-response-body break-words whitespace-normal leading-[1.7]\"><strong>Chaque pi\u00e8ce est vendue en tant qu&#8217;\u0153uvre d&#8217;art, accompagn\u00e9e d&#8217;un certificat d&#8217;authenticit\u00e9 num\u00e9rot\u00e9 et d&#8217;une mise en garde explicite sur son statut juridique ind\u00e9termin\u00e9. Elle n&#8217;est pas destin\u00e9e \u00e0 \u00eatre introduite dans le circuit mon\u00e9taire.<\/strong><\/p>\n","protected":false},"featured_media":94184,"comment_status":"closed","ping_status":"closed","template":"","meta":{"_et_pb_use_builder":"","_et_pb_old_content":"","_et_gb_content_width":""},"product_brand":[],"product_cat":[],"product_tag":[],"class_list":{"0":"post-94214","1":"product","2":"type-product","3":"status-publish","4":"has-post-thumbnail","7":"first","8":"instock","9":"shipping-taxable","10":"purchasable","11":"product-type-simple"},"yoast_head":"<!-- This site is optimized with the Yoast SEO plugin v27.4 - https:\/\/yoast.com\/product\/yoast-seo-wordpress\/ -->\n<title>D\u00e9truire l&#039;argent - benoit-barbagli.com<\/title>\n<meta name=\"robots\" content=\"index, follow, max-snippet:-1, max-image-preview:large, max-video-preview:-1\" \/>\n<link rel=\"canonical\" href=\"https:\/\/benoit-barbagli.com\/articles\/detruire-largent\/\" \/>\n<meta property=\"og:locale\" content=\"en_US\" \/>\n<meta property=\"og:type\" content=\"article\" \/>\n<meta property=\"og:title\" content=\"D\u00e9truire l&#039;argent - benoit-barbagli.com\" \/>\n<meta property=\"og:description\" content=\"D\u00e9truire l&#039;argent est une s\u00e9rie de onze pi\u00e8ces d&#039;euro refondues et remoul\u00e9es par l&#039;artiste Beno\u00eet Barbagli Vautier. Le processus est artisanal et d\u00e9lib\u00e9r\u00e9ment visible : des pi\u00e8ces achet\u00e9es dans le commerce, fondues dans un four \u00e0 haute temp\u00e9rature, coul\u00e9es dans un moule en r\u00e9sine calcinable par la technique de la cire perdue. Le m\u00e9tal s&#039;\u00e9vapore l\u00e9g\u00e8rement dans le four \u2014 il y a des pertes. Aucune valeur n&#039;est cr\u00e9\u00e9e, seulement transform\u00e9e, et partiellement d\u00e9truite. Chaque pi\u00e8ce conserve c\u00f4t\u00e9 pile sa valeur nominale officielle. C\u00f4t\u00e9 face, l&#039;effigie r\u00e9publicaine est remplac\u00e9e par un symbole de contre-pouvoir : Extinction R\u00e9bellion, Gilet jaune, Mouvement autonome, Ne travaille jamais, Libert\u00e9 \u00c9galit\u00e9 Sororit\u00e9, Drapeau antifasciste, Soul\u00e8vements de la Terre, Siamo Tutti Antifascisti. Ce que vous acqu\u00e9rez n&#039;est pas r\u00e9ductible \u00e0 sa mati\u00e8re ni \u00e0 sa raret\u00e9 \u2014 les fichiers 3D sont libres, n&#039;importe qui peut en principe les reproduire. Sa valeur est dans ce qu&#039;elle condense : un questionnement juridique sur les limites du droit mon\u00e9taire, un positionnement politique assum\u00e9, un geste artisanal pr\u00e9cis, une histoire collective. Elle est hors-cadre des deux syst\u00e8mes \u2014 ni monnaie officielle, ni art institutionnel. Chaque pi\u00e8ce est vendue en tant qu&#039;\u0153uvre d&#039;art, accompagn\u00e9e d&#039;un certificat d&#039;authenticit\u00e9 num\u00e9rot\u00e9 et d&#039;une mise en garde explicite sur son statut juridique ind\u00e9termin\u00e9. Elle n&#039;est pas destin\u00e9e \u00e0 \u00eatre introduite dans le circuit mon\u00e9taire.\" \/>\n<meta property=\"og:url\" content=\"https:\/\/benoit-barbagli.com\/articles\/detruire-largent\/\" \/>\n<meta property=\"og:site_name\" content=\"benoit-barbagli.com\" \/>\n<meta property=\"og:image\" content=\"https:\/\/benoit-barbagli.com\/wp-content\/uploads\/2026\/02\/Generated-Image-February-19-2026-12_31PM-scaled.jpeg\" \/>\n\t<meta property=\"og:image:width\" content=\"2091\" \/>\n\t<meta property=\"og:image:height\" content=\"2560\" \/>\n\t<meta property=\"og:image:type\" content=\"image\/jpeg\" \/>\n<meta name=\"twitter:card\" content=\"summary_large_image\" \/>\n<meta name=\"twitter:label1\" content=\"Est. reading time\" \/>\n\t<meta name=\"twitter:data1\" content=\"1 minute\" \/>\n<script type=\"application\/ld+json\" class=\"yoast-schema-graph\">{\"@context\":\"https:\\\/\\\/schema.org\",\"@graph\":[{\"@type\":\"WebPage\",\"@id\":\"https:\\\/\\\/benoit-barbagli.com\\\/articles\\\/detruire-largent\\\/\",\"url\":\"https:\\\/\\\/benoit-barbagli.com\\\/articles\\\/detruire-largent\\\/\",\"name\":\"D\u00e9truire l'argent - benoit-barbagli.com\",\"isPartOf\":{\"@id\":\"https:\\\/\\\/benoit-barbagli.com\\\/en\\\/#website\"},\"primaryImageOfPage\":{\"@id\":\"https:\\\/\\\/benoit-barbagli.com\\\/articles\\\/detruire-largent\\\/#primaryimage\"},\"image\":{\"@id\":\"https:\\\/\\\/benoit-barbagli.com\\\/articles\\\/detruire-largent\\\/#primaryimage\"},\"thumbnailUrl\":\"https:\\\/\\\/benoit-barbagli.com\\\/wp-content\\\/uploads\\\/2026\\\/02\\\/Generated-Image-February-19-2026-12_31PM-scaled.jpeg\",\"datePublished\":\"2026-02-23T14:05:39+00:00\",\"breadcrumb\":{\"@id\":\"https:\\\/\\\/benoit-barbagli.com\\\/articles\\\/detruire-largent\\\/#breadcrumb\"},\"inLanguage\":\"en-US\",\"potentialAction\":[{\"@type\":\"ReadAction\",\"target\":[\"https:\\\/\\\/benoit-barbagli.com\\\/articles\\\/detruire-largent\\\/\"]}]},{\"@type\":\"ImageObject\",\"inLanguage\":\"en-US\",\"@id\":\"https:\\\/\\\/benoit-barbagli.com\\\/articles\\\/detruire-largent\\\/#primaryimage\",\"url\":\"https:\\\/\\\/benoit-barbagli.com\\\/wp-content\\\/uploads\\\/2026\\\/02\\\/Generated-Image-February-19-2026-12_31PM-scaled.jpeg\",\"contentUrl\":\"https:\\\/\\\/benoit-barbagli.com\\\/wp-content\\\/uploads\\\/2026\\\/02\\\/Generated-Image-February-19-2026-12_31PM-scaled.jpeg\",\"width\":2091,\"height\":2560},{\"@type\":\"BreadcrumbList\",\"@id\":\"https:\\\/\\\/benoit-barbagli.com\\\/articles\\\/detruire-largent\\\/#breadcrumb\",\"itemListElement\":[{\"@type\":\"ListItem\",\"position\":1,\"name\":\"Accueil\",\"item\":\"https:\\\/\\\/benoit-barbagli.com\\\/en\\\/\"},{\"@type\":\"ListItem\",\"position\":2,\"name\":\"store\",\"item\":\"https:\\\/\\\/benoit-barbagli.com\\\/en\\\/shop\\\/\"},{\"@type\":\"ListItem\",\"position\":3,\"name\":\"D\u00e9truire l&rsquo;argent\"}]},{\"@type\":\"WebSite\",\"@id\":\"https:\\\/\\\/benoit-barbagli.com\\\/en\\\/#website\",\"url\":\"https:\\\/\\\/benoit-barbagli.com\\\/en\\\/\",\"name\":\"benoit-barbagli.com\",\"description\":\"Sous le chaos, la vie\",\"publisher\":{\"@id\":\"https:\\\/\\\/benoit-barbagli.com\\\/en\\\/#\\\/schema\\\/person\\\/78c8df9be07e5f4f79d983f84aafeefd\"},\"potentialAction\":[{\"@type\":\"SearchAction\",\"target\":{\"@type\":\"EntryPoint\",\"urlTemplate\":\"https:\\\/\\\/benoit-barbagli.com\\\/en\\\/?s={search_term_string}\"},\"query-input\":{\"@type\":\"PropertyValueSpecification\",\"valueRequired\":true,\"valueName\":\"search_term_string\"}}],\"inLanguage\":\"en-US\"},{\"@type\":[\"Person\",\"Organization\"],\"@id\":\"https:\\\/\\\/benoit-barbagli.com\\\/en\\\/#\\\/schema\\\/person\\\/78c8df9be07e5f4f79d983f84aafeefd\",\"name\":\"benoitbarbagli\",\"image\":{\"@type\":\"ImageObject\",\"inLanguage\":\"en-US\",\"@id\":\"https:\\\/\\\/benoit-barbagli.com\\\/wp-content\\\/uploads\\\/2025\\\/04\\\/Sisyphe-V-V3-final-scaled.jpg\",\"url\":\"https:\\\/\\\/benoit-barbagli.com\\\/wp-content\\\/uploads\\\/2025\\\/04\\\/Sisyphe-V-V3-final-scaled.jpg\",\"contentUrl\":\"https:\\\/\\\/benoit-barbagli.com\\\/wp-content\\\/uploads\\\/2025\\\/04\\\/Sisyphe-V-V3-final-scaled.jpg\",\"width\":1713,\"height\":2560,\"caption\":\"benoitbarbagli\"},\"logo\":{\"@id\":\"https:\\\/\\\/benoit-barbagli.com\\\/wp-content\\\/uploads\\\/2025\\\/04\\\/Sisyphe-V-V3-final-scaled.jpg\"}}]}<\/script>\n<!-- \/ Yoast SEO plugin. -->","yoast_head_json":{"title":"D\u00e9truire l'argent - benoit-barbagli.com","robots":{"index":"index","follow":"follow","max-snippet":"max-snippet:-1","max-image-preview":"max-image-preview:large","max-video-preview":"max-video-preview:-1"},"canonical":"https:\/\/benoit-barbagli.com\/articles\/detruire-largent\/","og_locale":"en_US","og_type":"article","og_title":"D\u00e9truire l'argent - benoit-barbagli.com","og_description":"D\u00e9truire l'argent est une s\u00e9rie de onze pi\u00e8ces d'euro refondues et remoul\u00e9es par l'artiste Beno\u00eet Barbagli Vautier. Le processus est artisanal et d\u00e9lib\u00e9r\u00e9ment visible : des pi\u00e8ces achet\u00e9es dans le commerce, fondues dans un four \u00e0 haute temp\u00e9rature, coul\u00e9es dans un moule en r\u00e9sine calcinable par la technique de la cire perdue. Le m\u00e9tal s'\u00e9vapore l\u00e9g\u00e8rement dans le four \u2014 il y a des pertes. Aucune valeur n'est cr\u00e9\u00e9e, seulement transform\u00e9e, et partiellement d\u00e9truite. Chaque pi\u00e8ce conserve c\u00f4t\u00e9 pile sa valeur nominale officielle. C\u00f4t\u00e9 face, l'effigie r\u00e9publicaine est remplac\u00e9e par un symbole de contre-pouvoir : Extinction R\u00e9bellion, Gilet jaune, Mouvement autonome, Ne travaille jamais, Libert\u00e9 \u00c9galit\u00e9 Sororit\u00e9, Drapeau antifasciste, Soul\u00e8vements de la Terre, Siamo Tutti Antifascisti. Ce que vous acqu\u00e9rez n'est pas r\u00e9ductible \u00e0 sa mati\u00e8re ni \u00e0 sa raret\u00e9 \u2014 les fichiers 3D sont libres, n'importe qui peut en principe les reproduire. Sa valeur est dans ce qu'elle condense : un questionnement juridique sur les limites du droit mon\u00e9taire, un positionnement politique assum\u00e9, un geste artisanal pr\u00e9cis, une histoire collective. Elle est hors-cadre des deux syst\u00e8mes \u2014 ni monnaie officielle, ni art institutionnel. Chaque pi\u00e8ce est vendue en tant qu'\u0153uvre d'art, accompagn\u00e9e d'un certificat d'authenticit\u00e9 num\u00e9rot\u00e9 et d'une mise en garde explicite sur son statut juridique ind\u00e9termin\u00e9. Elle n'est pas destin\u00e9e \u00e0 \u00eatre introduite dans le circuit mon\u00e9taire.","og_url":"https:\/\/benoit-barbagli.com\/articles\/detruire-largent\/","og_site_name":"benoit-barbagli.com","og_image":[{"width":2091,"height":2560,"url":"https:\/\/benoit-barbagli.com\/wp-content\/uploads\/2026\/02\/Generated-Image-February-19-2026-12_31PM-scaled.jpeg","type":"image\/jpeg"}],"twitter_card":"summary_large_image","twitter_misc":{"Est. reading time":"1 minute"},"schema":{"@context":"https:\/\/schema.org","@graph":[{"@type":"WebPage","@id":"https:\/\/benoit-barbagli.com\/articles\/detruire-largent\/","url":"https:\/\/benoit-barbagli.com\/articles\/detruire-largent\/","name":"D\u00e9truire l'argent - benoit-barbagli.com","isPartOf":{"@id":"https:\/\/benoit-barbagli.com\/en\/#website"},"primaryImageOfPage":{"@id":"https:\/\/benoit-barbagli.com\/articles\/detruire-largent\/#primaryimage"},"image":{"@id":"https:\/\/benoit-barbagli.com\/articles\/detruire-largent\/#primaryimage"},"thumbnailUrl":"https:\/\/benoit-barbagli.com\/wp-content\/uploads\/2026\/02\/Generated-Image-February-19-2026-12_31PM-scaled.jpeg","datePublished":"2026-02-23T14:05:39+00:00","breadcrumb":{"@id":"https:\/\/benoit-barbagli.com\/articles\/detruire-largent\/#breadcrumb"},"inLanguage":"en-US","potentialAction":[{"@type":"ReadAction","target":["https:\/\/benoit-barbagli.com\/articles\/detruire-largent\/"]}]},{"@type":"ImageObject","inLanguage":"en-US","@id":"https:\/\/benoit-barbagli.com\/articles\/detruire-largent\/#primaryimage","url":"https:\/\/benoit-barbagli.com\/wp-content\/uploads\/2026\/02\/Generated-Image-February-19-2026-12_31PM-scaled.jpeg","contentUrl":"https:\/\/benoit-barbagli.com\/wp-content\/uploads\/2026\/02\/Generated-Image-February-19-2026-12_31PM-scaled.jpeg","width":2091,"height":2560},{"@type":"BreadcrumbList","@id":"https:\/\/benoit-barbagli.com\/articles\/detruire-largent\/#breadcrumb","itemListElement":[{"@type":"ListItem","position":1,"name":"Accueil","item":"https:\/\/benoit-barbagli.com\/en\/"},{"@type":"ListItem","position":2,"name":"store","item":"https:\/\/benoit-barbagli.com\/en\/shop\/"},{"@type":"ListItem","position":3,"name":"D\u00e9truire l&rsquo;argent"}]},{"@type":"WebSite","@id":"https:\/\/benoit-barbagli.com\/en\/#website","url":"https:\/\/benoit-barbagli.com\/en\/","name":"benoit-barbagli.com","description":"Sous le chaos, la vie","publisher":{"@id":"https:\/\/benoit-barbagli.com\/en\/#\/schema\/person\/78c8df9be07e5f4f79d983f84aafeefd"},"potentialAction":[{"@type":"SearchAction","target":{"@type":"EntryPoint","urlTemplate":"https:\/\/benoit-barbagli.com\/en\/?s={search_term_string}"},"query-input":{"@type":"PropertyValueSpecification","valueRequired":true,"valueName":"search_term_string"}}],"inLanguage":"en-US"},{"@type":["Person","Organization"],"@id":"https:\/\/benoit-barbagli.com\/en\/#\/schema\/person\/78c8df9be07e5f4f79d983f84aafeefd","name":"benoitbarbagli","image":{"@type":"ImageObject","inLanguage":"en-US","@id":"https:\/\/benoit-barbagli.com\/wp-content\/uploads\/2025\/04\/Sisyphe-V-V3-final-scaled.jpg","url":"https:\/\/benoit-barbagli.com\/wp-content\/uploads\/2025\/04\/Sisyphe-V-V3-final-scaled.jpg","contentUrl":"https:\/\/benoit-barbagli.com\/wp-content\/uploads\/2025\/04\/Sisyphe-V-V3-final-scaled.jpg","width":1713,"height":2560,"caption":"benoitbarbagli"},"logo":{"@id":"https:\/\/benoit-barbagli.com\/wp-content\/uploads\/2025\/04\/Sisyphe-V-V3-final-scaled.jpg"}}]}},"_links":{"self":[{"href":"https:\/\/benoit-barbagli.com\/en\/wp-json\/wp\/v2\/product\/94214","targetHints":{"allow":["GET"]}}],"collection":[{"href":"https:\/\/benoit-barbagli.com\/en\/wp-json\/wp\/v2\/product"}],"about":[{"href":"https:\/\/benoit-barbagli.com\/en\/wp-json\/wp\/v2\/types\/product"}],"replies":[{"embeddable":true,"href":"https:\/\/benoit-barbagli.com\/en\/wp-json\/wp\/v2\/comments?post=94214"}],"wp:featuredmedia":[{"embeddable":true,"href":"https:\/\/benoit-barbagli.com\/en\/wp-json\/wp\/v2\/media\/94184"}],"wp:attachment":[{"href":"https:\/\/benoit-barbagli.com\/en\/wp-json\/wp\/v2\/media?parent=94214"}],"wp:term":[{"taxonomy":"product_brand","embeddable":true,"href":"https:\/\/benoit-barbagli.com\/en\/wp-json\/wp\/v2\/product_brand?post=94214"},{"taxonomy":"product_cat","embeddable":true,"href":"https:\/\/benoit-barbagli.com\/en\/wp-json\/wp\/v2\/product_cat?post=94214"},{"taxonomy":"product_tag","embeddable":true,"href":"https:\/\/benoit-barbagli.com\/en\/wp-json\/wp\/v2\/product_tag?post=94214"}],"curies":[{"name":"wp","href":"https:\/\/api.w.org\/{rel}","templated":true}]}}